{"id":9883,"date":"2023-02-14T19:13:06","date_gmt":"2023-02-15T01:13:06","guid":{"rendered":"https:\/\/boma-usa.org\/?post_type=product&#038;p=9883"},"modified":"2024-12-13T10:08:28","modified_gmt":"2024-12-13T16:08:28","slug":"extension-course","status":"publish","type":"product","link":"https:\/\/boma-usa.org\/es\/producto\/extension-course\/","title":{"rendered":"Curso de extensi\u00f3n"},"content":{"rendered":"<p>Refuerce su base y aprenda a interpretar el gr\u00e1fico de problemas.<br \/>\nRegistro por primera vez: $400.<br \/>\nReinscripci\u00f3n: $250.<\/p>","protected":false},"excerpt":{"rendered":"<p>Refuerce sus bases y aprenda a interpretar el gr\u00e1fico de problemas. Inscripci\u00f3n por primera vez: $400. Reinscripci\u00f3n: $250.<\/p>","protected":false},"featured_media":21300,"template":"","meta":{"_acf_changed":false},"product_brand":[],"product_cat":[54],"product_tag":[78],"class_list":{"0":"post-9883","1":"product","2":"type-product","3":"status-publish","4":"has-post-thumbnail","6":"product_cat-courses-and-recorded-webinars","7":"product_tag-digital","8":"product_shipping_class-standard","10":"first","11":"instock","12":"shipping-taxable","13":"purchasable","14":"product-type-variable"},"acf":[],"_links":{"self":[{"href":"https:\/\/boma-usa.org\/es\/wp-json\/wp\/v2\/product\/9883","targetHints":{"allow":["GET"]}}],"collection":[{"href":"https:\/\/boma-usa.org\/es\/wp-json\/wp\/v2\/product"}],"about":[{"href":"https:\/\/boma-usa.org\/es\/wp-json\/wp\/v2\/types\/product"}],"version-history":[{"count":3,"href":"https:\/\/boma-usa.org\/es\/wp-json\/wp\/v2\/product\/9883\/revisions"}],"predecessor-version":[{"id":22537,"href":"https:\/\/boma-usa.org\/es\/wp-json\/wp\/v2\/product\/9883\/revisions\/22537"}],"wp:featuredmedia":[{"embeddable":true,"href":"https:\/\/boma-usa.org\/es\/wp-json\/wp\/v2\/media\/21300"}],"wp:attachment":[{"href":"https:\/\/boma-usa.org\/es\/wp-json\/wp\/v2\/media?parent=9883"}],"wp:term":[{"taxonomy":"product_brand","embeddable":true,"href":"https:\/\/boma-usa.org\/es\/wp-json\/wp\/v2\/product_brand?post=9883"},{"taxonomy":"product_cat","embeddable":true,"href":"https:\/\/boma-usa.org\/es\/wp-json\/wp\/v2\/product_cat?post=9883"},{"taxonomy":"product_tag","embeddable":true,"href":"https:\/\/boma-usa.org\/es\/wp-json\/wp\/v2\/product_tag?post=9883"}],"curies":[{"name":"wp","href":"https:\/\/api.w.org\/{rel}","templated":true}]}}