{"id":9845,"date":"2023-02-14T17:48:42","date_gmt":"2023-02-14T23:48:42","guid":{"rendered":"https:\/\/boma-usa.org\/?post_type=product&#038;p=9845"},"modified":"2026-02-04T20:01:18","modified_gmt":"2026-02-05T02:01:18","slug":"fertility-101-intro","status":"publish","type":"product","link":"https:\/\/boma-usa.org\/es\/producto\/fertility-101-intro\/","title":{"rendered":"Fertilidad 101: Introducci\u00f3n a la fertilidad"},"content":{"rendered":"<p><u>Fertilidad 101 Introducci\u00f3n<\/u> es una Introducci\u00f3n a la Fertilidad y a los gr\u00e1ficos. Este curso es ideal para parejas que desean una introducci\u00f3n a la planificaci\u00f3n familiar natural.<\/p>\n<p><i>Las clases se imparten en directo a trav\u00e9s de Zoom. Las clases se imparten dos veces al mes:<br \/>\n<\/i><\/p>\n<ul>\n<li>el 1er viernes a las 18h Central, O<\/li>\n<li>el 3er martes a las 19:30h Central<\/li>\n<\/ul>\n<p>&nbsp;<\/p>\n<p>Las sesiones privadas pueden solicitarse como opci\u00f3n a continuaci\u00f3n.<\/p>\n<div>\n<p>Se le enviar\u00e1 un enlace zoom para unirse a la sesi\u00f3n que prefiera.<\/p>\n<\/div>","protected":false},"excerpt":{"rendered":"<p>Fertilidad 101 Introducci\u00f3n es una introducci\u00f3n a la fertilidad y la cartograf\u00eda. Este curso es ideal para parejas que desean una Introducci\u00f3n a la Planificaci\u00f3n Familiar Natural. La clase se lleva a cabo en vivo a trav\u00e9s de Zoom. Las clases se imparten dos veces al mes: el 1er viernes a las 6pm Central, O el 3er martes a las 7:30pm Central Sesiones privadas pueden ser solicitadas [...]<\/p>","protected":false},"featured_media":23670,"template":"","meta":{"_acf_changed":false},"product_brand":[],"product_cat":[212,208,69],"product_tag":[210],"class_list":{"0":"post-9845","1":"product","2":"type-product","3":"status-publish","4":"has-post-thumbnail","6":"product_cat-fertility-101","7":"product_cat-optimizing-fertility","8":"product_cat-resources-for-nfp-users","9":"product_tag-fertility-101","10":"product_shipping_class-standard","12":"first","13":"instock","14":"shipping-taxable","15":"purchasable","16":"product-type-variable","17":"has-default-attributes"},"acf":[],"_links":{"self":[{"href":"https:\/\/boma-usa.org\/es\/wp-json\/wp\/v2\/product\/9845","targetHints":{"allow":["GET"]}}],"collection":[{"href":"https:\/\/boma-usa.org\/es\/wp-json\/wp\/v2\/product"}],"about":[{"href":"https:\/\/boma-usa.org\/es\/wp-json\/wp\/v2\/types\/product"}],"version-history":[{"count":3,"href":"https:\/\/boma-usa.org\/es\/wp-json\/wp\/v2\/product\/9845\/revisions"}],"predecessor-version":[{"id":23624,"href":"https:\/\/boma-usa.org\/es\/wp-json\/wp\/v2\/product\/9845\/revisions\/23624"}],"wp:featuredmedia":[{"embeddable":true,"href":"https:\/\/boma-usa.org\/es\/wp-json\/wp\/v2\/media\/23670"}],"wp:attachment":[{"href":"https:\/\/boma-usa.org\/es\/wp-json\/wp\/v2\/media?parent=9845"}],"wp:term":[{"taxonomy":"product_brand","embeddable":true,"href":"https:\/\/boma-usa.org\/es\/wp-json\/wp\/v2\/product_brand?post=9845"},{"taxonomy":"product_cat","embeddable":true,"href":"https:\/\/boma-usa.org\/es\/wp-json\/wp\/v2\/product_cat?post=9845"},{"taxonomy":"product_tag","embeddable":true,"href":"https:\/\/boma-usa.org\/es\/wp-json\/wp\/v2\/product_tag?post=9845"}],"curies":[{"name":"wp","href":"https:\/\/api.w.org\/{rel}","templated":true}]}}