{"id":9834,"date":"2023-02-14T16:06:55","date_gmt":"2023-02-14T22:06:55","guid":{"rendered":"https:\/\/boma-usa.org\/?post_type=product&#038;p=9834"},"modified":"2026-02-04T19:54:42","modified_gmt":"2026-02-05T01:54:42","slug":"the-billings-ovulation-method-of-nfp-marriage-prep","status":"publish","type":"product","link":"https:\/\/boma-usa.org\/es\/producto\/the-billings-ovulation-method-of-nfp-marriage-prep\/","title":{"rendered":"Fertilidad 101: Preparaci\u00f3n para el matrimonio"},"content":{"rendered":"<p><u>Fertilidad 101 Preparaci\u00f3n al matrimonio<\/u> es una Introducci\u00f3n a la Fertilidad y a la elaboraci\u00f3n de gr\u00e1ficos. Este curso es ideal para parejas que desean una Introducci\u00f3n a la Planificaci\u00f3n Familiar Natural como parte de la Preparaci\u00f3n Matrimonial.<\/p>\n<p><i>Las clases se imparten en directo a trav\u00e9s de Zoom. Las clases se imparten dos veces al mes:<br \/>\n<\/i><\/p>\n<ul>\n<li>el 1er viernes a las 18h Central, O<\/li>\n<li>el 3er martes a las 19:30h Central<\/li>\n<\/ul>\n<p>&nbsp;<\/p>\n<p>Las sesiones privadas pueden solicitarse como opci\u00f3n a continuaci\u00f3n.<\/p>\n<div>\n<p>Se le enviar\u00e1 un enlace zoom para unirse a la sesi\u00f3n que prefiera.<\/p>\n<\/div>","protected":false},"excerpt":{"rendered":"<p>Fertilidad 101 Preparaci\u00f3n Matrimonial es una Introducci\u00f3n a la Fertilidad y a los gr\u00e1ficos. Este curso es ideal para parejas que desean una Introducci\u00f3n a la Planificaci\u00f3n Familiar Natural como parte de la Preparaci\u00f3n Matrimonial. La clase se lleva a cabo en vivo a trav\u00e9s de Zoom. Las clases se imparten dos veces al mes: el 1er viernes a las 6pm Central, O el 3er martes a las 7:30pm Central [...]<\/p>","protected":false},"featured_media":23400,"template":"","meta":{"_acf_changed":false},"product_brand":[],"product_cat":[212,69],"product_tag":[210],"class_list":{"0":"post-9834","1":"product","2":"type-product","3":"status-publish","4":"has-post-thumbnail","6":"product_cat-fertility-101","7":"product_cat-resources-for-nfp-users","8":"product_tag-fertility-101","9":"product_shipping_class-standard","11":"first","12":"instock","13":"shipping-taxable","14":"purchasable","15":"product-type-variable","16":"has-default-attributes"},"acf":[],"_links":{"self":[{"href":"https:\/\/boma-usa.org\/es\/wp-json\/wp\/v2\/product\/9834","targetHints":{"allow":["GET"]}}],"collection":[{"href":"https:\/\/boma-usa.org\/es\/wp-json\/wp\/v2\/product"}],"about":[{"href":"https:\/\/boma-usa.org\/es\/wp-json\/wp\/v2\/types\/product"}],"version-history":[{"count":8,"href":"https:\/\/boma-usa.org\/es\/wp-json\/wp\/v2\/product\/9834\/revisions"}],"predecessor-version":[{"id":23313,"href":"https:\/\/boma-usa.org\/es\/wp-json\/wp\/v2\/product\/9834\/revisions\/23313"}],"wp:featuredmedia":[{"embeddable":true,"href":"https:\/\/boma-usa.org\/es\/wp-json\/wp\/v2\/media\/23400"}],"wp:attachment":[{"href":"https:\/\/boma-usa.org\/es\/wp-json\/wp\/v2\/media?parent=9834"}],"wp:term":[{"taxonomy":"product_brand","embeddable":true,"href":"https:\/\/boma-usa.org\/es\/wp-json\/wp\/v2\/product_brand?post=9834"},{"taxonomy":"product_cat","embeddable":true,"href":"https:\/\/boma-usa.org\/es\/wp-json\/wp\/v2\/product_cat?post=9834"},{"taxonomy":"product_tag","embeddable":true,"href":"https:\/\/boma-usa.org\/es\/wp-json\/wp\/v2\/product_tag?post=9834"}],"curies":[{"name":"wp","href":"https:\/\/api.w.org\/{rel}","templated":true}]}}