{"id":9634,"date":"2023-02-09T09:21:49","date_gmt":"2023-02-09T15:21:49","guid":{"rendered":"https:\/\/events.boma-usa.org\/?post_type=product&#038;p=9634"},"modified":"2024-05-28T15:00:20","modified_gmt":"2024-05-28T21:00:20","slug":"chart-and-stamp-package","status":"publish","type":"product","link":"https:\/\/boma-usa.org\/es\/producto\/chart-and-stamp-package\/","title":{"rendered":"Paquete de cartas y sellos"},"content":{"rendered":"<p>Nuestro paquete de gr\u00e1ficos y adhesivos incluye 2 gr\u00e1ficos del m\u00e9todo Billings y un paquete de adhesivos para gr\u00e1ficos.<\/p>","protected":false},"excerpt":{"rendered":"<p>Nuestro paquete de gr\u00e1ficos y adhesivos incluye 2 gr\u00e1ficos del m\u00e9todo Billings y un paquete de adhesivos para gr\u00e1ficos.<\/p>","protected":false},"featured_media":9635,"template":"","meta":{"_acf_changed":false},"product_brand":[],"product_cat":[68],"product_tag":[77],"class_list":{"0":"post-9634","1":"product","2":"type-product","3":"status-publish","4":"has-post-thumbnail","6":"product_cat-resources-for-nfp-practitioners-supporters","7":"product_tag-physical","8":"product_shipping_class-standard","10":"first","11":"instock","12":"shipping-taxable","13":"purchasable","14":"product-type-variable"},"acf":[],"_links":{"self":[{"href":"https:\/\/boma-usa.org\/es\/wp-json\/wp\/v2\/product\/9634","targetHints":{"allow":["GET"]}}],"collection":[{"href":"https:\/\/boma-usa.org\/es\/wp-json\/wp\/v2\/product"}],"about":[{"href":"https:\/\/boma-usa.org\/es\/wp-json\/wp\/v2\/types\/product"}],"version-history":[{"count":1,"href":"https:\/\/boma-usa.org\/es\/wp-json\/wp\/v2\/product\/9634\/revisions"}],"predecessor-version":[{"id":21693,"href":"https:\/\/boma-usa.org\/es\/wp-json\/wp\/v2\/product\/9634\/revisions\/21693"}],"wp:featuredmedia":[{"embeddable":true,"href":"https:\/\/boma-usa.org\/es\/wp-json\/wp\/v2\/media\/9635"}],"wp:attachment":[{"href":"https:\/\/boma-usa.org\/es\/wp-json\/wp\/v2\/media?parent=9634"}],"wp:term":[{"taxonomy":"product_brand","embeddable":true,"href":"https:\/\/boma-usa.org\/es\/wp-json\/wp\/v2\/product_brand?post=9634"},{"taxonomy":"product_cat","embeddable":true,"href":"https:\/\/boma-usa.org\/es\/wp-json\/wp\/v2\/product_cat?post=9634"},{"taxonomy":"product_tag","embeddable":true,"href":"https:\/\/boma-usa.org\/es\/wp-json\/wp\/v2\/product_tag?post=9634"}],"curies":[{"name":"wp","href":"https:\/\/api.w.org\/{rel}","templated":true}]}}