{"id":9628,"date":"2023-02-09T09:19:21","date_gmt":"2023-02-09T15:19:21","guid":{"rendered":"https:\/\/events.boma-usa.org\/?post_type=product&#038;p=9628"},"modified":"2023-02-09T22:13:24","modified_gmt":"2023-02-10T04:13:24","slug":"billings-method-charts-english-spanish-sold-only-in-sets-of-5","status":"publish","type":"product","link":"https:\/\/boma-usa.org\/es\/producto\/billings-method-charts-english-spanish-sold-only-in-sets-of-5\/","title":{"rendered":"Tablas del M\u00e9todo Billings - Ingl\u00e9s y Espa\u00f1ol - (Se venden s\u00f3lo en juegos de 5)"},"content":{"rendered":"<p>Una opci\u00f3n en papel para llevar un registro diario de las observaciones, con instrucciones y un repaso de las 4 reglas sencillas.<\/p>\n<p>Los gr\u00e1ficos del m\u00e9todo Billings s\u00f3lo est\u00e1n disponibles en juegos de 5 unidades.<\/p>\n<p>Lote de 5 No socios $5.00; Socios $3.75<\/p>\n<p>&nbsp;<\/p>","protected":false},"excerpt":{"rendered":"<p>Una opci\u00f3n en papel para llevar su registro diario de observaciones, con instrucciones y repaso de las 4 sencillas reglas. Las tablas del m\u00e9todo Billings s\u00f3lo est\u00e1n disponibles en juegos de 5 Juego de 5 No Miembros $5.00; Miembros $3.75 &nbsp;<\/p>","protected":false},"featured_media":9629,"template":"","meta":{"_acf_changed":false},"product_brand":[],"product_cat":[68],"product_tag":[72,77],"class_list":{"0":"post-9628","1":"product","2":"type-product","3":"status-publish","4":"has-post-thumbnail","6":"product_cat-resources-for-nfp-practitioners-supporters","7":"product_tag-member-discount","8":"product_tag-physical","9":"product_shipping_class-standard","11":"first","12":"instock","13":"purchasable","14":"product-type-variable"},"acf":[],"_links":{"self":[{"href":"https:\/\/boma-usa.org\/es\/wp-json\/wp\/v2\/product\/9628","targetHints":{"allow":["GET"]}}],"collection":[{"href":"https:\/\/boma-usa.org\/es\/wp-json\/wp\/v2\/product"}],"about":[{"href":"https:\/\/boma-usa.org\/es\/wp-json\/wp\/v2\/types\/product"}],"version-history":[{"count":0,"href":"https:\/\/boma-usa.org\/es\/wp-json\/wp\/v2\/product\/9628\/revisions"}],"wp:featuredmedia":[{"embeddable":true,"href":"https:\/\/boma-usa.org\/es\/wp-json\/wp\/v2\/media\/9629"}],"wp:attachment":[{"href":"https:\/\/boma-usa.org\/es\/wp-json\/wp\/v2\/media?parent=9628"}],"wp:term":[{"taxonomy":"product_brand","embeddable":true,"href":"https:\/\/boma-usa.org\/es\/wp-json\/wp\/v2\/product_brand?post=9628"},{"taxonomy":"product_cat","embeddable":true,"href":"https:\/\/boma-usa.org\/es\/wp-json\/wp\/v2\/product_cat?post=9628"},{"taxonomy":"product_tag","embeddable":true,"href":"https:\/\/boma-usa.org\/es\/wp-json\/wp\/v2\/product_tag?post=9628"}],"curies":[{"name":"wp","href":"https:\/\/api.w.org\/{rel}","templated":true}]}}