{"id":8474,"date":"2023-01-07T13:30:30","date_gmt":"2023-01-07T19:30:30","guid":{"rendered":"https:\/\/events.boma-usa.org\/?post_type=product&#038;p=8474"},"modified":"2024-08-16T09:52:12","modified_gmt":"2024-08-16T15:52:12","slug":"pure-and-simple-presentation-2","status":"publish","type":"product","link":"https:\/\/boma-usa.org\/es\/producto\/pure-and-simple-presentation-2\/","title":{"rendered":"Puro y simple Presentaci\u00f3n"},"content":{"rendered":"<p><strong>\u00a1Puro y simple!<\/strong><\/p>\n<p>La presentaci\u00f3n \u00a1Puro y simple! est\u00e1 dise\u00f1ada para los profesores de Billings, que necesitan una presentaci\u00f3n m\u00e1s breve para explicar los fundamentos y las ventajas del M\u00e9todo de la ovulaci\u00f3n Billings.<\/p>\n<p>Recuerda que Puro y Simple no debe ser usado para ense\u00f1ar el M\u00e9todo Billings. Se espera que los profesores de BOMA-USA utilicen los PowerPoints de BOMA, Partes 1 y 2, para ense\u00f1ar el M\u00e9todo.<\/p>\n<p>(Se trata de una presentaci\u00f3n en Power Point, por lo que necesitar\u00e1 tener instalado Power Point en su ordenador para poder verla. Dado que la presentaci\u00f3n se cre\u00f3 con una secuencia espec\u00edfica de las diapositivas de BOMA, le rogamos que no la altere en modo alguno).<\/p>\n<p>Disponible en ingl\u00e9s y espa\u00f1ol.<\/p>\n<p><strong>Tras realizar el pago a trav\u00e9s de nuestra tienda (o enviando un cheque por correo), la presentaci\u00f3n se enviar\u00e1 por correo electr\u00f3nico.<\/strong><\/p>\n<p>Para enviar un cheque por correo:<\/p>\n<p>BOMA-USA<\/p>\n<p>Apartado de correos 2135<\/p>\n<p>St. Cloud, MN 56302<\/p>","protected":false},"excerpt":{"rendered":"<p>\u00a1Puro y simple! La presentaci\u00f3n \u00a1Puro y Simple! est\u00e1 dise\u00f1ada para los Profesores Billings, que necesitan una presentaci\u00f3n m\u00e1s corta para explicar los fundamentos y las ventajas del M\u00e9todo de la Ovulaci\u00f3n Billings. Recuerde que Puro y Simple no debe usarse para ense\u00f1ar el M\u00e9todo Billings. Se espera que los Profesores de BOMA-USA utilicen los PowerPoints de BOMA, Partes 1 y [...]<\/p>","protected":false},"featured_media":8475,"template":"","meta":{"_acf_changed":false},"product_brand":[],"product_cat":[68],"product_tag":[78],"class_list":{"0":"post-8474","1":"product","2":"type-product","3":"status-publish","4":"has-post-thumbnail","6":"product_cat-resources-for-nfp-practitioners-supporters","7":"product_tag-digital","8":"product_shipping_class-standard","10":"first","11":"instock","12":"shipping-taxable","13":"product-type-variable"},"acf":[],"_links":{"self":[{"href":"https:\/\/boma-usa.org\/es\/wp-json\/wp\/v2\/product\/8474","targetHints":{"allow":["GET"]}}],"collection":[{"href":"https:\/\/boma-usa.org\/es\/wp-json\/wp\/v2\/product"}],"about":[{"href":"https:\/\/boma-usa.org\/es\/wp-json\/wp\/v2\/types\/product"}],"version-history":[{"count":1,"href":"https:\/\/boma-usa.org\/es\/wp-json\/wp\/v2\/product\/8474\/revisions"}],"predecessor-version":[{"id":21973,"href":"https:\/\/boma-usa.org\/es\/wp-json\/wp\/v2\/product\/8474\/revisions\/21973"}],"wp:featuredmedia":[{"embeddable":true,"href":"https:\/\/boma-usa.org\/es\/wp-json\/wp\/v2\/media\/8475"}],"wp:attachment":[{"href":"https:\/\/boma-usa.org\/es\/wp-json\/wp\/v2\/media?parent=8474"}],"wp:term":[{"taxonomy":"product_brand","embeddable":true,"href":"https:\/\/boma-usa.org\/es\/wp-json\/wp\/v2\/product_brand?post=8474"},{"taxonomy":"product_cat","embeddable":true,"href":"https:\/\/boma-usa.org\/es\/wp-json\/wp\/v2\/product_cat?post=8474"},{"taxonomy":"product_tag","embeddable":true,"href":"https:\/\/boma-usa.org\/es\/wp-json\/wp\/v2\/product_tag?post=8474"}],"curies":[{"name":"wp","href":"https:\/\/api.w.org\/{rel}","templated":true}]}}