{"id":8472,"date":"2023-01-07T13:29:30","date_gmt":"2023-01-07T19:29:30","guid":{"rendered":"https:\/\/events.boma-usa.org\/?post_type=product&#038;p=8472"},"modified":"2023-02-09T22:14:34","modified_gmt":"2023-02-10T04:14:34","slug":"boma-usa-folder-sets-of-5","status":"publish","type":"product","link":"https:\/\/boma-usa.org\/es\/producto\/boma-usa-folder-sets-of-5\/","title":{"rendered":"Carpeta BOMA-USA (Juegos de 5)"},"content":{"rendered":"<p>2 carpetas de bolsillo con el logotipo de BOMA-USA para gr\u00e1ficos, pegatinas, folletos, etc.<\/p>\n<p>Son ideales para que los profesores de BOMA-USA los compren para sus alumnos, pero tambi\u00e9n pueden utilizarlos otras personas.<\/p>\n<p>Las carpetas s\u00f3lo se venden en lotes de 5<\/p>\n<p>(Juego de 5 No Miembros $15.00; Miembros $12.50)<\/p>","protected":false},"excerpt":{"rendered":"<p>2 carpetas de bolsillo con el logo de BOMA-USA para gr\u00e1ficos, calcoman\u00edas, folletos, etc. Son ideales para que los profesores de BOMA-USA las compren para sus alumnos, pero tambi\u00e9n pueden usarlas otras personas. Las carpetas s\u00f3lo se venden en juegos de 5 (Juego de 5 No Miembros $15.00; Miembros $12.50)<\/p>","protected":false},"featured_media":8473,"template":"","meta":{"_acf_changed":false},"product_brand":[],"product_cat":[68],"product_tag":[72,77],"class_list":{"0":"post-8472","1":"product","2":"type-product","3":"status-publish","4":"has-post-thumbnail","6":"product_cat-resources-for-nfp-practitioners-supporters","7":"product_tag-member-discount","8":"product_tag-physical","9":"product_shipping_class-standard","11":"first","12":"instock","13":"purchasable","14":"product-type-simple"},"acf":[],"_links":{"self":[{"href":"https:\/\/boma-usa.org\/es\/wp-json\/wp\/v2\/product\/8472","targetHints":{"allow":["GET"]}}],"collection":[{"href":"https:\/\/boma-usa.org\/es\/wp-json\/wp\/v2\/product"}],"about":[{"href":"https:\/\/boma-usa.org\/es\/wp-json\/wp\/v2\/types\/product"}],"version-history":[{"count":0,"href":"https:\/\/boma-usa.org\/es\/wp-json\/wp\/v2\/product\/8472\/revisions"}],"wp:featuredmedia":[{"embeddable":true,"href":"https:\/\/boma-usa.org\/es\/wp-json\/wp\/v2\/media\/8473"}],"wp:attachment":[{"href":"https:\/\/boma-usa.org\/es\/wp-json\/wp\/v2\/media?parent=8472"}],"wp:term":[{"taxonomy":"product_brand","embeddable":true,"href":"https:\/\/boma-usa.org\/es\/wp-json\/wp\/v2\/product_brand?post=8472"},{"taxonomy":"product_cat","embeddable":true,"href":"https:\/\/boma-usa.org\/es\/wp-json\/wp\/v2\/product_cat?post=8472"},{"taxonomy":"product_tag","embeddable":true,"href":"https:\/\/boma-usa.org\/es\/wp-json\/wp\/v2\/product_tag?post=8472"}],"curies":[{"name":"wp","href":"https:\/\/api.w.org\/{rel}","templated":true}]}}