{"id":8470,"date":"2023-01-07T13:27:47","date_gmt":"2023-01-07T19:27:47","guid":{"rendered":"https:\/\/events.boma-usa.org\/?post_type=product&#038;p=8470"},"modified":"2023-02-09T22:13:02","modified_gmt":"2023-02-10T04:13:02","slug":"a-review-the-billings-ovulation-method-booklet-english-spanish","status":"publish","type":"product","link":"https:\/\/boma-usa.org\/es\/producto\/a-review-the-billings-ovulation-method-booklet-english-spanish\/","title":{"rendered":"Rese\u00f1a - Folleto sobre el m\u00e9todo de la ovulaci\u00f3n Billings - Ingl\u00e9s y espa\u00f1ol"},"content":{"rendered":"<p>Este folleto es un complemento de la presentaci\u00f3n did\u00e1ctica en PowerPoint de BOMA-USA. Debe utilizarse como repaso despu\u00e9s de la instrucci\u00f3n inicial del M\u00e9todo de la Ovulaci\u00f3n Billings.<\/p>\n<p>S\u00f3lo se vende en lotes de 5 cuadernillos<\/p>\n<p>Sets de 5 folletos para No socios $25.00; Socios $20.00<\/p>","protected":false},"excerpt":{"rendered":"<p>Este folleto es un complemento de la presentaci\u00f3n did\u00e1ctica en PowerPoint de BOMA-USA. Debe utilizarse como repaso despu\u00e9s de la instrucci\u00f3n inicial del M\u00e9todo de la Ovulaci\u00f3n Billings. Se vende s\u00f3lo en juegos de 5 folletos Juegos de 5 folletos para No miembros $25.00; Miembros $20.00<\/p>","protected":false},"featured_media":8471,"template":"","meta":{"_acf_changed":false},"product_brand":[],"product_cat":[68],"product_tag":[72,77],"class_list":{"0":"post-8470","1":"product","2":"type-product","3":"status-publish","4":"has-post-thumbnail","6":"product_cat-resources-for-nfp-practitioners-supporters","7":"product_tag-member-discount","8":"product_tag-physical","9":"product_shipping_class-standard","11":"first","12":"instock","13":"purchasable","14":"product-type-variable"},"acf":[],"_links":{"self":[{"href":"https:\/\/boma-usa.org\/es\/wp-json\/wp\/v2\/product\/8470","targetHints":{"allow":["GET"]}}],"collection":[{"href":"https:\/\/boma-usa.org\/es\/wp-json\/wp\/v2\/product"}],"about":[{"href":"https:\/\/boma-usa.org\/es\/wp-json\/wp\/v2\/types\/product"}],"version-history":[{"count":0,"href":"https:\/\/boma-usa.org\/es\/wp-json\/wp\/v2\/product\/8470\/revisions"}],"wp:featuredmedia":[{"embeddable":true,"href":"https:\/\/boma-usa.org\/es\/wp-json\/wp\/v2\/media\/8471"}],"wp:attachment":[{"href":"https:\/\/boma-usa.org\/es\/wp-json\/wp\/v2\/media?parent=8470"}],"wp:term":[{"taxonomy":"product_brand","embeddable":true,"href":"https:\/\/boma-usa.org\/es\/wp-json\/wp\/v2\/product_brand?post=8470"},{"taxonomy":"product_cat","embeddable":true,"href":"https:\/\/boma-usa.org\/es\/wp-json\/wp\/v2\/product_cat?post=8470"},{"taxonomy":"product_tag","embeddable":true,"href":"https:\/\/boma-usa.org\/es\/wp-json\/wp\/v2\/product_tag?post=8470"}],"curies":[{"name":"wp","href":"https:\/\/api.w.org\/{rel}","templated":true}]}}