{"id":8468,"date":"2023-01-07T13:25:49","date_gmt":"2023-01-07T19:25:49","guid":{"rendered":"https:\/\/events.boma-usa.org\/?post_type=product&#038;p=8468"},"modified":"2023-02-09T22:13:47","modified_gmt":"2023-02-10T04:13:47","slug":"boma-usa-2-part-teaching-presentation-english-or-spanish","status":"publish","type":"product","link":"https:\/\/boma-usa.org\/es\/producto\/boma-usa-2-part-teaching-presentation-english-or-spanish\/","title":{"rendered":"Presentaci\u00f3n did\u00e1ctica en 2 partes de BOMA-USA - Ingl\u00e9s o espa\u00f1ol"},"content":{"rendered":"<p><span style=\"color: #c23b3b;\">Esta presentaci\u00f3n did\u00e1ctica s\u00f3lo est\u00e1 disponible para quienes hayan completado una de nuestras formaciones y est\u00e9n capacitados para ense\u00f1ar. Contacto\u00a0<a href=\"mailto:boma@boma-usa.org\">boma@boma-usa.org<\/a><\/span><span style=\"color: #c23b3b;\">para m\u00e1s informaci\u00f3n o para comprar.<\/span><\/p>\n<p>Se ofrece \u00fanicamente como descarga digital.<br \/>\nDescarga digital $30<br \/>\n<span style=\"font-size: small;\">(La descarga digital es una presentaci\u00f3n en Power Point, por lo que necesitar\u00e1 tener instalado Power Point en su ordenador para poder verla)<\/span><\/p>\n<p><span style=\"font-size: medium;\">La primera parte de esta presentaci\u00f3n en PowerPoint es utilizada por los instructores de BOMA-USA para dar la instrucci\u00f3n inicial sobre el M\u00e9todo de la Ovulaci\u00f3n Billings\u00ae. La 2\u00aa parte incluye informaci\u00f3n adicional y revisiones que son \u00fatiles para la instrucci\u00f3n adicional y el seguimiento.<\/span><\/p>","protected":false},"excerpt":{"rendered":"<p>Esta presentaci\u00f3n did\u00e1ctica s\u00f3lo est\u00e1 disponible para quienes hayan completado uno de nuestros cursos de formaci\u00f3n y est\u00e9n capacitados para ense\u00f1ar. P\u00f3ngase en contacto con boma@boma-usa.org para obtener m\u00e1s informaci\u00f3n o para adquirirla. Se ofrece \u00fanicamente como descarga digital. Descarga digital $30 (La descarga digital es una presentaci\u00f3n en Power Point, por lo que necesitar\u00e1 tener instalado [...]<\/p>","protected":false},"featured_media":8469,"template":"","meta":{"_acf_changed":false},"product_brand":[],"product_cat":[68],"product_tag":[77],"class_list":{"0":"post-8468","1":"product","2":"type-product","3":"status-publish","4":"has-post-thumbnail","6":"product_cat-resources-for-nfp-practitioners-supporters","7":"product_tag-physical","8":"product_shipping_class-standard","10":"first","11":"instock","12":"purchasable","13":"product-type-variable"},"acf":[],"_links":{"self":[{"href":"https:\/\/boma-usa.org\/es\/wp-json\/wp\/v2\/product\/8468","targetHints":{"allow":["GET"]}}],"collection":[{"href":"https:\/\/boma-usa.org\/es\/wp-json\/wp\/v2\/product"}],"about":[{"href":"https:\/\/boma-usa.org\/es\/wp-json\/wp\/v2\/types\/product"}],"version-history":[{"count":0,"href":"https:\/\/boma-usa.org\/es\/wp-json\/wp\/v2\/product\/8468\/revisions"}],"wp:featuredmedia":[{"embeddable":true,"href":"https:\/\/boma-usa.org\/es\/wp-json\/wp\/v2\/media\/8469"}],"wp:attachment":[{"href":"https:\/\/boma-usa.org\/es\/wp-json\/wp\/v2\/media?parent=8468"}],"wp:term":[{"taxonomy":"product_brand","embeddable":true,"href":"https:\/\/boma-usa.org\/es\/wp-json\/wp\/v2\/product_brand?post=8468"},{"taxonomy":"product_cat","embeddable":true,"href":"https:\/\/boma-usa.org\/es\/wp-json\/wp\/v2\/product_cat?post=8468"},{"taxonomy":"product_tag","embeddable":true,"href":"https:\/\/boma-usa.org\/es\/wp-json\/wp\/v2\/product_tag?post=8468"}],"curies":[{"name":"wp","href":"https:\/\/api.w.org\/{rel}","templated":true}]}}