{"id":8466,"date":"2023-01-07T13:23:01","date_gmt":"2023-01-07T19:23:01","guid":{"rendered":"https:\/\/events.boma-usa.org\/?post_type=product&#038;p=8466"},"modified":"2023-07-13T14:51:03","modified_gmt":"2023-07-13T20:51:03","slug":"how-the-60s-free-love-movement-brought-us-to-this-point","status":"publish","type":"product","link":"https:\/\/boma-usa.org\/es\/producto\/how-the-60s-free-love-movement-brought-us-to-this-point\/","title":{"rendered":"C\u00f3mo el movimiento por el amor libre de los a\u00f1os 60 nos ha tra\u00eddo hasta aqu\u00ed"},"content":{"rendered":"<p>La historia de los Billings, la PFN y la p\u00edldora<\/p>\n<p>Este hermoso documental examina la historia de los desarrollos paralelos de la p\u00edldora y la moderna planificaci\u00f3n familiar natural (PFN), contando la historia poco conocida de los m\u00e9dicos fundadores: el Dr. Gregory Goodwin Pincus trabajaba en el desarrollo de la p\u00edldora anticonceptiva, mientras que los doctores John y Evelyn Billings desarrollaban el M\u00e9todo de la Ovulaci\u00f3n Billings\u00ae. Conozca c\u00f3mo el profesor James Brown, que trabaj\u00f3 inicialmente con Pincus, reorient\u00f3 su investigaci\u00f3n en apoyo de la PFN.<\/p>\n<p><a href=\"https:\/\/www.youtube.com\/watch?v=zj0L3IIS8mA\">https:\/\/www.youtube.com\/watch?v=zj0L3IIS8mA<\/a><\/p>","protected":false},"excerpt":{"rendered":"<p>La historia de los Billings, la PFN y la p\u00edldora Este hermoso documental examina la historia de los desarrollos paralelos de la p\u00edldora y la moderna planificaci\u00f3n familiar natural (PFN) contando la historia poco conocida de los m\u00e9dicos fundadores: el Dr. Gregory Goodwin Pincus trabajaba en el desarrollo de la p\u00edldora anticonceptiva mientras que los Dres. John &amp; [...]<\/p>","protected":false},"featured_media":8467,"template":"","meta":{"_acf_changed":false},"product_brand":[],"product_cat":[70],"product_tag":[77],"class_list":{"0":"post-8466","1":"product","2":"type-product","3":"status-publish","4":"has-post-thumbnail","6":"product_cat-books-and-media","7":"product_tag-physical","8":"product_shipping_class-standard","10":"first","11":"instock","12":"shipping-taxable","13":"purchasable","14":"product-type-simple"},"acf":[],"_links":{"self":[{"href":"https:\/\/boma-usa.org\/es\/wp-json\/wp\/v2\/product\/8466","targetHints":{"allow":["GET"]}}],"collection":[{"href":"https:\/\/boma-usa.org\/es\/wp-json\/wp\/v2\/product"}],"about":[{"href":"https:\/\/boma-usa.org\/es\/wp-json\/wp\/v2\/types\/product"}],"version-history":[{"count":0,"href":"https:\/\/boma-usa.org\/es\/wp-json\/wp\/v2\/product\/8466\/revisions"}],"wp:featuredmedia":[{"embeddable":true,"href":"https:\/\/boma-usa.org\/es\/wp-json\/wp\/v2\/media\/8467"}],"wp:attachment":[{"href":"https:\/\/boma-usa.org\/es\/wp-json\/wp\/v2\/media?parent=8466"}],"wp:term":[{"taxonomy":"product_brand","embeddable":true,"href":"https:\/\/boma-usa.org\/es\/wp-json\/wp\/v2\/product_brand?post=8466"},{"taxonomy":"product_cat","embeddable":true,"href":"https:\/\/boma-usa.org\/es\/wp-json\/wp\/v2\/product_cat?post=8466"},{"taxonomy":"product_tag","embeddable":true,"href":"https:\/\/boma-usa.org\/es\/wp-json\/wp\/v2\/product_tag?post=8466"}],"curies":[{"name":"wp","href":"https:\/\/api.w.org\/{rel}","templated":true}]}}