{"id":8464,"date":"2023-01-07T13:21:43","date_gmt":"2023-01-07T19:21:43","guid":{"rendered":"https:\/\/events.boma-usa.org\/?post_type=product&#038;p=8464"},"modified":"2023-08-24T11:38:51","modified_gmt":"2023-08-24T17:38:51","slug":"teaching-the-billings-ovulation-method-part-one","status":"publish","type":"product","link":"https:\/\/boma-usa.org\/es\/producto\/teaching-the-billings-ovulation-method-part-one\/","title":{"rendered":"Ense\u00f1anza del m\u00e9todo de la ovulaci\u00f3n Billings, primera parte"},"content":{"rendered":"<p>Este folleto trata sobre la Correlaci\u00f3n de los Acontecimientos Fisiol\u00f3gicos del Ciclo Reproductivo Femenino con las Observaciones Realizadas en la Vulva. Es una gu\u00eda pr\u00e1ctica del M\u00e9todo de la Ovulaci\u00f3n Billings.<\/p>\n<p>Precio No Miembros $6.00; Miembros $5.25<\/p>","protected":false},"excerpt":{"rendered":"<p>Este folleto trata sobre la Correlaci\u00f3n de los Acontecimientos Fisiol\u00f3gicos del Ciclo Reproductivo Femenino con las Observaciones Realizadas en la Vulva. Es una gu\u00eda pr\u00e1ctica del M\u00e9todo de la Ovulaci\u00f3n Billings. Precio No Miembros $6.00; Miembros $5.25<\/p>","protected":false},"featured_media":8465,"template":"","meta":{"_acf_changed":false},"product_brand":[],"product_cat":[70],"product_tag":[77],"class_list":{"0":"post-8464","1":"product","2":"type-product","3":"status-publish","4":"has-post-thumbnail","6":"product_cat-books-and-media","7":"product_tag-physical","8":"product_shipping_class-standard","10":"first","11":"instock","12":"shipping-taxable","13":"purchasable","14":"product-type-simple"},"acf":[],"_links":{"self":[{"href":"https:\/\/boma-usa.org\/es\/wp-json\/wp\/v2\/product\/8464","targetHints":{"allow":["GET"]}}],"collection":[{"href":"https:\/\/boma-usa.org\/es\/wp-json\/wp\/v2\/product"}],"about":[{"href":"https:\/\/boma-usa.org\/es\/wp-json\/wp\/v2\/types\/product"}],"version-history":[{"count":0,"href":"https:\/\/boma-usa.org\/es\/wp-json\/wp\/v2\/product\/8464\/revisions"}],"wp:featuredmedia":[{"embeddable":true,"href":"https:\/\/boma-usa.org\/es\/wp-json\/wp\/v2\/media\/8465"}],"wp:attachment":[{"href":"https:\/\/boma-usa.org\/es\/wp-json\/wp\/v2\/media?parent=8464"}],"wp:term":[{"taxonomy":"product_brand","embeddable":true,"href":"https:\/\/boma-usa.org\/es\/wp-json\/wp\/v2\/product_brand?post=8464"},{"taxonomy":"product_cat","embeddable":true,"href":"https:\/\/boma-usa.org\/es\/wp-json\/wp\/v2\/product_cat?post=8464"},{"taxonomy":"product_tag","embeddable":true,"href":"https:\/\/boma-usa.org\/es\/wp-json\/wp\/v2\/product_tag?post=8464"}],"curies":[{"name":"wp","href":"https:\/\/api.w.org\/{rel}","templated":true}]}}