{"id":8463,"date":"2023-01-07T13:20:28","date_gmt":"2023-01-07T19:20:28","guid":{"rendered":"https:\/\/events.boma-usa.org\/?post_type=product&#038;p=8463"},"modified":"2023-08-24T11:37:21","modified_gmt":"2023-08-24T17:37:21","slug":"understanding-couples-fertility","status":"publish","type":"product","link":"https:\/\/boma-usa.org\/es\/producto\/understanding-couples-fertility\/","title":{"rendered":"Comprender la fertilidad de las parejas"},"content":{"rendered":"<p>Este folleto describe el M\u00e9todo de la Ovulaci\u00f3n Billings, que es un m\u00e9todo natural de gesti\u00f3n de la fertilidad de la pareja, basado en la comprensi\u00f3n de la importancia del moco cervical como marcador de la fertilidad.<\/p>\n<p>No miembro $7.50; Miembro $6.75<\/p>","protected":false},"excerpt":{"rendered":"<p>Este folleto describe el M\u00e9todo de la Ovulaci\u00f3n Billings, que es un m\u00e9todo natural de gesti\u00f3n de la fertilidad combinada de la pareja, basado en la comprensi\u00f3n de la importancia del moco cervical como marcador de la fertilidad. No miembro $7.50; Miembro $6.75<\/p>","protected":false},"featured_media":8441,"template":"","meta":{"_acf_changed":false},"product_brand":[],"product_cat":[70],"product_tag":[77],"class_list":{"0":"post-8463","1":"product","2":"type-product","3":"status-publish","4":"has-post-thumbnail","6":"product_cat-books-and-media","7":"product_tag-physical","8":"product_shipping_class-standard","10":"first","11":"instock","12":"shipping-taxable","13":"purchasable","14":"product-type-simple"},"acf":[],"_links":{"self":[{"href":"https:\/\/boma-usa.org\/es\/wp-json\/wp\/v2\/product\/8463","targetHints":{"allow":["GET"]}}],"collection":[{"href":"https:\/\/boma-usa.org\/es\/wp-json\/wp\/v2\/product"}],"about":[{"href":"https:\/\/boma-usa.org\/es\/wp-json\/wp\/v2\/types\/product"}],"version-history":[{"count":0,"href":"https:\/\/boma-usa.org\/es\/wp-json\/wp\/v2\/product\/8463\/revisions"}],"wp:featuredmedia":[{"embeddable":true,"href":"https:\/\/boma-usa.org\/es\/wp-json\/wp\/v2\/media\/8441"}],"wp:attachment":[{"href":"https:\/\/boma-usa.org\/es\/wp-json\/wp\/v2\/media?parent=8463"}],"wp:term":[{"taxonomy":"product_brand","embeddable":true,"href":"https:\/\/boma-usa.org\/es\/wp-json\/wp\/v2\/product_brand?post=8463"},{"taxonomy":"product_cat","embeddable":true,"href":"https:\/\/boma-usa.org\/es\/wp-json\/wp\/v2\/product_cat?post=8463"},{"taxonomy":"product_tag","embeddable":true,"href":"https:\/\/boma-usa.org\/es\/wp-json\/wp\/v2\/product_tag?post=8463"}],"curies":[{"name":"wp","href":"https:\/\/api.w.org\/{rel}","templated":true}]}}