{"id":8461,"date":"2023-01-07T13:18:34","date_gmt":"2023-01-07T19:18:34","guid":{"rendered":"https:\/\/events.boma-usa.org\/?post_type=product&#038;p=8461"},"modified":"2023-02-09T22:07:07","modified_gmt":"2023-02-10T04:07:07","slug":"gift-of-life-love-by-dr-john-j-billings","status":"publish","type":"product","link":"https:\/\/boma-usa.org\/es\/producto\/gift-of-life-love-by-dr-john-j-billings\/","title":{"rendered":"Regalo de vida y amor Por el Dr. John J. Billings"},"content":{"rendered":"<div id=\"wsite-com-product-short-description\">\n<div class=\"paragraph\">\n<p>Una comprensi\u00f3n del amor incondicional, la fidelidad en el matrimonio y la Regulaci\u00f3n Natural de la Fertilidad escrita por el fundador del M\u00e9todo de la Ovulaci\u00f3n Billings\u00ae, el Dr. John J Billings. Es un peque\u00f1o libro inspirador para parejas casadas o que contemplan el matrimonio.<\/p>\n<\/div>\n<\/div>","protected":false},"excerpt":{"rendered":"<p>Una comprensi\u00f3n del amor incondicional, la fidelidad en el matrimonio y la Regulaci\u00f3n Natural de la Fertilidad escrita por el fundador del M\u00e9todo de la Ovulaci\u00f3n Billings\u00ae, el Dr. John J Billings. Es un peque\u00f1o libro inspirador para parejas casadas o que contemplan el matrimonio.<\/p>","protected":false},"featured_media":8462,"template":"","meta":{"_acf_changed":false},"product_brand":[],"product_cat":[70],"product_tag":[77],"class_list":{"0":"post-8461","1":"product","2":"type-product","3":"status-publish","4":"has-post-thumbnail","6":"product_cat-books-and-media","7":"product_tag-physical","8":"product_shipping_class-standard","10":"first","11":"instock","12":"shipping-taxable","13":"purchasable","14":"product-type-simple"},"acf":[],"_links":{"self":[{"href":"https:\/\/boma-usa.org\/es\/wp-json\/wp\/v2\/product\/8461","targetHints":{"allow":["GET"]}}],"collection":[{"href":"https:\/\/boma-usa.org\/es\/wp-json\/wp\/v2\/product"}],"about":[{"href":"https:\/\/boma-usa.org\/es\/wp-json\/wp\/v2\/types\/product"}],"version-history":[{"count":0,"href":"https:\/\/boma-usa.org\/es\/wp-json\/wp\/v2\/product\/8461\/revisions"}],"wp:featuredmedia":[{"embeddable":true,"href":"https:\/\/boma-usa.org\/es\/wp-json\/wp\/v2\/media\/8462"}],"wp:attachment":[{"href":"https:\/\/boma-usa.org\/es\/wp-json\/wp\/v2\/media?parent=8461"}],"wp:term":[{"taxonomy":"product_brand","embeddable":true,"href":"https:\/\/boma-usa.org\/es\/wp-json\/wp\/v2\/product_brand?post=8461"},{"taxonomy":"product_cat","embeddable":true,"href":"https:\/\/boma-usa.org\/es\/wp-json\/wp\/v2\/product_cat?post=8461"},{"taxonomy":"product_tag","embeddable":true,"href":"https:\/\/boma-usa.org\/es\/wp-json\/wp\/v2\/product_tag?post=8461"}],"curies":[{"name":"wp","href":"https:\/\/api.w.org\/{rel}","templated":true}]}}