{"id":8459,"date":"2023-01-07T13:17:41","date_gmt":"2023-01-07T19:17:41","guid":{"rendered":"https:\/\/events.boma-usa.org\/?post_type=product&#038;p=8459"},"modified":"2023-02-09T22:07:07","modified_gmt":"2023-02-10T04:07:07","slug":"the-billings-enigma-by-tess-livingstone","status":"publish","type":"product","link":"https:\/\/boma-usa.org\/es\/producto\/the-billings-enigma-by-tess-livingstone\/","title":{"rendered":"El enigma Billings por Tess Livingstone"},"content":{"rendered":"<p><strong>El Enigma Billings Libro de Tess Livingstone<\/strong><\/p>\n<p>Este din\u00e1mico libro cuenta la historia de dos notables m\u00e9dicos de Melbourne que desarrollaron un m\u00e9todo de regulaci\u00f3n natural de la fertilidad en respuesta a las necesidades de las familias cat\u00f3licas de Melbourne que posteriormente alcanz\u00f3 su mayor \u00e9xito en el mayor pa\u00eds comunista del mundo, China. Con celo misionero, los doctores John y Evelyn Billings llevaron su Billings Ovulation Method\u00ae por todo el mundo, desde los bulliciosos barrios bajos de la India hasta detr\u00e1s del Tel\u00f3n de Acero en los d\u00edas de la Guerra Fr\u00eda, desde el polvo y el calor de \u00c1frica hasta el ambiente carnavalesco de Brasil, recorriendo cientos de miles de kil\u00f3metros a\u00e9reos a lo largo de m\u00e1s de un cuarto de siglo.<\/p>\n<p>Una lectura esencial para quienes conocieron a los doctores Billings o se han beneficiado de alg\u00fan modo de la obra de su vida.<\/p>","protected":false},"excerpt":{"rendered":"<p>El Enigma Billings Libro de Tess Livingstone Este din\u00e1mico libro narra la historia de dos notables m\u00e9dicos de Melbourne que desarrollaron un m\u00e9todo de regulaci\u00f3n natural de la fertilidad en respuesta a las necesidades de las familias cat\u00f3licas de Melbourne, que posteriormente alcanz\u00f3 su mayor \u00e9xito en el mayor pa\u00eds comunista del mundo, China. Con celo misionero, los doctores [...]<\/p>","protected":false},"featured_media":8460,"template":"","meta":{"_acf_changed":false},"product_brand":[],"product_cat":[70],"product_tag":[77],"class_list":{"0":"post-8459","1":"product","2":"type-product","3":"status-publish","4":"has-post-thumbnail","6":"product_cat-books-and-media","7":"product_tag-physical","8":"product_shipping_class-standard","10":"first","11":"instock","12":"shipping-taxable","13":"purchasable","14":"product-type-simple"},"acf":[],"_links":{"self":[{"href":"https:\/\/boma-usa.org\/es\/wp-json\/wp\/v2\/product\/8459","targetHints":{"allow":["GET"]}}],"collection":[{"href":"https:\/\/boma-usa.org\/es\/wp-json\/wp\/v2\/product"}],"about":[{"href":"https:\/\/boma-usa.org\/es\/wp-json\/wp\/v2\/types\/product"}],"version-history":[{"count":0,"href":"https:\/\/boma-usa.org\/es\/wp-json\/wp\/v2\/product\/8459\/revisions"}],"wp:featuredmedia":[{"embeddable":true,"href":"https:\/\/boma-usa.org\/es\/wp-json\/wp\/v2\/media\/8460"}],"wp:attachment":[{"href":"https:\/\/boma-usa.org\/es\/wp-json\/wp\/v2\/media?parent=8459"}],"wp:term":[{"taxonomy":"product_brand","embeddable":true,"href":"https:\/\/boma-usa.org\/es\/wp-json\/wp\/v2\/product_brand?post=8459"},{"taxonomy":"product_cat","embeddable":true,"href":"https:\/\/boma-usa.org\/es\/wp-json\/wp\/v2\/product_cat?post=8459"},{"taxonomy":"product_tag","embeddable":true,"href":"https:\/\/boma-usa.org\/es\/wp-json\/wp\/v2\/product_tag?post=8459"}],"curies":[{"name":"wp","href":"https:\/\/api.w.org\/{rel}","templated":true}]}}