{"id":8457,"date":"2023-01-07T13:16:40","date_gmt":"2023-01-07T19:16:40","guid":{"rendered":"https:\/\/events.boma-usa.org\/?post_type=product&#038;p=8457"},"modified":"2023-02-09T22:07:07","modified_gmt":"2023-02-10T04:07:07","slug":"differences-between-the-billings-ovulation-method-and-other-methods-of-natural-family-planning","status":"publish","type":"product","link":"https:\/\/boma-usa.org\/es\/producto\/differences-between-the-billings-ovulation-method-and-other-methods-of-natural-family-planning\/","title":{"rendered":"Diferencias entre el m\u00e9todo de la ovulaci\u00f3n Billings y otros m\u00e9todos de planificaci\u00f3n familiar natural"},"content":{"rendered":"<h2 id=\"wsite-com-product-title\">DIFERENCIAS ENTRE EL M\u00c9TODO DE OVULACI\u00d3N BILLINGS Y OTROS M\u00c9TODOS DE PLANIFICACI\u00d3N FAMILIAR NATURAL<\/h2>\n<div id=\"wsite-com-product-short-description\">\n<div class=\"paragraph\">Escrito por Dr. Lek-LimChan<\/div>\n<\/div>","protected":false},"excerpt":{"rendered":"<p>DIFERENCIAS ENTRE EL M\u00c9TODO DE OVULACI\u00d3N BILLINGS Y OTROS M\u00c9TODOS DE PLANIFICACI\u00d3N FAMILIAR NATURAL Escrito por Dr. Lek-LimChan<\/p>","protected":false},"featured_media":8458,"template":"","meta":{"_acf_changed":false},"product_brand":[],"product_cat":[70],"product_tag":[77],"class_list":{"0":"post-8457","1":"product","2":"type-product","3":"status-publish","4":"has-post-thumbnail","6":"product_cat-books-and-media","7":"product_tag-physical","8":"product_shipping_class-standard","10":"first","11":"instock","12":"shipping-taxable","13":"purchasable","14":"product-type-simple"},"acf":[],"_links":{"self":[{"href":"https:\/\/boma-usa.org\/es\/wp-json\/wp\/v2\/product\/8457","targetHints":{"allow":["GET"]}}],"collection":[{"href":"https:\/\/boma-usa.org\/es\/wp-json\/wp\/v2\/product"}],"about":[{"href":"https:\/\/boma-usa.org\/es\/wp-json\/wp\/v2\/types\/product"}],"version-history":[{"count":0,"href":"https:\/\/boma-usa.org\/es\/wp-json\/wp\/v2\/product\/8457\/revisions"}],"wp:featuredmedia":[{"embeddable":true,"href":"https:\/\/boma-usa.org\/es\/wp-json\/wp\/v2\/media\/8458"}],"wp:attachment":[{"href":"https:\/\/boma-usa.org\/es\/wp-json\/wp\/v2\/media?parent=8457"}],"wp:term":[{"taxonomy":"product_brand","embeddable":true,"href":"https:\/\/boma-usa.org\/es\/wp-json\/wp\/v2\/product_brand?post=8457"},{"taxonomy":"product_cat","embeddable":true,"href":"https:\/\/boma-usa.org\/es\/wp-json\/wp\/v2\/product_cat?post=8457"},{"taxonomy":"product_tag","embeddable":true,"href":"https:\/\/boma-usa.org\/es\/wp-json\/wp\/v2\/product_tag?post=8457"}],"curies":[{"name":"wp","href":"https:\/\/api.w.org\/{rel}","templated":true}]}}