{"id":8452,"date":"2023-01-07T13:12:39","date_gmt":"2023-01-07T19:12:39","guid":{"rendered":"https:\/\/events.boma-usa.org\/?post_type=product&#038;p=8452"},"modified":"2024-09-13T10:34:59","modified_gmt":"2024-09-13T16:34:59","slug":"the-billings-method-english-spanish","status":"publish","type":"product","link":"https:\/\/boma-usa.org\/es\/producto\/the-billings-method-english-spanish\/","title":{"rendered":"El m\u00e9todo Billings - Ingl\u00e9s y espa\u00f1ol"},"content":{"rendered":"<p>Utilizar la se\u00f1al natural de fertilidad del cuerpo para lograr o evitar el embarazo, por la Dra. Evelyn Billings y la Dra. Ann Westmore.<\/p>\n<p>No socios $40; Socios $32<\/p>\n<p>&nbsp;<\/p>","protected":false},"excerpt":{"rendered":"<p>Utilizar la se\u00f1al natural de fertilidad del cuerpo para lograr o evitar el embarazo por la Dra. Evelyn Billings y la Dra. Ann Westmore. No socios $40; Socios $32 &nbsp;<\/p>","protected":false},"featured_media":8453,"template":"","meta":{"_acf_changed":false},"product_brand":[],"product_cat":[70],"product_tag":[77],"class_list":{"0":"post-8452","1":"product","2":"type-product","3":"status-publish","4":"has-post-thumbnail","6":"product_cat-books-and-media","7":"product_tag-physical","8":"product_shipping_class-standard","10":"first","11":"instock","12":"shipping-taxable","13":"purchasable","14":"product-type-simple"},"acf":[],"_links":{"self":[{"href":"https:\/\/boma-usa.org\/es\/wp-json\/wp\/v2\/product\/8452","targetHints":{"allow":["GET"]}}],"collection":[{"href":"https:\/\/boma-usa.org\/es\/wp-json\/wp\/v2\/product"}],"about":[{"href":"https:\/\/boma-usa.org\/es\/wp-json\/wp\/v2\/types\/product"}],"version-history":[{"count":2,"href":"https:\/\/boma-usa.org\/es\/wp-json\/wp\/v2\/product\/8452\/revisions"}],"predecessor-version":[{"id":22064,"href":"https:\/\/boma-usa.org\/es\/wp-json\/wp\/v2\/product\/8452\/revisions\/22064"}],"wp:featuredmedia":[{"embeddable":true,"href":"https:\/\/boma-usa.org\/es\/wp-json\/wp\/v2\/media\/8453"}],"wp:attachment":[{"href":"https:\/\/boma-usa.org\/es\/wp-json\/wp\/v2\/media?parent=8452"}],"wp:term":[{"taxonomy":"product_brand","embeddable":true,"href":"https:\/\/boma-usa.org\/es\/wp-json\/wp\/v2\/product_brand?post=8452"},{"taxonomy":"product_cat","embeddable":true,"href":"https:\/\/boma-usa.org\/es\/wp-json\/wp\/v2\/product_cat?post=8452"},{"taxonomy":"product_tag","embeddable":true,"href":"https:\/\/boma-usa.org\/es\/wp-json\/wp\/v2\/product_tag?post=8452"}],"curies":[{"name":"wp","href":"https:\/\/api.w.org\/{rel}","templated":true}]}}