{"id":8450,"date":"2023-01-07T12:55:08","date_gmt":"2023-01-07T18:55:08","guid":{"rendered":"https:\/\/events.boma-usa.org\/?post_type=product&#038;p=8450"},"modified":"2024-05-28T15:04:44","modified_gmt":"2024-05-28T21:04:44","slug":"making-sense-of-the-pill-brochure-pkg-of-100","status":"publish","type":"product","link":"https:\/\/boma-usa.org\/es\/producto\/making-sense-of-the-pill-brochure-pkg-of-100\/","title":{"rendered":"El sentido de la p\u00edldora - Folleto (PKG OF 100)"},"content":{"rendered":"<p>Explorar las preguntas m\u00e1s comunes sobre la p\u00edldora anticonceptiva con un m\u00e9dico obstetra\/ginec\u00f3logo.<\/p>\n<p>Paquete de 100 folletos<\/p>\n<p>Disponible en ingl\u00e9s y espa\u00f1ol<\/p>","protected":false},"excerpt":{"rendered":"<p>Explorar las preguntas m\u00e1s comunes sobre la p\u00edldora anticonceptiva con un m\u00e9dico ginec\u00f3logo\/obstetra. Paquete de 100 folletos Disponibles en ingl\u00e9s y espa\u00f1ol.<\/p>","protected":false},"featured_media":8451,"template":"","meta":{"_acf_changed":false},"product_brand":[],"product_cat":[68],"product_tag":[77],"class_list":{"0":"post-8450","1":"product","2":"type-product","3":"status-publish","4":"has-post-thumbnail","6":"product_cat-resources-for-nfp-practitioners-supporters","7":"product_tag-physical","8":"product_shipping_class-standard","10":"first","11":"instock","12":"shipping-taxable","13":"purchasable","14":"product-type-variable"},"acf":[],"_links":{"self":[{"href":"https:\/\/boma-usa.org\/es\/wp-json\/wp\/v2\/product\/8450","targetHints":{"allow":["GET"]}}],"collection":[{"href":"https:\/\/boma-usa.org\/es\/wp-json\/wp\/v2\/product"}],"about":[{"href":"https:\/\/boma-usa.org\/es\/wp-json\/wp\/v2\/types\/product"}],"version-history":[{"count":1,"href":"https:\/\/boma-usa.org\/es\/wp-json\/wp\/v2\/product\/8450\/revisions"}],"predecessor-version":[{"id":21702,"href":"https:\/\/boma-usa.org\/es\/wp-json\/wp\/v2\/product\/8450\/revisions\/21702"}],"wp:featuredmedia":[{"embeddable":true,"href":"https:\/\/boma-usa.org\/es\/wp-json\/wp\/v2\/media\/8451"}],"wp:attachment":[{"href":"https:\/\/boma-usa.org\/es\/wp-json\/wp\/v2\/media?parent=8450"}],"wp:term":[{"taxonomy":"product_brand","embeddable":true,"href":"https:\/\/boma-usa.org\/es\/wp-json\/wp\/v2\/product_brand?post=8450"},{"taxonomy":"product_cat","embeddable":true,"href":"https:\/\/boma-usa.org\/es\/wp-json\/wp\/v2\/product_cat?post=8450"},{"taxonomy":"product_tag","embeddable":true,"href":"https:\/\/boma-usa.org\/es\/wp-json\/wp\/v2\/product_tag?post=8450"}],"curies":[{"name":"wp","href":"https:\/\/api.w.org\/{rel}","templated":true}]}}