{"id":8440,"date":"2023-01-07T12:29:46","date_gmt":"2023-01-07T18:29:46","guid":{"rendered":"https:\/\/events.boma-usa.org\/?post_type=product&#038;p=8440"},"modified":"2023-11-15T10:31:01","modified_gmt":"2023-11-15T16:31:01","slug":"new-ebook-handbook-on-the-billings-ovulation-method","status":"publish","type":"product","link":"https:\/\/boma-usa.org\/es\/producto\/new-ebook-handbook-on-the-billings-ovulation-method\/","title":{"rendered":"NUEVO manual electr\u00f3nico sobre el M\u00e9todo de la Ovulaci\u00f3n Billings\u00ae:"},"content":{"rendered":"<div class=\"product-details-module product-details__general-info\">\n<div class=\"product-details-module__content\">\n<div id=\"productDescription\" class=\"product-details__product-description\">\n<div>\n<p>Este manual sobre el M\u00e9todo de la Ovulaci\u00f3n Billings\u00ae es el recurso perfecto para las mujeres y parejas que desean utilizar el M\u00e9todo para lograr o posponer el embarazo y para las mujeres que desean saber m\u00e1s sobre sus propios patrones \u00fanicos de fertilidad. Explica c\u00f3mo observar y trazar y la aplicaci\u00f3n de las Reglas para todas las fases de la vida reproductiva. Si est\u00e1s utilizando el M\u00e9todo de la Ovulaci\u00f3n Billings\u00ae para comprender y controlar tu fertilidad, \u00e9sta es una lectura esencial. Disponible como libro electr\u00f3nico en PDF en ingl\u00e9s y vietnamita.<\/p>\n<\/div>\n<\/div>\n<\/div>\n<\/div>\n<div class=\"product-details-module product-details__product-like favorite-product\">\n<div class=\"product-details-module__title ec-header-h6 favorite-product__title\"><\/div>\n<\/div>","protected":false},"excerpt":{"rendered":"<p>Este manual sobre el M\u00e9todo de la Ovulaci\u00f3n Billings\u00ae es el recurso perfecto para las mujeres y parejas que desean utilizar el M\u00e9todo para lograr o posponer el embarazo y para las mujeres que desean saber m\u00e1s sobre sus propios patrones \u00fanicos de fertilidad. Explica c\u00f3mo observar y trazar y la aplicaci\u00f3n de las Reglas para todas las fases de [...]<\/p>","protected":false},"featured_media":8441,"template":"","meta":{"_acf_changed":false},"product_brand":[],"product_cat":[70],"product_tag":[78],"class_list":{"0":"post-8440","1":"product","2":"type-product","3":"status-publish","4":"has-post-thumbnail","6":"product_cat-books-and-media","7":"product_tag-digital","8":"product_shipping_class-standard","10":"first","11":"instock","12":"downloadable","13":"shipping-taxable","14":"purchasable","15":"product-type-simple"},"acf":[],"_links":{"self":[{"href":"https:\/\/boma-usa.org\/es\/wp-json\/wp\/v2\/product\/8440","targetHints":{"allow":["GET"]}}],"collection":[{"href":"https:\/\/boma-usa.org\/es\/wp-json\/wp\/v2\/product"}],"about":[{"href":"https:\/\/boma-usa.org\/es\/wp-json\/wp\/v2\/types\/product"}],"version-history":[{"count":0,"href":"https:\/\/boma-usa.org\/es\/wp-json\/wp\/v2\/product\/8440\/revisions"}],"wp:featuredmedia":[{"embeddable":true,"href":"https:\/\/boma-usa.org\/es\/wp-json\/wp\/v2\/media\/8441"}],"wp:attachment":[{"href":"https:\/\/boma-usa.org\/es\/wp-json\/wp\/v2\/media?parent=8440"}],"wp:term":[{"taxonomy":"product_brand","embeddable":true,"href":"https:\/\/boma-usa.org\/es\/wp-json\/wp\/v2\/product_brand?post=8440"},{"taxonomy":"product_cat","embeddable":true,"href":"https:\/\/boma-usa.org\/es\/wp-json\/wp\/v2\/product_cat?post=8440"},{"taxonomy":"product_tag","embeddable":true,"href":"https:\/\/boma-usa.org\/es\/wp-json\/wp\/v2\/product_tag?post=8440"}],"curies":[{"name":"wp","href":"https:\/\/api.w.org\/{rel}","templated":true}]}}