{"id":8390,"date":"2022-12-23T03:13:46","date_gmt":"2022-12-23T09:13:46","guid":{"rendered":"https:\/\/events.boma-usa.org\/?post_type=product&#038;p=8390"},"modified":"2024-04-08T15:34:32","modified_gmt":"2024-04-08T21:34:32","slug":"health-professional-series","status":"publish","type":"product","link":"https:\/\/boma-usa.org\/es\/producto\/health-professional-series\/","title":{"rendered":"Serie Profesional Sanitaria"},"content":{"rendered":"<p>Ciencia Reproductiva Fundamental y el M\u00e9todo de la Ovulaci\u00f3n Billings\u00ae. Este curso en l\u00ednea incluye una perspectiva hist\u00f3rica de la ciencia reproductiva, una inmersi\u00f3n profunda en la fisiolog\u00eda reproductiva fundamental, una revisi\u00f3n de los m\u00e9todos de conocimiento de la fertilidad y una introducci\u00f3n al M\u00e9todo de la Ovulaci\u00f3n Billings\u00ae.<\/p>","protected":false},"excerpt":{"rendered":"<p>Ciencia Reproductiva Fundamental y el M\u00e9todo de la Ovulaci\u00f3n Billings\u00ae. Este curso en l\u00ednea incluye una perspectiva hist\u00f3rica de la ciencia reproductiva, una inmersi\u00f3n profunda en la fisiolog\u00eda reproductiva fundamental, una revisi\u00f3n de los m\u00e9todos de conocimiento de la fertilidad y una introducci\u00f3n al M\u00e9todo de la Ovulaci\u00f3n Billings\u00ae.<\/p>","protected":false},"featured_media":21301,"template":"","meta":{"_acf_changed":false},"product_brand":[],"product_cat":[54],"product_tag":[78],"class_list":{"0":"post-8390","1":"product","2":"type-product","3":"status-publish","4":"has-post-thumbnail","6":"product_cat-courses-and-recorded-webinars","7":"product_tag-digital","9":"first","10":"instock","11":"sale","12":"virtual","13":"sold-individually","14":"purchasable","15":"product-type-course"},"acf":[],"_links":{"self":[{"href":"https:\/\/boma-usa.org\/es\/wp-json\/wp\/v2\/product\/8390","targetHints":{"allow":["GET"]}}],"collection":[{"href":"https:\/\/boma-usa.org\/es\/wp-json\/wp\/v2\/product"}],"about":[{"href":"https:\/\/boma-usa.org\/es\/wp-json\/wp\/v2\/types\/product"}],"version-history":[{"count":3,"href":"https:\/\/boma-usa.org\/es\/wp-json\/wp\/v2\/product\/8390\/revisions"}],"predecessor-version":[{"id":21292,"href":"https:\/\/boma-usa.org\/es\/wp-json\/wp\/v2\/product\/8390\/revisions\/21292"}],"wp:featuredmedia":[{"embeddable":true,"href":"https:\/\/boma-usa.org\/es\/wp-json\/wp\/v2\/media\/21301"}],"wp:attachment":[{"href":"https:\/\/boma-usa.org\/es\/wp-json\/wp\/v2\/media?parent=8390"}],"wp:term":[{"taxonomy":"product_brand","embeddable":true,"href":"https:\/\/boma-usa.org\/es\/wp-json\/wp\/v2\/product_brand?post=8390"},{"taxonomy":"product_cat","embeddable":true,"href":"https:\/\/boma-usa.org\/es\/wp-json\/wp\/v2\/product_cat?post=8390"},{"taxonomy":"product_tag","embeddable":true,"href":"https:\/\/boma-usa.org\/es\/wp-json\/wp\/v2\/product_tag?post=8390"}],"curies":[{"name":"wp","href":"https:\/\/api.w.org\/{rel}","templated":true}]}}