{"id":8389,"date":"2022-12-23T03:13:46","date_gmt":"2022-12-23T09:13:46","guid":{"rendered":"https:\/\/events.boma-usa.org\/?post_type=product&#038;p=8389"},"modified":"2024-12-13T14:03:57","modified_gmt":"2024-12-13T20:03:57","slug":"health-professional-series-and-teacher-training-complete-online-access","status":"publish","type":"product","link":"https:\/\/boma-usa.org\/es\/producto\/health-professional-series-and-teacher-training-complete-online-access\/","title":{"rendered":"Serie Profesional de la Salud y Formaci\u00f3n de Profesores (Acceso completo en l\u00ednea)"},"content":{"rendered":"<p>Ambos cursos combinados, as\u00ed como contenidos adicionales sobre aplicaciones cl\u00ednicas.<\/p>\n<p><strong>Serie Profesional Sanitaria<\/strong><\/p>\n<p>Ciencia reproductiva fundamental y el M\u00e9todo de ovulaci\u00f3n Billings\u00ae. Incluye una perspectiva hist\u00f3rica de la ciencia reproductiva, una inmersi\u00f3n profunda en la fisiolog\u00eda reproductiva fundamental, una revisi\u00f3n de los m\u00e9todos de conocimiento de la fertilidad y una introducci\u00f3n al M\u00e9todo de la Ovulaci\u00f3n Billings\u00ae.<\/p>\n<p><strong>Formaci\u00f3n de profesores del M\u00e9todo de la Ovulaci\u00f3n Billings\u00ae para profesionales de la salud<\/strong><\/p>\n<p>Este es el curso completo de formaci\u00f3n a distancia para aprender a ense\u00f1ar el M\u00e9todo de la Ovulaci\u00f3n Billings\u00ae a pacientes o clientes. Aquellos que deseen convertirse en un profesor certificado deber\u00e1n completar la pr\u00e1ctica supervisada despu\u00e9s de completar el curso.<\/p>","protected":false},"excerpt":{"rendered":"<p>Ambos cursos combinados, as\u00ed como contenidos adicionales sobre aplicaciones cl\u00ednicas. Serie para Profesionales de la Salud Ciencia Reproductiva Fundamental y el M\u00e9todo de la Ovulaci\u00f3n Billings\u00ae. Incluye una perspectiva hist\u00f3rica de la ciencia reproductiva, una inmersi\u00f3n profunda en la fisiolog\u00eda reproductiva fundamental, una revisi\u00f3n de los m\u00e9todos de conocimiento de la fertilidad y una introducci\u00f3n al M\u00e9todo de la Ovulaci\u00f3n Billings\u00ae. Profesora del M\u00e9todo de la Ovulaci\u00f3n Billings\u00ae [...]<\/p>","protected":false},"featured_media":21296,"template":"","meta":{"_acf_changed":false},"product_brand":[],"product_cat":[54],"product_tag":[78],"class_list":{"0":"post-8389","1":"product","2":"type-product","3":"status-publish","4":"has-post-thumbnail","6":"product_cat-courses-and-recorded-webinars","7":"product_tag-digital","9":"first","10":"instock","11":"sale","12":"downloadable","13":"virtual","14":"sold-individually","15":"purchasable","16":"product-type-course"},"acf":[],"_links":{"self":[{"href":"https:\/\/boma-usa.org\/es\/wp-json\/wp\/v2\/product\/8389","targetHints":{"allow":["GET"]}}],"collection":[{"href":"https:\/\/boma-usa.org\/es\/wp-json\/wp\/v2\/product"}],"about":[{"href":"https:\/\/boma-usa.org\/es\/wp-json\/wp\/v2\/types\/product"}],"version-history":[{"count":3,"href":"https:\/\/boma-usa.org\/es\/wp-json\/wp\/v2\/product\/8389\/revisions"}],"predecessor-version":[{"id":21304,"href":"https:\/\/boma-usa.org\/es\/wp-json\/wp\/v2\/product\/8389\/revisions\/21304"}],"wp:featuredmedia":[{"embeddable":true,"href":"https:\/\/boma-usa.org\/es\/wp-json\/wp\/v2\/media\/21296"}],"wp:attachment":[{"href":"https:\/\/boma-usa.org\/es\/wp-json\/wp\/v2\/media?parent=8389"}],"wp:term":[{"taxonomy":"product_brand","embeddable":true,"href":"https:\/\/boma-usa.org\/es\/wp-json\/wp\/v2\/product_brand?post=8389"},{"taxonomy":"product_cat","embeddable":true,"href":"https:\/\/boma-usa.org\/es\/wp-json\/wp\/v2\/product_cat?post=8389"},{"taxonomy":"product_tag","embeddable":true,"href":"https:\/\/boma-usa.org\/es\/wp-json\/wp\/v2\/product_tag?post=8389"}],"curies":[{"name":"wp","href":"https:\/\/api.w.org\/{rel}","templated":true}]}}