{"id":8388,"date":"2022-12-23T03:13:46","date_gmt":"2022-12-23T09:13:46","guid":{"rendered":"https:\/\/events.boma-usa.org\/?post_type=product&#038;p=8388"},"modified":"2024-12-13T09:27:37","modified_gmt":"2024-12-13T15:27:37","slug":"billings-ovulation-method-teacher-training-online-course","status":"publish","type":"product","link":"https:\/\/boma-usa.org\/es\/producto\/billings-ovulation-method-teacher-training-online-course\/","title":{"rendered":"Curso online de formaci\u00f3n de profesores del M\u00e9todo de la Ovulaci\u00f3n Billings"},"content":{"rendered":"<p>Este es el curso completo de formaci\u00f3n a distancia para aprender a ense\u00f1ar el M\u00e9todo de la Ovulaci\u00f3n Billings\u00ae a pacientes o clientes. Aquellos que deseen convertirse en un profesor certificado deber\u00e1n completar la pr\u00e1ctica supervisada despu\u00e9s de completar el curso.<\/p>\n<p>Completo <a href=\"https:\/\/boma-usa.org\/es\/teacher-training-course\/\" target=\"_blank\" rel=\"noopener\">los detalles de este programa pueden consultarse aqu\u00ed<\/a>.<\/p>\n<p>&nbsp;<\/p>","protected":false},"excerpt":{"rendered":"<p>Este es el curso completo de formaci\u00f3n a distancia para aprender a ense\u00f1ar el M\u00e9todo de la Ovulaci\u00f3n Billings\u00ae a pacientes o clientes. Aquellos que deseen convertirse en profesores certificados tendr\u00e1n que realizar la pr\u00e1ctica supervisada despu\u00e9s de completar el curso. Los detalles completos de este programa se pueden encontrar aqu\u00ed. &nbsp;<\/p>","protected":false},"featured_media":21297,"template":"","meta":{"_acf_changed":false},"product_brand":[],"product_cat":[54],"product_tag":[78],"class_list":{"0":"post-8388","1":"product","2":"type-product","3":"status-publish","4":"has-post-thumbnail","6":"product_cat-courses-and-recorded-webinars","7":"product_tag-digital","9":"first","10":"instock","11":"downloadable","12":"virtual","13":"sold-individually","14":"purchasable","15":"product-type-course"},"acf":[],"_links":{"self":[{"href":"https:\/\/boma-usa.org\/es\/wp-json\/wp\/v2\/product\/8388","targetHints":{"allow":["GET"]}}],"collection":[{"href":"https:\/\/boma-usa.org\/es\/wp-json\/wp\/v2\/product"}],"about":[{"href":"https:\/\/boma-usa.org\/es\/wp-json\/wp\/v2\/types\/product"}],"version-history":[{"count":4,"href":"https:\/\/boma-usa.org\/es\/wp-json\/wp\/v2\/product\/8388\/revisions"}],"predecessor-version":[{"id":22524,"href":"https:\/\/boma-usa.org\/es\/wp-json\/wp\/v2\/product\/8388\/revisions\/22524"}],"wp:featuredmedia":[{"embeddable":true,"href":"https:\/\/boma-usa.org\/es\/wp-json\/wp\/v2\/media\/21297"}],"wp:attachment":[{"href":"https:\/\/boma-usa.org\/es\/wp-json\/wp\/v2\/media?parent=8388"}],"wp:term":[{"taxonomy":"product_brand","embeddable":true,"href":"https:\/\/boma-usa.org\/es\/wp-json\/wp\/v2\/product_brand?post=8388"},{"taxonomy":"product_cat","embeddable":true,"href":"https:\/\/boma-usa.org\/es\/wp-json\/wp\/v2\/product_cat?post=8388"},{"taxonomy":"product_tag","embeddable":true,"href":"https:\/\/boma-usa.org\/es\/wp-json\/wp\/v2\/product_tag?post=8388"}],"curies":[{"name":"wp","href":"https:\/\/api.w.org\/{rel}","templated":true}]}}