{"id":24394,"date":"2026-03-13T17:02:06","date_gmt":"2026-03-13T23:02:06","guid":{"rendered":"https:\/\/boma-usa.org\/?post_type=product&#038;p=24394"},"modified":"2026-03-13T17:02:06","modified_gmt":"2026-03-13T23:02:06","slug":"webinar-gadget-free-fertility-the-science-and-strength-of-the-billings-ovulation-method","status":"publish","type":"product","link":"https:\/\/boma-usa.org\/es\/producto\/webinar-gadget-free-fertility-the-science-and-strength-of-the-billings-ovulation-method\/","title":{"rendered":"Webinar: Fertilidad sin artilugios: La ciencia y la fuerza del M\u00e9todo de la Ovulaci\u00f3n Billings"},"content":{"rendered":"<p>El Comit\u00e9 de Educaci\u00f3n de BOMA se complace en anunciar un pr\u00f3ximo webinar:<\/p>\n<p><strong>Fertilidad sin artilugios: La ciencia y la fuerza del M\u00e9todo de la Ovulaci\u00f3n Billings<\/strong><\/p>\n<p><em><strong>28 de abril de 2026 a las 19:30 CT.<\/strong><\/em><\/p>\n<p>En un mundo cada vez m\u00e1s lleno de aplicaciones de fertilidad, dispositivos port\u00e1tiles y rastreadores digitales, este seminario web explorar\u00e1 la fuerza de un m\u00e9todo basado en <strong>ciencia, observaci\u00f3n y comprensi\u00f3n de los signos naturales del cuerpo<\/strong>.<\/p>\n<p>Este webinario est\u00e1 dirigido a la formaci\u00f3n continua de nuestros Profesores. Tambi\u00e9n es adecuado para parejas que sientan curiosidad por el conocimiento de la fertilidad o que quieran profundizar en el M\u00e9todo Billings\u00ae.<\/p>","protected":false},"excerpt":{"rendered":"<p>El Comit\u00e9 de Educaci\u00f3n de BOMA se complace en anunciar un pr\u00f3ximo webinar: Fertilidad sin artilugios: La ciencia y la fuerza del M\u00e9todo de la Ovulaci\u00f3n Billings\u00ae 28 de abril 2026 a las 7:30 pm CT. En un mundo cada vez m\u00e1s lleno de aplicaciones de fertilidad, dispositivos port\u00e1tiles y rastreadores digitales, este seminario web explorar\u00e1 la fuerza de un m\u00e9todo basado en la ciencia, la observaci\u00f3n [...].<\/p>","protected":false},"featured_media":24395,"template":"","meta":{"_acf_changed":false},"product_brand":[],"product_cat":[69,194],"product_tag":[],"class_list":{"0":"post-24394","1":"product","2":"type-product","3":"status-publish","4":"has-post-thumbnail","6":"product_cat-resources-for-nfp-users","7":"product_cat-webinars-for-the-billings-ovulation-method-teacher","9":"first","10":"instock","11":"virtual","12":"purchasable","13":"product-type-simple"},"acf":[],"_links":{"self":[{"href":"https:\/\/boma-usa.org\/es\/wp-json\/wp\/v2\/product\/24394","targetHints":{"allow":["GET"]}}],"collection":[{"href":"https:\/\/boma-usa.org\/es\/wp-json\/wp\/v2\/product"}],"about":[{"href":"https:\/\/boma-usa.org\/es\/wp-json\/wp\/v2\/types\/product"}],"version-history":[{"count":1,"href":"https:\/\/boma-usa.org\/es\/wp-json\/wp\/v2\/product\/24394\/revisions"}],"predecessor-version":[{"id":24396,"href":"https:\/\/boma-usa.org\/es\/wp-json\/wp\/v2\/product\/24394\/revisions\/24396"}],"wp:featuredmedia":[{"embeddable":true,"href":"https:\/\/boma-usa.org\/es\/wp-json\/wp\/v2\/media\/24395"}],"wp:attachment":[{"href":"https:\/\/boma-usa.org\/es\/wp-json\/wp\/v2\/media?parent=24394"}],"wp:term":[{"taxonomy":"product_brand","embeddable":true,"href":"https:\/\/boma-usa.org\/es\/wp-json\/wp\/v2\/product_brand?post=24394"},{"taxonomy":"product_cat","embeddable":true,"href":"https:\/\/boma-usa.org\/es\/wp-json\/wp\/v2\/product_cat?post=24394"},{"taxonomy":"product_tag","embeddable":true,"href":"https:\/\/boma-usa.org\/es\/wp-json\/wp\/v2\/product_tag?post=24394"}],"curies":[{"name":"wp","href":"https:\/\/api.w.org\/{rel}","templated":true}]}}