{"id":24212,"date":"2025-12-29T10:20:20","date_gmt":"2025-12-29T16:20:20","guid":{"rendered":"https:\/\/boma-usa.org\/?post_type=product&#038;p=24212"},"modified":"2026-02-23T19:14:13","modified_gmt":"2026-02-24T01:14:13","slug":"webinar-preparing-for-perimenopause-strength-pelvic-floor-fertility","status":"publish","type":"product","link":"https:\/\/boma-usa.org\/es\/producto\/webinar-preparing-for-perimenopause-strength-pelvic-floor-fertility\/","title":{"rendered":"Webinar: Preparaci\u00f3n para la perimenopausia: Fuerza, suelo p\u00e9lvico y fertilidad"},"content":{"rendered":"<p data-start=\"455\" data-end=\"495\"><strong data-start=\"455\" data-end=\"495\">Webinar educativo de BOMA-USA<\/strong><\/p>\n<p data-start=\"497\" data-end=\"731\">La perimenopausia es una fase importante y a menudo incomprendida de la vida reproductiva de la mujer. Este seminario web educativo est\u00e1 dise\u00f1ado para proporcionar informaci\u00f3n clara y fiable basada en la ciencia, la experiencia y el respeto por la salud de la mujer.<\/p>\n<p data-start=\"733\" data-end=\"1032\">Organizado por BOMA-USA, este seminario web presenta <strong data-start=\"775\" data-end=\"802\">Dra. Amanda Ram\u00edrez, DPT<\/strong>, profesora certificada de Billings, que guiar\u00e1 a los asistentes a trav\u00e9s de los cambios f\u00edsicos y hormonales que suelen producirse durante la perimenopausia, con especial atenci\u00f3n a la fuerza, la salud del suelo p\u00e9lvico y el conocimiento de la fertilidad en la mediana edad.<\/p>\n<p data-start=\"1034\" data-end=\"1220\">Esta sesi\u00f3n es ideal para mujeres que buscan un conocimiento m\u00e1s profundo de su cuerpo, as\u00ed como para educadores, profesionales y quienes atienden a mujeres en entornos cl\u00ednicos, parroquiales o comunitarios.<\/p>\n<p data-start=\"1222\" data-end=\"1256\"><strong data-start=\"1222\" data-end=\"1256\">En este seminario web, aprender\u00e1:<\/strong><\/p>\n<ul data-start=\"1257\" data-end=\"1618\">\n<li data-start=\"1257\" data-end=\"1326\">\n<p data-start=\"1259\" data-end=\"1326\">C\u00f3mo pueden cambiar la fuerza y la funci\u00f3n f\u00edsica durante la perimenopausia<\/p>\n<\/li>\n<li data-start=\"1327\" data-end=\"1385\">\n<p data-start=\"1329\" data-end=\"1385\">El papel de la salud del suelo p\u00e9lvico en esta etapa de la vida<\/p>\n<\/li>\n<li data-start=\"1386\" data-end=\"1454\">\n<p data-start=\"1388\" data-end=\"1454\">C\u00f3mo el conocimiento de la fertilidad sigue siendo relevante y valioso en la mediana edad<\/p>\n<\/li>\n<li data-start=\"1455\" data-end=\"1545\">\n<p data-start=\"1457\" data-end=\"1545\">Por qu\u00e9 aprender el M\u00e9todo de la Ovulaci\u00f3n Billings\u00ae es especialmente \u00fatil durante la perimenopausia<\/p>\n<\/li>\n<li data-start=\"1546\" data-end=\"1618\">\n<p data-start=\"1548\" data-end=\"1618\">Cu\u00e1ndo puede ser apropiada la derivaci\u00f3n a profesionales sanitarios de confianza<\/p>\n<\/li>\n<\/ul>\n<p data-start=\"1620\" data-end=\"1926\">Los Profesores Certificados de Billings de BOMA-USA proporcionan instrucci\u00f3n profesional, precisa y altamente especializada en el conocimiento de la fertilidad, complementando - no sustituyendo - la atenci\u00f3n m\u00e9dica. Este seminario web refleja el compromiso de BOMA-USA con la educaci\u00f3n que empodera a las mujeres con conocimientos que pueden entender, confiar y compartir.<\/p>\n<p data-start=\"1928\" data-end=\"2043\"><strong data-start=\"1928\" data-end=\"1937\">Date:<\/strong> 10 de febrero de 2026 | SPN: 24 de febrero de 2026<br data-start=\"1955\" data-end=\"1958\" \/><strong data-start=\"1958\" data-end=\"1967\">Coste:<\/strong> Gratuito para los miembros de BOMA-USA<\/p>\n<p data-start=\"2045\" data-end=\"2099\">Ciencia en la que confiar.<br data-start=\"2067\" data-end=\"2070\" \/>Una misi\u00f3n que pueda respaldar.<\/p>\n<p data-start=\"2045\" data-end=\"2099\">El enlace y la informaci\u00f3n del seminario web se facilitar\u00e1n cuando se acerque la fecha.<\/p>","protected":false},"excerpt":{"rendered":"<p>An Educational Webinar from BOMA-USA Perimenopause is a significant and often misunderstood phase of a woman\u2019s reproductive life. This educational webinar is designed to provide clear, trustworthy information rooted in science, experience, and respect for women\u2019s health. Hosted by BOMA-USA, this webinar features Dr. Amanda Ramirez, DPT, Certified Billings Teacher, who will guide attendees through [&hellip;]<\/p>","protected":false},"featured_media":24332,"template":"","meta":{"_acf_changed":false},"product_brand":[],"product_cat":[194,68,69],"product_tag":[],"class_list":{"0":"post-24212","1":"product","2":"type-product","3":"status-publish","4":"has-post-thumbnail","6":"product_cat-webinars-for-the-billings-ovulation-method-teacher","7":"product_cat-resources-for-nfp-practitioners-supporters","8":"product_cat-resources-for-nfp-users","10":"first","11":"instock","12":"virtual","13":"purchasable","14":"product-type-simple"},"acf":[],"_links":{"self":[{"href":"https:\/\/boma-usa.org\/es\/wp-json\/wp\/v2\/product\/24212","targetHints":{"allow":["GET"]}}],"collection":[{"href":"https:\/\/boma-usa.org\/es\/wp-json\/wp\/v2\/product"}],"about":[{"href":"https:\/\/boma-usa.org\/es\/wp-json\/wp\/v2\/types\/product"}],"version-history":[{"count":2,"href":"https:\/\/boma-usa.org\/es\/wp-json\/wp\/v2\/product\/24212\/revisions"}],"predecessor-version":[{"id":24331,"href":"https:\/\/boma-usa.org\/es\/wp-json\/wp\/v2\/product\/24212\/revisions\/24331"}],"wp:featuredmedia":[{"embeddable":true,"href":"https:\/\/boma-usa.org\/es\/wp-json\/wp\/v2\/media\/24332"}],"wp:attachment":[{"href":"https:\/\/boma-usa.org\/es\/wp-json\/wp\/v2\/media?parent=24212"}],"wp:term":[{"taxonomy":"product_brand","embeddable":true,"href":"https:\/\/boma-usa.org\/es\/wp-json\/wp\/v2\/product_brand?post=24212"},{"taxonomy":"product_cat","embeddable":true,"href":"https:\/\/boma-usa.org\/es\/wp-json\/wp\/v2\/product_cat?post=24212"},{"taxonomy":"product_tag","embeddable":true,"href":"https:\/\/boma-usa.org\/es\/wp-json\/wp\/v2\/product_tag?post=24212"}],"curies":[{"name":"wp","href":"https:\/\/api.w.org\/{rel}","templated":true}]}}