{"id":23948,"date":"2025-10-20T14:05:20","date_gmt":"2025-10-20T20:05:20","guid":{"rendered":"https:\/\/boma-usa.org\/?post_type=product&#038;p=23948"},"modified":"2025-11-03T14:07:14","modified_gmt":"2025-11-03T20:07:14","slug":"webinar-seeking-medical-intervention-for-infertility-irregular-cycles","status":"publish","type":"product","link":"https:\/\/boma-usa.org\/es\/producto\/webinar-seeking-medical-intervention-for-infertility-irregular-cycles\/","title":{"rendered":"Webinar: Buscar intervenci\u00f3n m\u00e9dica para la infertilidad y los ciclos irregulares"},"content":{"rendered":"<p data-start=\"452\" data-end=\"708\">Cuando la infertilidad o los ciclos irregulares se convierten en un problema, puede resultar dif\u00edcil saber qu\u00e9 es normal y cu\u00e1ndo buscar ayuda m\u00e9dica. Este seminario web le ofrece la informaci\u00f3n y la claridad que necesita para tomar decisiones informadas y seguras sobre su salud reproductiva.<\/p>\n<p data-start=\"710\" data-end=\"982\">\u00danete a <strong data-start=\"715\" data-end=\"740\">Craig Turczynski, Doctor<\/strong>, fisi\u00f3loga de la reproducci\u00f3n y educadora en ciencias de la fertilidad, para conocer en profundidad c\u00f3mo reconocer los signos que justifican una evaluaci\u00f3n m\u00e9dica y c\u00f3mo dar los siguientes pasos con confianza.<\/p>\n<p data-start=\"984\" data-end=\"999\">Aprender\u00e1s:<\/p>\n<ul data-start=\"1000\" data-end=\"1336\">\n<li data-start=\"1000\" data-end=\"1083\">\n<p data-start=\"1002\" data-end=\"1083\">T\u00e9rminos clave y conceptos fundamentales sobre infertilidad y salud reproductiva<\/p>\n<\/li>\n<li data-start=\"1084\" data-end=\"1181\">\n<p data-start=\"1086\" data-end=\"1181\">C\u00f3mo la <strong data-start=\"1094\" data-end=\"1124\">M\u00e9todo de la ovulaci\u00f3n Billings<\/strong> puede ayudarle a comprender los indicadores naturales de su cuerpo<\/p>\n<\/li>\n<li data-start=\"1182\" data-end=\"1264\">\n<p data-start=\"1184\" data-end=\"1264\">Cu\u00e1ndo y c\u00f3mo buscar derivaciones m\u00e9dicas adecuadas, a nivel local o a trav\u00e9s de la telesalud.<\/p>\n<\/li>\n<li data-start=\"1265\" data-end=\"1336\">\n<p data-start=\"1267\" data-end=\"1336\">Enfoques basados en pruebas y \u00e9ticamente s\u00f3lidos de las pruebas y el tratamiento<\/p>\n<\/li>\n<\/ul>\n<p data-start=\"1338\" data-end=\"1533\">Esta sesi\u00f3n formativa combina la visi\u00f3n de expertos con la aplicaci\u00f3n pr\u00e1ctica, ayud\u00e1ndole a comprender mejor su fertilidad y a identificar soluciones que favorezcan su salud y bienestar generales.<\/p>\n<hr data-start=\"1535\" data-end=\"1538\" \/>\n<h3 data-start=\"1540\" data-end=\"1564\"><strong data-start=\"1544\" data-end=\"1562\">Detalles del evento:<\/strong><\/h3>\n<p data-start=\"1565\" data-end=\"1803\">\ud83d\udcc5 <strong data-start=\"1568\" data-end=\"1598\">Martes, 11 de noviembre de 2025<\/strong><br data-start=\"1598\" data-end=\"1601\" \/>\ud83d\udd62 <strong data-start=\"1604\" data-end=\"1637\">7:30 p.m. CT | Webinar en l\u00ednea<\/strong><br data-start=\"1637\" data-end=\"1640\" \/>\ud83d\udcbb <strong data-start=\"1643\" data-end=\"1656\">Duraci\u00f3n:<\/strong> Aproximadamente 1 hora<br data-start=\"1677\" data-end=\"1680\" \/>\ud83c\udf9f\ufe0f <strong data-start=\"1684\" data-end=\"1699\">Tasa de acceso:<\/strong> $25<br data-start=\"1731\" data-end=\"1734\" \/><em data-start=\"1734\" data-end=\"1801\">(Gratuito para los miembros de BOMA-USA - accede a tu \u00c1rea de Miembros para inscribirte).<\/em><\/p>\n<hr data-start=\"1805\" data-end=\"1808\" \/>\n<h3 data-start=\"1810\" data-end=\"1833\"><strong data-start=\"1814\" data-end=\"1831\">A qui\u00e9n va dirigido:<\/strong><\/h3>\n<ul data-start=\"1834\" data-end=\"2077\">\n<li data-start=\"1834\" data-end=\"1906\">\n<p data-start=\"1836\" data-end=\"1906\">Personas y parejas con infertilidad o ciclos irregulares<\/p>\n<\/li>\n<li data-start=\"1907\" data-end=\"1995\">\n<p data-start=\"1909\" data-end=\"1995\">Educadores sanitarios, profesionales de la fertilidad y estudiantes en busca de formaci\u00f3n continua<\/p>\n<\/li>\n<li data-start=\"1996\" data-end=\"2077\">\n<p data-start=\"1998\" data-end=\"2077\">Cualquier persona interesada en aprender c\u00f3mo el conocimiento de la fertilidad puede informar la atenci\u00f3n m\u00e9dica<\/p>\n<\/li>\n<\/ul>\n<p>A continuaci\u00f3n se ofrecer\u00e1 una repetici\u00f3n.<br \/>\nEl enlace para participar en el seminario web se facilitar\u00e1 antes de que comience el acto.<\/p>\n<p class=\"last-child\"><strong>El seminario web es gratuito para los miembros actuales y $25 para los no miembros.<\/strong><\/p>","protected":false},"excerpt":{"rendered":"<p>Cuando la infertilidad o los ciclos irregulares se convierten en un problema, puede resultar dif\u00edcil saber qu\u00e9 es normal y cu\u00e1ndo buscar ayuda m\u00e9dica. Este seminario web le ofrece la informaci\u00f3n y claridad que necesita para tomar decisiones informadas y seguras sobre su salud reproductiva. \u00danase a Craig Turczynski, PhD, fisi\u00f3logo reproductivo y educador en ciencias de la fertilidad, para una mirada en profundidad [...]<\/p>","protected":false},"featured_media":23949,"template":"","meta":{"_acf_changed":false},"product_brand":[],"product_cat":[194],"product_tag":[],"class_list":{"0":"post-23948","1":"product","2":"type-product","3":"status-publish","4":"has-post-thumbnail","6":"product_cat-webinars-for-the-billings-ovulation-method-teacher","8":"first","9":"instock","10":"downloadable","11":"virtual","12":"purchasable","13":"product-type-simple"},"acf":[],"_links":{"self":[{"href":"https:\/\/boma-usa.org\/es\/wp-json\/wp\/v2\/product\/23948","targetHints":{"allow":["GET"]}}],"collection":[{"href":"https:\/\/boma-usa.org\/es\/wp-json\/wp\/v2\/product"}],"about":[{"href":"https:\/\/boma-usa.org\/es\/wp-json\/wp\/v2\/types\/product"}],"version-history":[{"count":1,"href":"https:\/\/boma-usa.org\/es\/wp-json\/wp\/v2\/product\/23948\/revisions"}],"predecessor-version":[{"id":23950,"href":"https:\/\/boma-usa.org\/es\/wp-json\/wp\/v2\/product\/23948\/revisions\/23950"}],"wp:featuredmedia":[{"embeddable":true,"href":"https:\/\/boma-usa.org\/es\/wp-json\/wp\/v2\/media\/23949"}],"wp:attachment":[{"href":"https:\/\/boma-usa.org\/es\/wp-json\/wp\/v2\/media?parent=23948"}],"wp:term":[{"taxonomy":"product_brand","embeddable":true,"href":"https:\/\/boma-usa.org\/es\/wp-json\/wp\/v2\/product_brand?post=23948"},{"taxonomy":"product_cat","embeddable":true,"href":"https:\/\/boma-usa.org\/es\/wp-json\/wp\/v2\/product_cat?post=23948"},{"taxonomy":"product_tag","embeddable":true,"href":"https:\/\/boma-usa.org\/es\/wp-json\/wp\/v2\/product_tag?post=23948"}],"curies":[{"name":"wp","href":"https:\/\/api.w.org\/{rel}","templated":true}]}}