{"id":23706,"date":"2025-08-04T11:07:15","date_gmt":"2025-08-04T17:07:15","guid":{"rendered":"https:\/\/boma-usa.org\/?post_type=product&#038;p=23706"},"modified":"2025-08-04T11:07:38","modified_gmt":"2025-08-04T17:07:38","slug":"webinar-charting-with-the-billings-ovulation-method-for-infertility","status":"publish","type":"product","link":"https:\/\/boma-usa.org\/es\/producto\/webinar-charting-with-the-billings-ovulation-method-for-infertility\/","title":{"rendered":"Webinar: Elaboraci\u00f3n de gr\u00e1ficos con el M\u00e9todo de la Ovulaci\u00f3n Billings\u00ae para la infertilidad"},"content":{"rendered":"<p>Fecha: Jueves, 7 de agosto de 2025<\/p>\n<p>Hora: 7:30 PM Central<\/p>\n<p>Acomp\u00e1\u00f1anos en una velada centrada en una de las aplicaciones m\u00e1s delicadas -pero m\u00e1s esperanzadoras- del M\u00e9todo Billings\u00ae: el apoyo a las parejas que intentan concebir.<\/p>\n<p>Vamos a caminar a trav\u00e9s:<\/p>\n<p>- La ciencia detr\u00e1s de los gr\u00e1ficos para lograr el embarazo<br \/>\n- Interpretar los signos de fertilidad y los ciclos afectados por problemas de salud<br \/>\n<span style=\"font-family: -apple-system, BlinkMacSystemFont, 'Segoe UI', Roboto, 'Helvetica Neue', Arial, 'Noto Sans', sans-serif, 'Apple Color Emoji', 'Segoe UI Emoji', 'Segoe UI Symbol', 'Noto Color Emoji';\">- Historias de \u00e9xito de parejas reales<br \/>\n<\/span><span style=\"font-family: -apple-system, BlinkMacSystemFont, 'Segoe UI', Roboto, 'Helvetica Neue', Arial, 'Noto Sans', sans-serif, 'Apple Color Emoji', 'Segoe UI Emoji', 'Segoe UI Symbol', 'Noto Color Emoji';\">- C\u00f3mo acompa\u00f1ar a las pacientes en su infertilidad con compasi\u00f3n y claridad<\/span><\/p>\n<p>Est\u00e1 abierto a todos los profesores y alumnos. Despu\u00e9s se ofrecer\u00e1 una repetici\u00f3n.<br \/>\nEl enlace para participar en el seminario web se facilitar\u00e1 antes de que comience el acto.<\/p>\n<p class=\"last-child\"><strong>El seminario web es gratuito para los miembros actuales y $25 para los no miembros.<\/strong><\/p>","protected":false},"excerpt":{"rendered":"<p>Date: Thursday, August 7, 2025 Time: 7:30 PM Central Join us for an evening focused on one of the most sensitive\u2014but most hopeful\u2014applications of the Billings Method\u00ae: supporting couples trying to conceive. We\u2019ll walk through: &#8211; The science behind charting to achieve pregnancy &#8211; Interpreting signs of fertility and cycles affected by health conditions &#8211; [&hellip;]<\/p>","protected":false},"featured_media":23707,"template":"","meta":{"_acf_changed":false},"product_brand":[],"product_cat":[194],"product_tag":[],"class_list":{"0":"post-23706","1":"product","2":"type-product","3":"status-publish","4":"has-post-thumbnail","6":"product_cat-webinars-for-the-billings-ovulation-method-teacher","8":"first","9":"instock","10":"downloadable","11":"virtual","12":"purchasable","13":"product-type-simple"},"acf":[],"_links":{"self":[{"href":"https:\/\/boma-usa.org\/es\/wp-json\/wp\/v2\/product\/23706","targetHints":{"allow":["GET"]}}],"collection":[{"href":"https:\/\/boma-usa.org\/es\/wp-json\/wp\/v2\/product"}],"about":[{"href":"https:\/\/boma-usa.org\/es\/wp-json\/wp\/v2\/types\/product"}],"version-history":[{"count":2,"href":"https:\/\/boma-usa.org\/es\/wp-json\/wp\/v2\/product\/23706\/revisions"}],"predecessor-version":[{"id":23709,"href":"https:\/\/boma-usa.org\/es\/wp-json\/wp\/v2\/product\/23706\/revisions\/23709"}],"wp:featuredmedia":[{"embeddable":true,"href":"https:\/\/boma-usa.org\/es\/wp-json\/wp\/v2\/media\/23707"}],"wp:attachment":[{"href":"https:\/\/boma-usa.org\/es\/wp-json\/wp\/v2\/media?parent=23706"}],"wp:term":[{"taxonomy":"product_brand","embeddable":true,"href":"https:\/\/boma-usa.org\/es\/wp-json\/wp\/v2\/product_brand?post=23706"},{"taxonomy":"product_cat","embeddable":true,"href":"https:\/\/boma-usa.org\/es\/wp-json\/wp\/v2\/product_cat?post=23706"},{"taxonomy":"product_tag","embeddable":true,"href":"https:\/\/boma-usa.org\/es\/wp-json\/wp\/v2\/product_tag?post=23706"}],"curies":[{"name":"wp","href":"https:\/\/api.w.org\/{rel}","templated":true}]}}