{"id":23628,"date":"2025-07-10T20:03:02","date_gmt":"2025-07-11T02:03:02","guid":{"rendered":"https:\/\/boma-usa.org\/?post_type=product&#038;p=23628"},"modified":"2025-07-16T08:14:51","modified_gmt":"2025-07-16T14:14:51","slug":"fertility-101-full-course-all","status":"publish","type":"product","link":"https:\/\/boma-usa.org\/es\/producto\/fertility-101-full-course-all\/","title":{"rendered":"Fertilidad 101: Curso completo Todos"},"content":{"rendered":"<p>Incluye Clase de Introducci\u00f3n junto con 4 revisiones de cartas personales.<\/p>\n<p><i>La Clase de Introducci\u00f3n se realiza a trav\u00e9s de Zoom en una Sesi\u00f3n de Grupo. Las Revisiones de Gr\u00e1ficos son Consultas Privadas a trav\u00e9s de Zoom<\/i><\/p>","protected":false},"excerpt":{"rendered":"<p>Incluye Clase de Introducci\u00f3n junto con 4 revisiones de cartas personales. La Clase de Introducci\u00f3n se lleva a cabo a trav\u00e9s de Zoom en una Sesi\u00f3n de Grupo. Las Revisiones de Cartas son Consultas Privadas a trav\u00e9s de Zoom<\/p>","protected":false},"featured_media":23626,"template":"","meta":{"_acf_changed":false},"product_brand":[],"product_cat":[208,69],"product_tag":[210],"class_list":{"0":"post-23628","1":"product","2":"type-product","3":"status-publish","4":"has-post-thumbnail","6":"product_cat-optimizing-fertility","7":"product_cat-resources-for-nfp-users","8":"product_tag-fertility-101","10":"first","11":"instock","12":"virtual","13":"purchasable","14":"product-type-simple"},"acf":[],"_links":{"self":[{"href":"https:\/\/boma-usa.org\/es\/wp-json\/wp\/v2\/product\/23628","targetHints":{"allow":["GET"]}}],"collection":[{"href":"https:\/\/boma-usa.org\/es\/wp-json\/wp\/v2\/product"}],"about":[{"href":"https:\/\/boma-usa.org\/es\/wp-json\/wp\/v2\/types\/product"}],"version-history":[{"count":1,"href":"https:\/\/boma-usa.org\/es\/wp-json\/wp\/v2\/product\/23628\/revisions"}],"predecessor-version":[{"id":23629,"href":"https:\/\/boma-usa.org\/es\/wp-json\/wp\/v2\/product\/23628\/revisions\/23629"}],"wp:featuredmedia":[{"embeddable":true,"href":"https:\/\/boma-usa.org\/es\/wp-json\/wp\/v2\/media\/23626"}],"wp:attachment":[{"href":"https:\/\/boma-usa.org\/es\/wp-json\/wp\/v2\/media?parent=23628"}],"wp:term":[{"taxonomy":"product_brand","embeddable":true,"href":"https:\/\/boma-usa.org\/es\/wp-json\/wp\/v2\/product_brand?post=23628"},{"taxonomy":"product_cat","embeddable":true,"href":"https:\/\/boma-usa.org\/es\/wp-json\/wp\/v2\/product_cat?post=23628"},{"taxonomy":"product_tag","embeddable":true,"href":"https:\/\/boma-usa.org\/es\/wp-json\/wp\/v2\/product_tag?post=23628"}],"curies":[{"name":"wp","href":"https:\/\/api.w.org\/{rel}","templated":true}]}}