{"id":23256,"date":"2025-06-27T13:02:51","date_gmt":"2025-06-27T19:02:51","guid":{"rendered":"https:\/\/boma-usa.org\/?post_type=product&#038;p=23256"},"modified":"2025-07-10T16:16:42","modified_gmt":"2025-07-10T22:16:42","slug":"fertility-101-breastfeeding-moms","status":"publish","type":"product","link":"https:\/\/boma-usa.org\/es\/producto\/fertility-101-breastfeeding-moms\/","title":{"rendered":"Fertilidad 101: Para madres lactantes"},"content":{"rendered":"<p data-start=\"148\" data-end=\"190\"><strong data-start=\"148\" data-end=\"188\">Fertilidad 101: Edici\u00f3n Lactancia Materna<\/strong><\/p>\n<p data-start=\"192\" data-end=\"377\">Esta clase de Zoom en directo ofrece una introducci\u00f3n al conocimiento de la fertilidad y a la elaboraci\u00f3n de gr\u00e1ficos espec\u00edficamente dise\u00f1ada para mujeres que est\u00e1n amamantando y cuyos ciclos menstruales a\u00fan no han regresado.<\/p>\n<p data-start=\"379\" data-end=\"503\">Las sesiones se celebran mensualmente el segundo viernes a las 12:00, hora central. Se proporcionar\u00e1 un enlace Zoom en el momento de la inscripci\u00f3n.<\/p>\n<p data-start=\"505\" data-end=\"717\">Esta clase cubre la misma visi\u00f3n general que la sesi\u00f3n est\u00e1ndar de Fertilidad 101, con una presentaci\u00f3n adaptada que se centra en las consideraciones \u00fanicas de las madres lactantes que actualmente no est\u00e1n montando en bicicleta.<\/p>","protected":false},"excerpt":{"rendered":"<p>Fertilidad 101: Edici\u00f3n Lactancia Esta clase de Zoom en vivo ofrece una introducci\u00f3n al conocimiento de la fertilidad y la cartograf\u00eda dise\u00f1ada espec\u00edficamente para las mujeres que est\u00e1n amamantando y cuyos ciclos menstruales a\u00fan no han regresado. Las sesiones se celebran mensualmente el segundo viernes a las 12:00 p.m., hora del centro. Se proporcionar\u00e1 un enlace Zoom al registrarse. Esta clase cubre [...]<\/p>","protected":false},"featured_media":23595,"template":"","meta":{"_acf_changed":false},"product_brand":[],"product_cat":[212,69],"product_tag":[210],"class_list":{"0":"post-23256","1":"product","2":"type-product","3":"status-publish","4":"has-post-thumbnail","6":"product_cat-fertility-101","7":"product_cat-resources-for-nfp-users","8":"product_tag-fertility-101","9":"product_shipping_class-standard","11":"first","12":"instock","13":"virtual","14":"purchasable","15":"product-type-simple"},"acf":[],"_links":{"self":[{"href":"https:\/\/boma-usa.org\/es\/wp-json\/wp\/v2\/product\/23256","targetHints":{"allow":["GET"]}}],"collection":[{"href":"https:\/\/boma-usa.org\/es\/wp-json\/wp\/v2\/product"}],"about":[{"href":"https:\/\/boma-usa.org\/es\/wp-json\/wp\/v2\/types\/product"}],"version-history":[{"count":1,"href":"https:\/\/boma-usa.org\/es\/wp-json\/wp\/v2\/product\/23256\/revisions"}],"predecessor-version":[{"id":23258,"href":"https:\/\/boma-usa.org\/es\/wp-json\/wp\/v2\/product\/23256\/revisions\/23258"}],"wp:featuredmedia":[{"embeddable":true,"href":"https:\/\/boma-usa.org\/es\/wp-json\/wp\/v2\/media\/23595"}],"wp:attachment":[{"href":"https:\/\/boma-usa.org\/es\/wp-json\/wp\/v2\/media?parent=23256"}],"wp:term":[{"taxonomy":"product_brand","embeddable":true,"href":"https:\/\/boma-usa.org\/es\/wp-json\/wp\/v2\/product_brand?post=23256"},{"taxonomy":"product_cat","embeddable":true,"href":"https:\/\/boma-usa.org\/es\/wp-json\/wp\/v2\/product_cat?post=23256"},{"taxonomy":"product_tag","embeddable":true,"href":"https:\/\/boma-usa.org\/es\/wp-json\/wp\/v2\/product_tag?post=23256"}],"curies":[{"name":"wp","href":"https:\/\/api.w.org\/{rel}","templated":true}]}}