{"id":22973,"date":"2025-05-06T14:10:22","date_gmt":"2025-05-06T20:10:22","guid":{"rendered":"https:\/\/boma-usa.org\/?post_type=product&#038;p=22973"},"modified":"2025-07-14T13:04:11","modified_gmt":"2025-07-14T19:04:11","slug":"fertility-is-not-a-disease-mug","status":"publish","type":"product","link":"https:\/\/boma-usa.org\/es\/producto\/fertility-is-not-a-disease-mug\/","title":{"rendered":"\"Taza \"La fertilidad NO ES UNA ENFERMEDAD"},"content":{"rendered":"<div>.: Estas tazas est\u00e1n hechas con cer\u00e1mica blanca duradera<br \/>\n.: 0,33 l (11 oz)<br \/>\n.: Todas las tazas tienen un c\u00f3modo asa en forma de C y un acabado brillante para que sean f\u00e1ciles de usar y atractivas a la vista.<br \/>\n.: Beba con confianza a diario, ya que todas las tazas est\u00e1n libres de plomo y BPA.<\/div>","protected":false},"excerpt":{"rendered":"<p>.: Estas tazas est\u00e1n fabricadas con cer\u00e1mica blanca duradera .: 0,33 l (11 oz) .: Todas las tazas tienen un c\u00f3modo asa en forma de C y un acabado brillante para que sean f\u00e1ciles de usar y atractivas a la vista. .: Beba con confianza a diario, ya que todas las tazas est\u00e1n libres de plomo y BPA.<\/p>","protected":false},"featured_media":22971,"template":"","meta":{"_acf_changed":false},"product_brand":[],"product_cat":[212,205],"product_tag":[210],"class_list":{"0":"post-22973","1":"product","2":"type-product","3":"status-publish","4":"has-post-thumbnail","6":"product_cat-fertility-101","7":"product_cat-merchandise","8":"product_tag-fertility-101","9":"product_shipping_class-standard","11":"first","12":"instock","13":"shipping-taxable","14":"purchasable","15":"product-type-simple"},"acf":[],"_links":{"self":[{"href":"https:\/\/boma-usa.org\/es\/wp-json\/wp\/v2\/product\/22973","targetHints":{"allow":["GET"]}}],"collection":[{"href":"https:\/\/boma-usa.org\/es\/wp-json\/wp\/v2\/product"}],"about":[{"href":"https:\/\/boma-usa.org\/es\/wp-json\/wp\/v2\/types\/product"}],"version-history":[{"count":1,"href":"https:\/\/boma-usa.org\/es\/wp-json\/wp\/v2\/product\/22973\/revisions"}],"predecessor-version":[{"id":22974,"href":"https:\/\/boma-usa.org\/es\/wp-json\/wp\/v2\/product\/22973\/revisions\/22974"}],"wp:featuredmedia":[{"embeddable":true,"href":"https:\/\/boma-usa.org\/es\/wp-json\/wp\/v2\/media\/22971"}],"wp:attachment":[{"href":"https:\/\/boma-usa.org\/es\/wp-json\/wp\/v2\/media?parent=22973"}],"wp:term":[{"taxonomy":"product_brand","embeddable":true,"href":"https:\/\/boma-usa.org\/es\/wp-json\/wp\/v2\/product_brand?post=22973"},{"taxonomy":"product_cat","embeddable":true,"href":"https:\/\/boma-usa.org\/es\/wp-json\/wp\/v2\/product_cat?post=22973"},{"taxonomy":"product_tag","embeddable":true,"href":"https:\/\/boma-usa.org\/es\/wp-json\/wp\/v2\/product_tag?post=22973"}],"curies":[{"name":"wp","href":"https:\/\/api.w.org\/{rel}","templated":true}]}}