{"id":22960,"date":"2025-05-06T14:08:59","date_gmt":"2025-05-06T20:08:59","guid":{"rendered":"https:\/\/boma-usa.org\/?post_type=product&#038;p=22960"},"modified":"2025-07-07T09:56:46","modified_gmt":"2025-07-07T15:56:46","slug":"fertility-is-not-a-disease-shirt","status":"publish","type":"product","link":"https:\/\/boma-usa.org\/es\/producto\/fertility-is-not-a-disease-shirt\/","title":{"rendered":"\"Camiseta \"La fertilidad NO ES UNA ENFERMEDAD"},"content":{"rendered":"<div>\n<p><strong><span style=\"color: #000000;\">Caracter\u00edsticas del producto<\/span><\/strong><\/p>\n<p><span style=\"color: #000000;\">- Disponible en tallas de la S a la 4XL<\/span><\/p>\n<p><span style=\"color: #000000;\">- Costuras de doble aguja para mayor durabilidad<\/span><\/p>\n<p><span style=\"color: #000000;\">- Tejido te\u00f1ido en prenda para una textura suave<\/span><\/p>\n<p><span style=\"color: #000000;\">- Fabricado con algod\u00f3n estadounidense 100% hilado en anillos<\/span><\/p>\n<p><span style=\"color: #000000;\">- Corte relajado adecuado para prendas informales y semiformales<\/span><\/p>\n<p><strong><span style=\"color: #000000;\">Instrucciones de cuidado<\/span><\/strong><\/p>\n<p><span style=\"color: #000000;\">- Lavado a m\u00e1quina: fr\u00edo (m\u00e1x. 30 \u00baC o 90 \u00baF)<\/span><\/p>\n<p><span style=\"color: #000000;\">- No blanquear<\/span><\/p>\n<p><span style=\"color: #000000;\">- Secado en secadora: calor bajo<\/span><\/p>\n<p><span style=\"color: #000000;\">- Planchado, vapor o secado: calor bajo<\/span><\/p>\n<p><span style=\"color: #000000;\">- No limpiar en seco<\/span><\/p>\n<\/div>","protected":false},"excerpt":{"rendered":"<p>Caracter\u00edsticas del producto - Disponible en tallas de la S a la 4XL - Puntadas a doble aguja para mayor durabilidad - Tejido te\u00f1ido en prenda para una textura suave - Confeccionado con algod\u00f3n estadounidense 100% hilado en anillos - Corte holgado adecuado para prendas informales y semiformales Instrucciones de cuidado - Lavado a m\u00e1quina: en fr\u00edo (m\u00e1x. 30C o 90F) - No usar lej\u00eda - Secado en secadora: a baja temperatura [...].<\/p>","protected":false},"featured_media":22968,"template":"","meta":{"_acf_changed":false},"product_brand":[],"product_cat":[212,205],"product_tag":[210],"class_list":{"0":"post-22960","1":"product","2":"type-product","3":"status-publish","4":"has-post-thumbnail","6":"product_cat-fertility-101","7":"product_cat-merchandise","8":"product_tag-fertility-101","9":"product_shipping_class-standard","11":"first","12":"instock","13":"shipping-taxable","14":"purchasable","15":"product-type-variable"},"acf":[],"_links":{"self":[{"href":"https:\/\/boma-usa.org\/es\/wp-json\/wp\/v2\/product\/22960","targetHints":{"allow":["GET"]}}],"collection":[{"href":"https:\/\/boma-usa.org\/es\/wp-json\/wp\/v2\/product"}],"about":[{"href":"https:\/\/boma-usa.org\/es\/wp-json\/wp\/v2\/types\/product"}],"version-history":[{"count":2,"href":"https:\/\/boma-usa.org\/es\/wp-json\/wp\/v2\/product\/22960\/revisions"}],"predecessor-version":[{"id":22975,"href":"https:\/\/boma-usa.org\/es\/wp-json\/wp\/v2\/product\/22960\/revisions\/22975"}],"wp:featuredmedia":[{"embeddable":true,"href":"https:\/\/boma-usa.org\/es\/wp-json\/wp\/v2\/media\/22968"}],"wp:attachment":[{"href":"https:\/\/boma-usa.org\/es\/wp-json\/wp\/v2\/media?parent=22960"}],"wp:term":[{"taxonomy":"product_brand","embeddable":true,"href":"https:\/\/boma-usa.org\/es\/wp-json\/wp\/v2\/product_brand?post=22960"},{"taxonomy":"product_cat","embeddable":true,"href":"https:\/\/boma-usa.org\/es\/wp-json\/wp\/v2\/product_cat?post=22960"},{"taxonomy":"product_tag","embeddable":true,"href":"https:\/\/boma-usa.org\/es\/wp-json\/wp\/v2\/product_tag?post=22960"}],"curies":[{"name":"wp","href":"https:\/\/api.w.org\/{rel}","templated":true}]}}