{"id":22803,"date":"2025-04-07T09:20:10","date_gmt":"2025-04-07T15:20:10","guid":{"rendered":"https:\/\/boma-usa.org\/?post_type=product&#038;p=22803"},"modified":"2025-04-07T09:20:11","modified_gmt":"2025-04-07T15:20:11","slug":"safeguarding-your-reproductive-health","status":"publish","type":"product","link":"https:\/\/boma-usa.org\/es\/producto\/safeguarding-your-reproductive-health\/","title":{"rendered":"Protecci\u00f3n de la salud reproductiva"},"content":{"rendered":"<div class=\"page\" title=\"P\u00e1gina 2\">\n<div class=\"layoutArea\">\n<div class=\"column\">\n<p>Si ha o\u00eddo hablar del M\u00e9todo de la Ovulaci\u00f3n BillingsTM, probablemente lo asocie con ense\u00f1ar a las mujeres a evitar el embarazo. Ciertamente lo hace, y con resultados \u00f3ptimos... \u00a1con tasas de embarazo de cero a 0,5 por ciento!<\/p>\n<p>Puede que incluso sepas que el M\u00e9todo de la Ovulaci\u00f3n BillingsTM ha ayudado a miles de mujeres con dificultades para concebir a lograr el embarazo. Adem\u00e1s, es realmente bueno: un ensayo reciente demostr\u00f3 una tasa de embarazo del 78%, con una tasa de \u00e9xito del 65% en parejas subf\u00e9rtiles.<\/p>\n<p>Pero, \u00bfsab\u00edas que el M\u00e9todo de la Ovulaci\u00f3n BillingsTM tambi\u00e9n puede ayudarte a salvaguardar tu salud reproductiva?<\/p>\n<\/div>\n<\/div>\n<\/div>","protected":false},"excerpt":{"rendered":"<p>Si ha o\u00eddo hablar del M\u00e9todo de la Ovulaci\u00f3n BillingsTM, probablemente lo asocie con ense\u00f1ar a las mujeres a evitar el embarazo. Ciertamente lo hace, y con resultados \u00f3ptimos... \u00a1con tasas de embarazo de cero a 0,5 por ciento! Puede que incluso sepas que el M\u00e9todo de la Ovulaci\u00f3n BillingsTM ha ayudado a miles de mujeres con dificultades para concebir a lograr [...]<\/p>","protected":false},"featured_media":22805,"template":"","meta":{"_acf_changed":false},"product_brand":[],"product_cat":[69],"product_tag":[],"class_list":{"0":"post-22803","1":"product","2":"type-product","3":"status-publish","4":"has-post-thumbnail","6":"product_cat-resources-for-nfp-users","8":"first","9":"instock","10":"downloadable","11":"virtual","12":"purchasable","13":"product-type-simple"},"acf":[],"_links":{"self":[{"href":"https:\/\/boma-usa.org\/es\/wp-json\/wp\/v2\/product\/22803","targetHints":{"allow":["GET"]}}],"collection":[{"href":"https:\/\/boma-usa.org\/es\/wp-json\/wp\/v2\/product"}],"about":[{"href":"https:\/\/boma-usa.org\/es\/wp-json\/wp\/v2\/types\/product"}],"version-history":[{"count":2,"href":"https:\/\/boma-usa.org\/es\/wp-json\/wp\/v2\/product\/22803\/revisions"}],"predecessor-version":[{"id":22807,"href":"https:\/\/boma-usa.org\/es\/wp-json\/wp\/v2\/product\/22803\/revisions\/22807"}],"wp:featuredmedia":[{"embeddable":true,"href":"https:\/\/boma-usa.org\/es\/wp-json\/wp\/v2\/media\/22805"}],"wp:attachment":[{"href":"https:\/\/boma-usa.org\/es\/wp-json\/wp\/v2\/media?parent=22803"}],"wp:term":[{"taxonomy":"product_brand","embeddable":true,"href":"https:\/\/boma-usa.org\/es\/wp-json\/wp\/v2\/product_brand?post=22803"},{"taxonomy":"product_cat","embeddable":true,"href":"https:\/\/boma-usa.org\/es\/wp-json\/wp\/v2\/product_cat?post=22803"},{"taxonomy":"product_tag","embeddable":true,"href":"https:\/\/boma-usa.org\/es\/wp-json\/wp\/v2\/product_tag?post=22803"}],"curies":[{"name":"wp","href":"https:\/\/api.w.org\/{rel}","templated":true}]}}