{"id":22797,"date":"2025-04-07T09:06:29","date_gmt":"2025-04-07T15:06:29","guid":{"rendered":"https:\/\/boma-usa.org\/?post_type=product&#038;p=22797"},"modified":"2025-06-16T00:00:36","modified_gmt":"2025-06-16T06:00:36","slug":"a-health-professionals-webinar-from-menarche-to-menopause","status":"publish","type":"product","link":"https:\/\/boma-usa.org\/es\/producto\/a-health-professionals-webinar-from-menarche-to-menopause\/","title":{"rendered":"Un seminario web para profesionales de la salud: De la menarquia a la menopausia"},"content":{"rendered":"<p><span style=\"font-weight: 400;\">\u00a0<\/span><i><span style=\"font-weight: 400;\">Las ventajas sanitarias de vigilar la fertilidad<\/span><\/i><i><span style=\"font-weight: 400;\"><br \/>\n<\/span><\/i><span style=\"font-weight: 400;\">Cr\u00e9ditos de enfermer\u00eda disponibles:<\/span><b> 7,5 CNE<\/b><\/p>\n<p><b>Todos los martes de julio de 2025 a las 12 del mediod\u00eda (hora central).<\/b><\/p>\n<p><span style=\"font-weight: 400;\">Cada sesi\u00f3n durar\u00e1 90 minutos, incluida una sesi\u00f3n de preguntas y respuestas. <\/span><\/p>\n<p><b>Sesi\u00f3n 1: martes 1 de julio a las 12:00 h (hora central).<\/b><\/p>\n<ul>\n<li style=\"font-weight: 400;\" aria-level=\"1\"><b>Tema:<\/b><span style=\"font-weight: 400;\"> Variantes del ciclo: El continuo de la actividad ov\u00e1rica desde la menarquia hasta la menopausia basado en m\u00e1s de 850.000 ensayos hormonales.<\/span><\/li>\n<li style=\"font-weight: 400;\" aria-level=\"1\"><i><span style=\"font-weight: 400;\">El cuello uterino y su papel integral en la fertilidad y la infertilidad<\/span><\/i><\/li>\n<\/ul>\n<p><b>Sesi\u00f3n 2: \u00a1Martes 8 de julio a las 12:00, hora central!<\/b><\/p>\n<ul>\n<li style=\"font-weight: 400;\" aria-level=\"1\"><b>Tema:<\/b><span style=\"font-weight: 400;\"> Explorando el M\u00e9todo de la Ovulaci\u00f3n Billings\u2122<\/span><\/li>\n<li style=\"font-weight: 400;\" aria-level=\"1\"><i><span style=\"font-weight: 400;\">Correlacionar el historial de la mujer con las respuestas hormonales, cervicales y vaginales.<\/span><\/i><\/li>\n<\/ul>\n<p><b>Sesi\u00f3n 3: martes 15 de julio a las 12:00 h (hora central).<\/b><\/p>\n<ul>\n<li style=\"font-weight: 400;\" aria-level=\"1\"><b>Tema:<\/b><span style=\"font-weight: 400;\"> Determinaci\u00f3n de patrones de fertilidad e infertilidad con variaciones de ciclo<\/span><\/li>\n<li style=\"font-weight: 400;\" aria-level=\"1\"><i><span style=\"font-weight: 400;\">Lo que a menudo se considera patol\u00f3gico podr\u00eda ser muy normal<\/span><\/i><\/li>\n<\/ul>\n<p><b>Sesi\u00f3n 4: martes 22 de julio a las 12:00 h (hora central).<\/b><\/p>\n<ul>\n<li style=\"font-weight: 400;\" aria-level=\"1\"><b>Tema:<\/b><span style=\"font-weight: 400;\"> Las ventajas diagn\u00f3sticas del M\u00e9todo de la Ovulaci\u00f3n Billings\u2122<\/span><\/li>\n<li style=\"font-weight: 400;\" aria-level=\"1\"><i><span style=\"font-weight: 400;\">Entre otras, la consecuci\u00f3n del embarazo, la infertilidad y la disfunci\u00f3n ov\u00e1rica<\/span><\/i><\/li>\n<\/ul>\n<p><b>Sesi\u00f3n 5: martes 29 de julio a las 12:00 h (hora central).<\/b><\/p>\n<ul>\n<li style=\"font-weight: 400;\" aria-level=\"1\"><b>Tema:<\/b><span style=\"font-weight: 400;\"> Menarquia: Por qu\u00e9 el seguimiento de los patrones hormonales de las mujeres j\u00f3venes tiene sentido desde el punto de vista m\u00e9dico<\/span><\/li>\n<li style=\"font-weight: 400;\" aria-level=\"1\"><i><span style=\"font-weight: 400;\">Lactancia materna: C\u00f3mo el M\u00e9todo Billings\u2122 simplifica la vida durante una \u00e9poca a menudo ca\u00f3tica<\/span><\/i><i><span style=\"font-weight: 400;\"><br \/>\n<\/span><\/i><i><span style=\"font-weight: 400;\"> Menopausia: C\u00f3mo la comprensi\u00f3n y el seguimiento de las hormonas que lentamente se desenrollan pueden conducir a transiciones pac\u00edficas tanto para el paciente como para el m\u00e9dico.<\/span><\/i><\/li>\n<\/ul>\n<p><b>Antes del 15 de junio:<\/b><\/p>\n<ul>\n<li style=\"font-weight: 400;\" aria-level=\"1\"><span style=\"font-weight: 400;\">$200 para las 5 sesiones<\/span><\/li>\n<\/ul>\n<p><b>Despu\u00e9s del 15 de junio:<\/b><\/p>\n<ul>\n<li style=\"font-weight: 400;\" aria-level=\"1\"><span style=\"font-weight: 400;\">$250 para las 5 sesiones<\/span><\/li>\n<\/ul>\n<p><em>Esta actividad de desarrollo profesional continuo de enfermer\u00eda fue aprobada por la Fundaci\u00f3n de Enfermeras de Mississippi, un aprobador acreditado por la Comisi\u00f3n de Acreditaci\u00f3n del Centro Americano de Acreditaci\u00f3n de Enfermeras. N\u00famero de aprobaci\u00f3n: 3031-EDI-05 exp. 1\/16\/2027.<\/em><\/p>","protected":false},"excerpt":{"rendered":"<p>\u00a0Las ventajas para la salud de vigilar la fertilidad Cr\u00e9ditos de enfermer\u00eda disponibles: 7.5 CNEs Todos los martes de julio de 2025 a las 12 del mediod\u00eda, hora central. Cada sesi\u00f3n durar\u00e1 90 minutos, incluyendo una sesi\u00f3n de preguntas y respuestas. Sesi\u00f3n 1: \u00a1Martes 1 de julio a las 12 del mediod\u00eda Central! Tema: Variantes del ciclo: El continuo de la actividad ov\u00e1rica desde la menarquia hasta la menopausia basado en m\u00e1s de 850.000 [...]<\/p>","protected":false},"featured_media":22957,"template":"","meta":{"_acf_changed":false},"product_brand":[],"product_cat":[197],"product_tag":[],"class_list":{"0":"post-22797","1":"product","2":"type-product","3":"status-publish","4":"has-post-thumbnail","6":"product_cat-health-professional-series","8":"first","9":"instock","10":"downloadable","11":"virtual","12":"purchasable","13":"product-type-simple"},"acf":[],"_links":{"self":[{"href":"https:\/\/boma-usa.org\/es\/wp-json\/wp\/v2\/product\/22797","targetHints":{"allow":["GET"]}}],"collection":[{"href":"https:\/\/boma-usa.org\/es\/wp-json\/wp\/v2\/product"}],"about":[{"href":"https:\/\/boma-usa.org\/es\/wp-json\/wp\/v2\/types\/product"}],"version-history":[{"count":4,"href":"https:\/\/boma-usa.org\/es\/wp-json\/wp\/v2\/product\/22797\/revisions"}],"predecessor-version":[{"id":22959,"href":"https:\/\/boma-usa.org\/es\/wp-json\/wp\/v2\/product\/22797\/revisions\/22959"}],"wp:featuredmedia":[{"embeddable":true,"href":"https:\/\/boma-usa.org\/es\/wp-json\/wp\/v2\/media\/22957"}],"wp:attachment":[{"href":"https:\/\/boma-usa.org\/es\/wp-json\/wp\/v2\/media?parent=22797"}],"wp:term":[{"taxonomy":"product_brand","embeddable":true,"href":"https:\/\/boma-usa.org\/es\/wp-json\/wp\/v2\/product_brand?post=22797"},{"taxonomy":"product_cat","embeddable":true,"href":"https:\/\/boma-usa.org\/es\/wp-json\/wp\/v2\/product_cat?post=22797"},{"taxonomy":"product_tag","embeddable":true,"href":"https:\/\/boma-usa.org\/es\/wp-json\/wp\/v2\/product_tag?post=22797"}],"curies":[{"name":"wp","href":"https:\/\/api.w.org\/{rel}","templated":true}]}}