{"id":22534,"date":"2024-12-13T10:07:14","date_gmt":"2024-12-13T16:07:14","guid":{"rendered":"https:\/\/boma-usa.org\/?post_type=product&#038;p=22534"},"modified":"2024-12-13T11:51:12","modified_gmt":"2024-12-13T17:51:12","slug":"certificate-fee","status":"publish","type":"product","link":"https:\/\/boma-usa.org\/es\/producto\/certificate-fee\/","title":{"rendered":"Tasa de certificado"},"content":{"rendered":"<p>\u00bfNecesita un justificante de su asistencia a <em>Introducci\u00f3n a la fertilidad 101<\/em>? Esta opci\u00f3n le permite a\u00f1adir su nombre al certificado oficial de participaci\u00f3n en clase por un precio simb\u00f3lico de $10.<\/p>\n<p>Este certificado personalizado sirve como documento oficial que verifica la finalizaci\u00f3n de la clase, ideal para registros personales, requisitos profesionales u otras oportunidades educativas.<\/p>\n<p><strong>Detalles:<\/strong><\/p>\n<ul>\n<li>Precio: $10<\/li>\n<li>Incluye: Un certificado personalizado con su nombre<\/li>\n<li>Objeto: Prueba oficial de participaci\u00f3n para <em>Introducci\u00f3n a la fertilidad 101<\/em> asistentes<\/li>\n<\/ul>\n<p>Tras la compra, recibir\u00e1 un enlace para enviar su nombre para la personalizaci\u00f3n. Una vez procesado, su certificado ser\u00e1 preparado y enviado a usted con prontitud.<\/p>","protected":false},"excerpt":{"rendered":"<p>\u00bfNecesita una prueba de su asistencia a Introducci\u00f3n a la fertilidad 101? Esta opci\u00f3n le permite a\u00f1adir su nombre al certificado de participaci\u00f3n oficial de la clase por una tarifa nominal de $10. Este certificado personalizado sirve como un documento oficial que verifica su finalizaci\u00f3n de la clase, ideal para registros personales, requisitos profesionales, o m\u00e1s oportunidades educativas. Detalles: Precio: [...]<\/p>","protected":false},"featured_media":22535,"template":"","meta":{"_acf_changed":false},"product_brand":[],"product_cat":[16],"product_tag":[],"class_list":{"0":"post-22534","1":"product","2":"type-product","3":"status-publish","4":"has-post-thumbnail","6":"product_cat-uncategorized","8":"first","9":"instock","10":"virtual","11":"purchasable","12":"product-type-simple"},"acf":[],"_links":{"self":[{"href":"https:\/\/boma-usa.org\/es\/wp-json\/wp\/v2\/product\/22534","targetHints":{"allow":["GET"]}}],"collection":[{"href":"https:\/\/boma-usa.org\/es\/wp-json\/wp\/v2\/product"}],"about":[{"href":"https:\/\/boma-usa.org\/es\/wp-json\/wp\/v2\/types\/product"}],"version-history":[{"count":2,"href":"https:\/\/boma-usa.org\/es\/wp-json\/wp\/v2\/product\/22534\/revisions"}],"predecessor-version":[{"id":22538,"href":"https:\/\/boma-usa.org\/es\/wp-json\/wp\/v2\/product\/22534\/revisions\/22538"}],"wp:featuredmedia":[{"embeddable":true,"href":"https:\/\/boma-usa.org\/es\/wp-json\/wp\/v2\/media\/22535"}],"wp:attachment":[{"href":"https:\/\/boma-usa.org\/es\/wp-json\/wp\/v2\/media?parent=22534"}],"wp:term":[{"taxonomy":"product_brand","embeddable":true,"href":"https:\/\/boma-usa.org\/es\/wp-json\/wp\/v2\/product_brand?post=22534"},{"taxonomy":"product_cat","embeddable":true,"href":"https:\/\/boma-usa.org\/es\/wp-json\/wp\/v2\/product_cat?post=22534"},{"taxonomy":"product_tag","embeddable":true,"href":"https:\/\/boma-usa.org\/es\/wp-json\/wp\/v2\/product_tag?post=22534"}],"curies":[{"name":"wp","href":"https:\/\/api.w.org\/{rel}","templated":true}]}}