{"id":22440,"date":"2024-11-20T16:54:56","date_gmt":"2024-11-20T22:54:56","guid":{"rendered":"https:\/\/boma-usa.org\/?post_type=product&#038;p=22440"},"modified":"2024-11-20T16:54:56","modified_gmt":"2024-11-20T22:54:56","slug":"free-ebook-achieving-pregnancy","status":"publish","type":"product","link":"https:\/\/boma-usa.org\/es\/producto\/free-ebook-achieving-pregnancy\/","title":{"rendered":"Ebook gratuito: Lograr el embarazo"},"content":{"rendered":"<p>A veces, quedarse embarazada no sucede tan r\u00e1pido como nos gustar\u00eda. Si llevas tiempo intentando tener un hijo, puede que pienses que ha llegado el momento de recurrir a la tecnolog\u00eda de reproducci\u00f3n asistida, como la FIV. Pero antes quiz\u00e1 quieras plantearte una alternativa natural: un m\u00e9todo eficaz, no invasivo, asequible, sin dispositivos, sin f\u00e1rmacos y f\u00e1cil de usar. D\u00e9 un empuj\u00f3n a su embarazo con los expertos en fertilidad natural. 50 a\u00f1os de tratamientos de fertilidad m\u00e9dicamente probados con resultados \u00f3ptimos. \u00bfLe parece bien? Siga leyendo...<\/p>","protected":false},"excerpt":{"rendered":"<p>A veces, quedarse embarazada no sucede tan r\u00e1pido como nos gustar\u00eda. Si llevas tiempo intentando tener un hijo, puede que pienses que ha llegado el momento de recurrir a la reproducci\u00f3n asistida, como la FIV. Pero antes quiz\u00e1 quieras plantearte una alternativa natural, un m\u00e9todo eficaz, no invasivo, [...].<\/p>","protected":false},"featured_media":22442,"template":"","meta":{"_acf_changed":false},"product_brand":[],"product_cat":[208,69],"product_tag":[],"class_list":{"0":"post-22440","1":"product","2":"type-product","3":"status-publish","4":"has-post-thumbnail","6":"product_cat-optimizing-fertility","7":"product_cat-resources-for-nfp-users","9":"first","10":"instock","11":"downloadable","12":"virtual","13":"purchasable","14":"product-type-simple"},"acf":[],"_links":{"self":[{"href":"https:\/\/boma-usa.org\/es\/wp-json\/wp\/v2\/product\/22440","targetHints":{"allow":["GET"]}}],"collection":[{"href":"https:\/\/boma-usa.org\/es\/wp-json\/wp\/v2\/product"}],"about":[{"href":"https:\/\/boma-usa.org\/es\/wp-json\/wp\/v2\/types\/product"}],"version-history":[{"count":1,"href":"https:\/\/boma-usa.org\/es\/wp-json\/wp\/v2\/product\/22440\/revisions"}],"predecessor-version":[{"id":22443,"href":"https:\/\/boma-usa.org\/es\/wp-json\/wp\/v2\/product\/22440\/revisions\/22443"}],"wp:featuredmedia":[{"embeddable":true,"href":"https:\/\/boma-usa.org\/es\/wp-json\/wp\/v2\/media\/22442"}],"wp:attachment":[{"href":"https:\/\/boma-usa.org\/es\/wp-json\/wp\/v2\/media?parent=22440"}],"wp:term":[{"taxonomy":"product_brand","embeddable":true,"href":"https:\/\/boma-usa.org\/es\/wp-json\/wp\/v2\/product_brand?post=22440"},{"taxonomy":"product_cat","embeddable":true,"href":"https:\/\/boma-usa.org\/es\/wp-json\/wp\/v2\/product_cat?post=22440"},{"taxonomy":"product_tag","embeddable":true,"href":"https:\/\/boma-usa.org\/es\/wp-json\/wp\/v2\/product_tag?post=22440"}],"curies":[{"name":"wp","href":"https:\/\/api.w.org\/{rel}","templated":true}]}}