{"id":22309,"date":"2024-10-23T12:55:18","date_gmt":"2024-10-23T18:55:18","guid":{"rendered":"https:\/\/boma-usa.org\/?post_type=product&#038;p=22309"},"modified":"2024-10-24T21:09:15","modified_gmt":"2024-10-25T03:09:15","slug":"2022-virtual-conference-all-recording-bundle","status":"publish","type":"product","link":"https:\/\/boma-usa.org\/es\/producto\/2022-virtual-conference-all-recording-bundle\/","title":{"rendered":"*2022 Conferencia virtual - Paquete de todas las grabaciones"},"content":{"rendered":"<p>Todas las sesiones de la Conferencia Virtual de 2022, incluidas las sesiones de preguntas y respuestas.<\/p>\n<p>Incluye:<\/p>\n<ul>\n<li>Bienvenida y Estado de la Uni\u00f3n<\/li>\n<li>Lo que no nos ense\u00f1aron en la formaci\u00f3n sobre fertilidad<\/li>\n<li>Cu\u00e1ndo, d\u00f3nde y c\u00f3mo remitir a sus clientes a un reconocimiento m\u00e9dico<\/li>\n<li>Bienvenida de los Directores de WOOMB<\/li>\n<li>Un encuentro de mentes y corazones<\/li>\n<li>C\u00f3mo enfocar el seguimiento<\/li>\n<li>Programa de embajadores<\/li>\n<li>Las tecnolog\u00edas reproductivas y el don de los hijos<\/li>\n<li>ASPIRAR a nuevas alturas en el matrimonio<\/li>\n<li>Misi\u00f3n imposible<\/li>\n<li>Evaluaci\u00f3n de la infertilidad masculina: un enfoque proactivo<\/li>\n<li>C\u00f3mo influye la nutrici\u00f3n en los patrones c\u00edclicos<\/li>\n<li>Marketing: Puro y simple<\/li>\n<li>Anticoncepci\u00f3n hormonal y efectos secundarios<\/li>\n<li>Compartir la belleza de la PFN con los evang\u00e9licos provida<\/li>\n<li>Enfoque de Teen Star dirigido a j\u00f3venes adultos y adolescentes<\/li>\n<\/ul>\n<p>&nbsp;<\/p>","protected":false},"excerpt":{"rendered":"<p>Todas las sesiones de la Conferencia Virtual de 2022, incluidas las sesiones de preguntas y respuestas. Incluye: Bienvenida y Estado de la Uni\u00f3n Lo que no nos ense\u00f1aron en la formaci\u00f3n sobre Fertilidad Cu\u00e1ndo, D\u00f3nde y C\u00f3mo Derivar a tus Clientes para un Estudio M\u00e9dico Bienvenida de los Directores de WOOMB Un encuentro de Mentes y Corazones C\u00f3mo abordar [...]<\/p>","protected":false},"featured_media":20358,"template":"","meta":{"_acf_changed":false},"product_brand":[],"product_cat":[202,206],"product_tag":[],"class_list":{"0":"post-22309","1":"product","2":"type-product","3":"status-publish","4":"has-post-thumbnail","6":"product_cat-bundles","7":"product_cat-virtual-conference-recordings","9":"first","10":"instock","11":"sale","12":"virtual","13":"sold-individually","14":"purchasable","15":"product-type-course"},"acf":[],"_links":{"self":[{"href":"https:\/\/boma-usa.org\/es\/wp-json\/wp\/v2\/product\/22309","targetHints":{"allow":["GET"]}}],"collection":[{"href":"https:\/\/boma-usa.org\/es\/wp-json\/wp\/v2\/product"}],"about":[{"href":"https:\/\/boma-usa.org\/es\/wp-json\/wp\/v2\/types\/product"}],"version-history":[{"count":4,"href":"https:\/\/boma-usa.org\/es\/wp-json\/wp\/v2\/product\/22309\/revisions"}],"predecessor-version":[{"id":22329,"href":"https:\/\/boma-usa.org\/es\/wp-json\/wp\/v2\/product\/22309\/revisions\/22329"}],"wp:featuredmedia":[{"embeddable":true,"href":"https:\/\/boma-usa.org\/es\/wp-json\/wp\/v2\/media\/20358"}],"wp:attachment":[{"href":"https:\/\/boma-usa.org\/es\/wp-json\/wp\/v2\/media?parent=22309"}],"wp:term":[{"taxonomy":"product_brand","embeddable":true,"href":"https:\/\/boma-usa.org\/es\/wp-json\/wp\/v2\/product_brand?post=22309"},{"taxonomy":"product_cat","embeddable":true,"href":"https:\/\/boma-usa.org\/es\/wp-json\/wp\/v2\/product_cat?post=22309"},{"taxonomy":"product_tag","embeddable":true,"href":"https:\/\/boma-usa.org\/es\/wp-json\/wp\/v2\/product_tag?post=22309"}],"curies":[{"name":"wp","href":"https:\/\/api.w.org\/{rel}","templated":true}]}}