{"id":22244,"date":"2024-10-22T18:33:13","date_gmt":"2024-10-23T00:33:13","guid":{"rendered":"https:\/\/boma-usa.org\/?post_type=product&#038;p=22244"},"modified":"2024-10-22T19:09:39","modified_gmt":"2024-10-23T01:09:39","slug":"2024-virtual-conference-all-recording-bundle","status":"publish","type":"product","link":"https:\/\/boma-usa.org\/es\/producto\/2024-virtual-conference-all-recording-bundle\/","title":{"rendered":"*2024 Conferencia virtual - Paquete de todas las grabaciones"},"content":{"rendered":"<p>Todas las sesiones de la Conferencia Virtual 2024, incluidas las sesiones de preguntas y respuestas.<\/p>\n<p>Incluye:<\/p>\n<p>5.00 - Bienvenida e introducci\u00f3n<br \/>\n5.01 - Descubrir el verdadero amor<br \/>\n5.02 - Ciclismo saludable durante la preadolescencia y la adolescencia<br \/>\n5.03 - Menstrual Fit: Asociar hormonas y ejercicio<br \/>\n5.04 - FIV y MRR: \u00bfcu\u00e1l es la diferencia?<br \/>\n5.05 - Ventajas de los gr\u00e1ficos durante el embarazo<br \/>\n5.06 - Impactos sociales y medioambientales de la p\u00edldora<br \/>\n5.07 - AWARE - C\u00f3mo la PFN puede transformar los PRC<br \/>\n5.08 - El m\u00e9todo de ovulaci\u00f3n Billins en la transici\u00f3n a la menopausia<br \/>\n5.09 - Evaluaci\u00f3n cient\u00edfica de la vasectom\u00eda y la reversi\u00f3n de la vasectom\u00eda<\/p>\n<p>&nbsp;<\/p>","protected":false},"excerpt":{"rendered":"<p>Todas las sesiones de la Conferencia Virtual 2024, incluidas las sesiones de preguntas y respuestas. Incluye: 5.00 - Bienvenida e Introducci\u00f3n 5.01 - Descubriendo el Amor Verdadero 5.02 - Ciclismo Saludable durante la Preadolescencia y la Adolescencia 5.03 - Ajuste Menstrual: Asociar hormonas y ejercicio 5.04 - FIV y MRR - \u00bfCu\u00e1l es la diferencia? 5.05 - Beneficios [...]<\/p>","protected":false},"featured_media":22205,"template":"","meta":{"_acf_changed":false},"product_brand":[],"product_cat":[202,206],"product_tag":[],"class_list":{"0":"post-22244","1":"product","2":"type-product","3":"status-publish","4":"has-post-thumbnail","6":"product_cat-bundles","7":"product_cat-virtual-conference-recordings","9":"first","10":"instock","11":"sale","12":"virtual","13":"sold-individually","14":"purchasable","15":"product-type-course"},"acf":[],"_links":{"self":[{"href":"https:\/\/boma-usa.org\/es\/wp-json\/wp\/v2\/product\/22244","targetHints":{"allow":["GET"]}}],"collection":[{"href":"https:\/\/boma-usa.org\/es\/wp-json\/wp\/v2\/product"}],"about":[{"href":"https:\/\/boma-usa.org\/es\/wp-json\/wp\/v2\/types\/product"}],"version-history":[{"count":1,"href":"https:\/\/boma-usa.org\/es\/wp-json\/wp\/v2\/product\/22244\/revisions"}],"predecessor-version":[{"id":22245,"href":"https:\/\/boma-usa.org\/es\/wp-json\/wp\/v2\/product\/22244\/revisions\/22245"}],"wp:featuredmedia":[{"embeddable":true,"href":"https:\/\/boma-usa.org\/es\/wp-json\/wp\/v2\/media\/22205"}],"wp:attachment":[{"href":"https:\/\/boma-usa.org\/es\/wp-json\/wp\/v2\/media?parent=22244"}],"wp:term":[{"taxonomy":"product_brand","embeddable":true,"href":"https:\/\/boma-usa.org\/es\/wp-json\/wp\/v2\/product_brand?post=22244"},{"taxonomy":"product_cat","embeddable":true,"href":"https:\/\/boma-usa.org\/es\/wp-json\/wp\/v2\/product_cat?post=22244"},{"taxonomy":"product_tag","embeddable":true,"href":"https:\/\/boma-usa.org\/es\/wp-json\/wp\/v2\/product_tag?post=22244"}],"curies":[{"name":"wp","href":"https:\/\/api.w.org\/{rel}","templated":true}]}}