{"id":22240,"date":"2024-10-22T18:25:35","date_gmt":"2024-10-23T00:25:35","guid":{"rendered":"https:\/\/boma-usa.org\/?post_type=product&#038;p=22240"},"modified":"2024-10-22T19:09:08","modified_gmt":"2024-10-23T01:09:08","slug":"a-scientific-evaluation-of-vasectomy-and-vasectomy-reversal","status":"publish","type":"product","link":"https:\/\/boma-usa.org\/es\/producto\/a-scientific-evaluation-of-vasectomy-and-vasectomy-reversal\/","title":{"rendered":"5.09 - Evaluaci\u00f3n cient\u00edfica de la vasectom\u00eda y la reversi\u00f3n de la vasectom\u00eda"},"content":{"rendered":"<p>La sesi\u00f3n del Dr. Craig Turczynski es una evaluaci\u00f3n cient\u00edfica de la vasectom\u00eda y la reversi\u00f3n de la vasectom\u00eda. Adem\u00e1s de la sesi\u00f3n principal, se incluyen dos sesiones extra. Se trata de testimonios de parejas que comparten sus experiencias personales con la vasectom\u00eda y el posterior proceso de reversi\u00f3n.<\/p>","protected":false},"excerpt":{"rendered":"<p>La sesi\u00f3n del Dr. Craig Turczynski es una evaluaci\u00f3n cient\u00edfica de la vasectom\u00eda y la reversi\u00f3n de la vasectom\u00eda. Adem\u00e1s de la sesi\u00f3n principal, se incluyen dos sesiones extra. Se trata de testimonios de parejas que comparten sus experiencias personales con la vasectom\u00eda y el posterior proceso de reversi\u00f3n.<\/p>","protected":false},"featured_media":22209,"template":"","meta":{"_acf_changed":false},"product_brand":[],"product_cat":[206],"product_tag":[],"class_list":{"0":"post-22240","1":"product","2":"type-product","3":"status-publish","4":"has-post-thumbnail","6":"product_cat-virtual-conference-recordings","8":"first","9":"instock","10":"virtual","11":"sold-individually","12":"purchasable","13":"product-type-course"},"acf":[],"_links":{"self":[{"href":"https:\/\/boma-usa.org\/es\/wp-json\/wp\/v2\/product\/22240","targetHints":{"allow":["GET"]}}],"collection":[{"href":"https:\/\/boma-usa.org\/es\/wp-json\/wp\/v2\/product"}],"about":[{"href":"https:\/\/boma-usa.org\/es\/wp-json\/wp\/v2\/types\/product"}],"version-history":[{"count":4,"href":"https:\/\/boma-usa.org\/es\/wp-json\/wp\/v2\/product\/22240\/revisions"}],"predecessor-version":[{"id":22256,"href":"https:\/\/boma-usa.org\/es\/wp-json\/wp\/v2\/product\/22240\/revisions\/22256"}],"wp:featuredmedia":[{"embeddable":true,"href":"https:\/\/boma-usa.org\/es\/wp-json\/wp\/v2\/media\/22209"}],"wp:attachment":[{"href":"https:\/\/boma-usa.org\/es\/wp-json\/wp\/v2\/media?parent=22240"}],"wp:term":[{"taxonomy":"product_brand","embeddable":true,"href":"https:\/\/boma-usa.org\/es\/wp-json\/wp\/v2\/product_brand?post=22240"},{"taxonomy":"product_cat","embeddable":true,"href":"https:\/\/boma-usa.org\/es\/wp-json\/wp\/v2\/product_cat?post=22240"},{"taxonomy":"product_tag","embeddable":true,"href":"https:\/\/boma-usa.org\/es\/wp-json\/wp\/v2\/product_tag?post=22240"}],"curies":[{"name":"wp","href":"https:\/\/api.w.org\/{rel}","templated":true}]}}