{"id":22236,"date":"2024-10-22T18:14:37","date_gmt":"2024-10-23T00:14:37","guid":{"rendered":"https:\/\/boma-usa.org\/?post_type=product&#038;p=22236"},"modified":"2024-10-22T19:10:17","modified_gmt":"2024-10-23T01:10:17","slug":"the-billings-ovulation-method-in-the-transition-to-menopause","status":"publish","type":"product","link":"https:\/\/boma-usa.org\/es\/producto\/the-billings-ovulation-method-in-the-transition-to-menopause\/","title":{"rendered":"5.08 - El m\u00e9todo de la ovulaci\u00f3n Billings en la transici\u00f3n a la menopausia"},"content":{"rendered":"<p>La grabaci\u00f3n de la sesi\u00f3n est\u00e1 en espa\u00f1ol. Sin embargo, este producto incluye tanto una versi\u00f3n \u00edntegramente en espa\u00f1ol como la misma presentaci\u00f3n con diapositivas y subt\u00edtulos en ingl\u00e9s. La secci\u00f3n de preguntas y respuestas est\u00e1 grabada en ingl\u00e9s.<\/p>","protected":false},"excerpt":{"rendered":"<p>La grabaci\u00f3n de la sesi\u00f3n est\u00e1 en espa\u00f1ol. Sin embargo, este producto incluye tanto una versi\u00f3n \u00edntegramente en espa\u00f1ol como la misma presentaci\u00f3n con diapositivas y subt\u00edtulos en ingl\u00e9s. La secci\u00f3n de preguntas y respuestas est\u00e1 grabada en ingl\u00e9s.<\/p>","protected":false},"featured_media":22211,"template":"","meta":{"_acf_changed":false},"product_brand":[],"product_cat":[206],"product_tag":[],"class_list":{"0":"post-22236","1":"product","2":"type-product","3":"status-publish","4":"has-post-thumbnail","6":"product_cat-virtual-conference-recordings","8":"first","9":"instock","10":"virtual","11":"sold-individually","12":"purchasable","13":"product-type-course"},"acf":[],"_links":{"self":[{"href":"https:\/\/boma-usa.org\/es\/wp-json\/wp\/v2\/product\/22236","targetHints":{"allow":["GET"]}}],"collection":[{"href":"https:\/\/boma-usa.org\/es\/wp-json\/wp\/v2\/product"}],"about":[{"href":"https:\/\/boma-usa.org\/es\/wp-json\/wp\/v2\/types\/product"}],"version-history":[{"count":4,"href":"https:\/\/boma-usa.org\/es\/wp-json\/wp\/v2\/product\/22236\/revisions"}],"predecessor-version":[{"id":22257,"href":"https:\/\/boma-usa.org\/es\/wp-json\/wp\/v2\/product\/22236\/revisions\/22257"}],"wp:featuredmedia":[{"embeddable":true,"href":"https:\/\/boma-usa.org\/es\/wp-json\/wp\/v2\/media\/22211"}],"wp:attachment":[{"href":"https:\/\/boma-usa.org\/es\/wp-json\/wp\/v2\/media?parent=22236"}],"wp:term":[{"taxonomy":"product_brand","embeddable":true,"href":"https:\/\/boma-usa.org\/es\/wp-json\/wp\/v2\/product_brand?post=22236"},{"taxonomy":"product_cat","embeddable":true,"href":"https:\/\/boma-usa.org\/es\/wp-json\/wp\/v2\/product_cat?post=22236"},{"taxonomy":"product_tag","embeddable":true,"href":"https:\/\/boma-usa.org\/es\/wp-json\/wp\/v2\/product_tag?post=22236"}],"curies":[{"name":"wp","href":"https:\/\/api.w.org\/{rel}","templated":true}]}}