{"id":21928,"date":"2024-07-29T09:40:28","date_gmt":"2024-07-29T15:40:28","guid":{"rendered":"https:\/\/boma-usa.org\/?post_type=product&#038;p=21928"},"modified":"2024-07-29T09:40:29","modified_gmt":"2024-07-29T15:40:29","slug":"set-of-5-packet-of-stickers-for-charting","status":"publish","type":"product","link":"https:\/\/boma-usa.org\/es\/producto\/set-of-5-packet-of-stickers-for-charting\/","title":{"rendered":"Juego de 5: Paquete de pegatinas para gr\u00e1ficos"},"content":{"rendered":"<p>Pegatinas de colores para utilizar con gr\u00e1ficos de papel. Cada paquete suele durar para 2 gr\u00e1ficos del m\u00e9todo Billings.<\/p>\n<p>Los paquetes de pegatinas para gr\u00e1ficos s\u00f3lo se venden en lotes de 5 unidades.<\/p>\n<p>$16,00 No Miembros; $12,50 para Miembros<\/p>","protected":false},"excerpt":{"rendered":"<p>Pegatinas de colores para utilizar con gr\u00e1ficos de papel. Cada paquete suele durar para 2 tablas del m\u00e9todo Billings. Los paquetes de pegatinas para gr\u00e1ficos se venden s\u00f3lo en juegos de 5 $16.00 No Miembros; $12.50 para Miembros<\/p>","protected":false},"featured_media":9626,"template":"","meta":{"_acf_changed":false},"product_brand":[],"product_cat":[68],"product_tag":[72],"class_list":{"0":"post-21928","1":"product","2":"type-product","3":"status-publish","4":"has-post-thumbnail","6":"product_cat-resources-for-nfp-practitioners-supporters","7":"product_tag-member-discount","9":"first","10":"instock","11":"shipping-taxable","12":"purchasable","13":"product-type-simple"},"acf":[],"_links":{"self":[{"href":"https:\/\/boma-usa.org\/es\/wp-json\/wp\/v2\/product\/21928","targetHints":{"allow":["GET"]}}],"collection":[{"href":"https:\/\/boma-usa.org\/es\/wp-json\/wp\/v2\/product"}],"about":[{"href":"https:\/\/boma-usa.org\/es\/wp-json\/wp\/v2\/types\/product"}],"version-history":[{"count":1,"href":"https:\/\/boma-usa.org\/es\/wp-json\/wp\/v2\/product\/21928\/revisions"}],"predecessor-version":[{"id":21929,"href":"https:\/\/boma-usa.org\/es\/wp-json\/wp\/v2\/product\/21928\/revisions\/21929"}],"wp:featuredmedia":[{"embeddable":true,"href":"https:\/\/boma-usa.org\/es\/wp-json\/wp\/v2\/media\/9626"}],"wp:attachment":[{"href":"https:\/\/boma-usa.org\/es\/wp-json\/wp\/v2\/media?parent=21928"}],"wp:term":[{"taxonomy":"product_brand","embeddable":true,"href":"https:\/\/boma-usa.org\/es\/wp-json\/wp\/v2\/product_brand?post=21928"},{"taxonomy":"product_cat","embeddable":true,"href":"https:\/\/boma-usa.org\/es\/wp-json\/wp\/v2\/product_cat?post=21928"},{"taxonomy":"product_tag","embeddable":true,"href":"https:\/\/boma-usa.org\/es\/wp-json\/wp\/v2\/product_tag?post=21928"}],"curies":[{"name":"wp","href":"https:\/\/api.w.org\/{rel}","templated":true}]}}