{"id":21897,"date":"2024-07-20T15:43:48","date_gmt":"2024-07-20T21:43:48","guid":{"rendered":"https:\/\/boma-usa.org\/?post_type=product&#038;p=21897"},"modified":"2024-07-22T17:43:46","modified_gmt":"2024-07-22T23:43:46","slug":"nfp-awareness-vinyl-sticker","status":"publish","type":"product","link":"https:\/\/boma-usa.org\/es\/producto\/nfp-awareness-vinyl-sticker\/","title":{"rendered":"Pegatina de vinilo de sensibilizaci\u00f3n sobre el PFN"},"content":{"rendered":"<p><span class=\"OYPEnA text-decoration-none text-strikethrough-none\">\u00a1Celebra la Semana de Concienciaci\u00f3n sobre PFN con BOMA! Muestra tu apoyo a BOMA-USA con una pegatina.\u00a0<\/span><\/p>\n<p><span class=\"OYPEnA text-decoration-none text-strikethrough-none\">La pegatina dice \"Just Chart It\" con el logotipo de BOMA-USA.\u00a0<\/span><\/p>\n<p><strong>Detalles:<\/strong><br \/>\n- Resistente a la intemperie y apto para lavavajillas Ideal para la botella de agua, el coche, etc.<br \/>\n- El fondo del adhesivo es blanco<br \/>\n- Tama\u00f1o: 3\u00d73\u2033.<\/p>","protected":false},"excerpt":{"rendered":"<p>\u00a1Celebra la Semana de Concienciaci\u00f3n sobre PFN con BOMA! Muestra tu apoyo a BOMA-USA con una calcoman\u00eda.  La calcoman\u00eda dice \"Just Chart It\" con el logo de BOMA-USA.  Detalles: - Resistente a la intemperie y lavable en lavavajillas. Ideal para tu botella de agua, coche, etc. - El fondo de la pegatina es blanco - El tama\u00f1o es 3\u00d73\u2033.<\/p>","protected":false},"featured_media":21898,"template":"","meta":{"_acf_changed":false},"product_brand":[],"product_cat":[70],"product_tag":[],"class_list":{"0":"post-21897","1":"product","2":"type-product","3":"status-publish","4":"has-post-thumbnail","6":"product_cat-books-and-media","7":"product_shipping_class-stickers","9":"first","10":"instock","11":"shipping-taxable","12":"purchasable","13":"product-type-simple"},"acf":[],"_links":{"self":[{"href":"https:\/\/boma-usa.org\/es\/wp-json\/wp\/v2\/product\/21897","targetHints":{"allow":["GET"]}}],"collection":[{"href":"https:\/\/boma-usa.org\/es\/wp-json\/wp\/v2\/product"}],"about":[{"href":"https:\/\/boma-usa.org\/es\/wp-json\/wp\/v2\/types\/product"}],"version-history":[{"count":4,"href":"https:\/\/boma-usa.org\/es\/wp-json\/wp\/v2\/product\/21897\/revisions"}],"predecessor-version":[{"id":21902,"href":"https:\/\/boma-usa.org\/es\/wp-json\/wp\/v2\/product\/21897\/revisions\/21902"}],"wp:featuredmedia":[{"embeddable":true,"href":"https:\/\/boma-usa.org\/es\/wp-json\/wp\/v2\/media\/21898"}],"wp:attachment":[{"href":"https:\/\/boma-usa.org\/es\/wp-json\/wp\/v2\/media?parent=21897"}],"wp:term":[{"taxonomy":"product_brand","embeddable":true,"href":"https:\/\/boma-usa.org\/es\/wp-json\/wp\/v2\/product_brand?post=21897"},{"taxonomy":"product_cat","embeddable":true,"href":"https:\/\/boma-usa.org\/es\/wp-json\/wp\/v2\/product_cat?post=21897"},{"taxonomy":"product_tag","embeddable":true,"href":"https:\/\/boma-usa.org\/es\/wp-json\/wp\/v2\/product_tag?post=21897"}],"curies":[{"name":"wp","href":"https:\/\/api.w.org\/{rel}","templated":true}]}}