{"id":21590,"date":"2024-05-14T08:50:46","date_gmt":"2024-05-14T14:50:46","guid":{"rendered":"https:\/\/boma-usa.org\/?post_type=product&#038;p=21590"},"modified":"2024-05-14T09:15:50","modified_gmt":"2024-05-14T15:15:50","slug":"making-sense-of-the-pill-brochure-1-brochure","status":"publish","type":"product","link":"https:\/\/boma-usa.org\/es\/producto\/making-sense-of-the-pill-brochure-1-brochure\/","title":{"rendered":"El sentido de la p\u00edldora - 1 folleto"},"content":{"rendered":"<p>Explorar las preguntas m\u00e1s comunes sobre la p\u00edldora anticonceptiva con un m\u00e9dico obstetra\/ginec\u00f3logo.<\/p>\n<p>1 folleto<\/p>\n<p>Disponible en ingl\u00e9s y espa\u00f1ol<\/p>","protected":false},"excerpt":{"rendered":"<p>Explorando las preguntas m\u00e1s comunes sobre la p\u00edldora anticonceptiva con un m\u00e9dico gineco-obstetra. 1 Folleto disponible en ingl\u00e9s y espa\u00f1ol<\/p>","protected":false},"featured_media":8451,"template":"","meta":{"_acf_changed":false},"product_brand":[],"product_cat":[68],"product_tag":[77],"class_list":{"0":"post-21590","1":"product","2":"type-product","3":"status-publish","4":"has-post-thumbnail","6":"product_cat-resources-for-nfp-practitioners-supporters","7":"product_tag-physical","8":"product_shipping_class-standard","10":"first","11":"instock","12":"shipping-taxable","13":"purchasable","14":"product-type-variable"},"acf":[],"_links":{"self":[{"href":"https:\/\/boma-usa.org\/es\/wp-json\/wp\/v2\/product\/21590","targetHints":{"allow":["GET"]}}],"collection":[{"href":"https:\/\/boma-usa.org\/es\/wp-json\/wp\/v2\/product"}],"about":[{"href":"https:\/\/boma-usa.org\/es\/wp-json\/wp\/v2\/types\/product"}],"version-history":[{"count":1,"href":"https:\/\/boma-usa.org\/es\/wp-json\/wp\/v2\/product\/21590\/revisions"}],"predecessor-version":[{"id":21591,"href":"https:\/\/boma-usa.org\/es\/wp-json\/wp\/v2\/product\/21590\/revisions\/21591"}],"wp:featuredmedia":[{"embeddable":true,"href":"https:\/\/boma-usa.org\/es\/wp-json\/wp\/v2\/media\/8451"}],"wp:attachment":[{"href":"https:\/\/boma-usa.org\/es\/wp-json\/wp\/v2\/media?parent=21590"}],"wp:term":[{"taxonomy":"product_brand","embeddable":true,"href":"https:\/\/boma-usa.org\/es\/wp-json\/wp\/v2\/product_brand?post=21590"},{"taxonomy":"product_cat","embeddable":true,"href":"https:\/\/boma-usa.org\/es\/wp-json\/wp\/v2\/product_cat?post=21590"},{"taxonomy":"product_tag","embeddable":true,"href":"https:\/\/boma-usa.org\/es\/wp-json\/wp\/v2\/product_tag?post=21590"}],"curies":[{"name":"wp","href":"https:\/\/api.w.org\/{rel}","templated":true}]}}