{"id":21379,"date":"2024-04-11T20:03:35","date_gmt":"2024-04-12T02:03:35","guid":{"rendered":"https:\/\/boma-usa.org\/?post_type=product&#038;p=21379"},"modified":"2024-04-11T20:18:16","modified_gmt":"2024-04-12T02:18:16","slug":"webinars-for-the-billings-ovulation-method-teacher","status":"publish","type":"product","link":"https:\/\/boma-usa.org\/es\/producto\/webinars-for-the-billings-ovulation-method-teacher\/","title":{"rendered":"*Webinarios para el Profesor del M\u00e9todo de la Ovulaci\u00f3n Billings"},"content":{"rendered":"<p>NOTA: \u00bfEs usted miembro activo de BOMA-USA?<\/p>\n<p>Las grabaciones de los seminarios s\u00f3lo cuestan $100 para los miembros est\u00e1ndar y $0 para los miembros premium.<\/p>\n<p>Incluye:<\/p>\n<p>2.01 \u00bfAfecta la etapa de la vida de la mujer a nuestra interpretaci\u00f3n del registro cartogr\u00e1fico?<br \/>\n2.02 Las palabras importan<br \/>\n2.03 Seguimientos fant\u00e1sticos<br \/>\n2.04 El factor masculino<br \/>\n2.05 Cu\u00e1ndo, d\u00f3nde y c\u00f3mo remitir a sus clientes a un reconocimiento m\u00e9dico<br \/>\n2.06 Aplicaciones de gr\u00e1ficos personales<br \/>\n2.07 C\u00f3mo se ense\u00f1a el M\u00e9todo de la Ovulaci\u00f3n Billings<br \/>\n2.08 \"Bienvenida y presentaciones\" por WOOMB Internacional<br \/>\n2.09 Presentaci\u00f3n del panel \"Marketing: Puro y simple\"<br \/>\n2.10 La base teol\u00f3gica de la planificaci\u00f3n familiar natural<br \/>\n2.11 ASPIRAR a nuevas alturas dentro del Matrimonio<br \/>\n2.12 Debate con Theresa Notare<\/p>","protected":false},"excerpt":{"rendered":"<p>NOTA: \u00bfEs usted miembro activo de BOMA-USA? Las grabaciones de estos webinars cuestan solo $100 para Miembros Standard, y Gratis ($0) para Miembros Premium Incluye: 2.01 \u00bfAfecta la Etapa de Vida de la Mujer nuestra Interpretaci\u00f3n del Registro Gr\u00e1fico? 2.02 Las Palabras Importan 2.03 Seguimientos Fant\u00e1sticos 2.04 El Factor Masculino 2.05 Cu\u00e1ndo, D\u00f3nde y C\u00f3mo Referir a tus Clientes [...]<\/p>","protected":false},"featured_media":21284,"template":"","meta":{"_acf_changed":false},"product_brand":[],"product_cat":[202,194],"product_tag":[],"class_list":{"0":"post-21379","1":"product","2":"type-product","3":"status-publish","4":"has-post-thumbnail","6":"product_cat-bundles","7":"product_cat-webinars-for-the-billings-ovulation-method-teacher","9":"first","10":"instock","11":"sale","12":"virtual","13":"sold-individually","14":"purchasable","15":"product-type-course"},"acf":[],"_links":{"self":[{"href":"https:\/\/boma-usa.org\/es\/wp-json\/wp\/v2\/product\/21379","targetHints":{"allow":["GET"]}}],"collection":[{"href":"https:\/\/boma-usa.org\/es\/wp-json\/wp\/v2\/product"}],"about":[{"href":"https:\/\/boma-usa.org\/es\/wp-json\/wp\/v2\/types\/product"}],"version-history":[{"count":7,"href":"https:\/\/boma-usa.org\/es\/wp-json\/wp\/v2\/product\/21379\/revisions"}],"predecessor-version":[{"id":22401,"href":"https:\/\/boma-usa.org\/es\/wp-json\/wp\/v2\/product\/21379\/revisions\/22401"}],"wp:featuredmedia":[{"embeddable":true,"href":"https:\/\/boma-usa.org\/es\/wp-json\/wp\/v2\/media\/21284"}],"wp:attachment":[{"href":"https:\/\/boma-usa.org\/es\/wp-json\/wp\/v2\/media?parent=21379"}],"wp:term":[{"taxonomy":"product_brand","embeddable":true,"href":"https:\/\/boma-usa.org\/es\/wp-json\/wp\/v2\/product_brand?post=21379"},{"taxonomy":"product_cat","embeddable":true,"href":"https:\/\/boma-usa.org\/es\/wp-json\/wp\/v2\/product_cat?post=21379"},{"taxonomy":"product_tag","embeddable":true,"href":"https:\/\/boma-usa.org\/es\/wp-json\/wp\/v2\/product_tag?post=21379"}],"curies":[{"name":"wp","href":"https:\/\/api.w.org\/{rel}","templated":true}]}}