{"id":21376,"date":"2024-04-11T20:00:34","date_gmt":"2024-04-12T02:00:34","guid":{"rendered":"https:\/\/boma-usa.org\/?post_type=product&#038;p=21376"},"modified":"2024-04-11T20:00:34","modified_gmt":"2024-04-12T02:00:34","slug":"charting-bundle","status":"publish","type":"product","link":"https:\/\/boma-usa.org\/es\/producto\/charting-bundle\/","title":{"rendered":"*Paquete de gr\u00e1ficos"},"content":{"rendered":"<p>Tres cursos por $50 (un ahorro de 33% sobre la compra de estos cursos individualmente)<\/p>\n<p>Incluye:<\/p>\n<p>2.01 \u00bfAfecta la etapa de la vida de la mujer a nuestra interpretaci\u00f3n del registro cartogr\u00e1fico?<br \/>\n2.02 Las palabras importan<br \/>\n2.03 Seguimientos fant\u00e1sticos<\/p>","protected":false},"excerpt":{"rendered":"<p>Tres cursos por $50 (un ahorro de 33% sobre la compra de estos cursos individualmente) Incluye: 2.01 \u00bfAfecta la etapa vital de la mujer a nuestra interpretaci\u00f3n del registro gr\u00e1fico? 2.02 Las palabras importan 2.03 Seguimientos fant\u00e1sticos<\/p>","protected":false},"featured_media":21286,"template":"","meta":{"_acf_changed":false},"product_brand":[],"product_cat":[202,195,194],"product_tag":[],"class_list":{"0":"post-21376","1":"product","2":"type-product","3":"status-publish","4":"has-post-thumbnail","6":"product_cat-bundles","7":"product_cat-charting-bundle","8":"product_cat-webinars-for-the-billings-ovulation-method-teacher","10":"first","11":"instock","12":"sale","13":"virtual","14":"sold-individually","15":"purchasable","16":"product-type-course"},"acf":[],"_links":{"self":[{"href":"https:\/\/boma-usa.org\/es\/wp-json\/wp\/v2\/product\/21376","targetHints":{"allow":["GET"]}}],"collection":[{"href":"https:\/\/boma-usa.org\/es\/wp-json\/wp\/v2\/product"}],"about":[{"href":"https:\/\/boma-usa.org\/es\/wp-json\/wp\/v2\/types\/product"}],"version-history":[{"count":2,"href":"https:\/\/boma-usa.org\/es\/wp-json\/wp\/v2\/product\/21376\/revisions"}],"predecessor-version":[{"id":21378,"href":"https:\/\/boma-usa.org\/es\/wp-json\/wp\/v2\/product\/21376\/revisions\/21378"}],"wp:featuredmedia":[{"embeddable":true,"href":"https:\/\/boma-usa.org\/es\/wp-json\/wp\/v2\/media\/21286"}],"wp:attachment":[{"href":"https:\/\/boma-usa.org\/es\/wp-json\/wp\/v2\/media?parent=21376"}],"wp:term":[{"taxonomy":"product_brand","embeddable":true,"href":"https:\/\/boma-usa.org\/es\/wp-json\/wp\/v2\/product_brand?post=21376"},{"taxonomy":"product_cat","embeddable":true,"href":"https:\/\/boma-usa.org\/es\/wp-json\/wp\/v2\/product_cat?post=21376"},{"taxonomy":"product_tag","embeddable":true,"href":"https:\/\/boma-usa.org\/es\/wp-json\/wp\/v2\/product_tag?post=21376"}],"curies":[{"name":"wp","href":"https:\/\/api.w.org\/{rel}","templated":true}]}}