{"id":20938,"date":"2024-04-02T09:53:56","date_gmt":"2024-04-02T15:53:56","guid":{"rendered":"https:\/\/boma-usa.org\/?post_type=product&#038;p=20938"},"modified":"2024-04-08T14:54:02","modified_gmt":"2024-04-08T20:54:02","slug":"preventing-pregnancy-free-ebook","status":"publish","type":"product","link":"https:\/\/boma-usa.org\/es\/producto\/preventing-pregnancy-free-ebook\/","title":{"rendered":"Prevenir el embarazo eBook gratuito"},"content":{"rendered":"<p>\u00bfY si te dijera que hay una forma de prevenir el embarazo que es tan eficaz como la p\u00edldora anticonceptiva oral, y m\u00e1s eficaz que los DIU, los preservativos y los diafragmas?<\/p>\n<p>\u00bfY si le dijera que este m\u00e9todo no es invasivo, es f\u00e1cil de usar, econ\u00f3mico y no requiere dispositivos ni f\u00e1rmacos?<\/p>\n<p>\u00bfY si dijera que este m\u00e9todo ha sido objeto de m\u00e1s investigaciones cient\u00edficas que cualquier otro m\u00e9todo de regulaci\u00f3n de la fertilidad?<\/p>\n<p>Suena bien, \u00bfverdad?<\/p>\n<p>Descarga gratis este eBook de 18 p\u00e1ginas sobre prevenci\u00f3n del embarazo.<\/p>","protected":false},"excerpt":{"rendered":"<p>\u00bfY si te dijera que existe una forma de prevenir el embarazo tan eficaz como la p\u00edldora anticonceptiva oral y m\u00e1s que los DIU, los preservativos y los diafragmas? \u00bfY si te dijera que este m\u00e9todo no es invasivo, es f\u00e1cil de usar, es econ\u00f3mico y no contiene dispositivos ni f\u00e1rmacos? \u00bfY si le dijera que [...]<\/p>","protected":false},"featured_media":8805,"template":"","meta":{"_acf_changed":false},"product_brand":[],"product_cat":[70,68,69],"product_tag":[],"class_list":{"0":"post-20938","1":"product","2":"type-product","3":"status-publish","4":"has-post-thumbnail","6":"product_cat-books-and-media","7":"product_cat-resources-for-nfp-practitioners-supporters","8":"product_cat-resources-for-nfp-users","10":"first","11":"instock","12":"downloadable","13":"virtual","14":"purchasable","15":"product-type-simple"},"acf":[],"_links":{"self":[{"href":"https:\/\/boma-usa.org\/es\/wp-json\/wp\/v2\/product\/20938","targetHints":{"allow":["GET"]}}],"collection":[{"href":"https:\/\/boma-usa.org\/es\/wp-json\/wp\/v2\/product"}],"about":[{"href":"https:\/\/boma-usa.org\/es\/wp-json\/wp\/v2\/types\/product"}],"version-history":[{"count":2,"href":"https:\/\/boma-usa.org\/es\/wp-json\/wp\/v2\/product\/20938\/revisions"}],"predecessor-version":[{"id":21295,"href":"https:\/\/boma-usa.org\/es\/wp-json\/wp\/v2\/product\/20938\/revisions\/21295"}],"wp:featuredmedia":[{"embeddable":true,"href":"https:\/\/boma-usa.org\/es\/wp-json\/wp\/v2\/media\/8805"}],"wp:attachment":[{"href":"https:\/\/boma-usa.org\/es\/wp-json\/wp\/v2\/media?parent=20938"}],"wp:term":[{"taxonomy":"product_brand","embeddable":true,"href":"https:\/\/boma-usa.org\/es\/wp-json\/wp\/v2\/product_brand?post=20938"},{"taxonomy":"product_cat","embeddable":true,"href":"https:\/\/boma-usa.org\/es\/wp-json\/wp\/v2\/product_cat?post=20938"},{"taxonomy":"product_tag","embeddable":true,"href":"https:\/\/boma-usa.org\/es\/wp-json\/wp\/v2\/product_tag?post=20938"}],"curies":[{"name":"wp","href":"https:\/\/api.w.org\/{rel}","templated":true}]}}