{"id":20891,"date":"2024-04-01T16:09:48","date_gmt":"2024-04-01T22:09:48","guid":{"rendered":"https:\/\/boma-usa.org\/product\/3-13-an-update-on-the-reversal-of-mifepristone-medical-abortions\/"},"modified":"2024-05-15T12:28:00","modified_gmt":"2024-05-15T18:28:00","slug":"an-update-on-the-reversal-of-mifepristone-medical-abortions","status":"publish","type":"product","link":"https:\/\/boma-usa.org\/es\/producto\/an-update-on-the-reversal-of-mifepristone-medical-abortions\/","title":{"rendered":"3.13 Actualizaci\u00f3n sobre la reversi\u00f3n de los abortos m\u00e9dicos con mifepristona"},"content":{"rendered":"<p>George Delgado, M.D., es una de las principales autoridades en el uso de la reversi\u00f3n de la p\u00edldora abortiva para las mujeres que desean una segunda oportunidad de elecci\u00f3n. Es presidente y fundador del Instituto Steno, dedicado a aumentar la concienciaci\u00f3n, la educaci\u00f3n y la investigaci\u00f3n en torno a la reversi\u00f3n de la p\u00edldora abortiva (IPA). Fund\u00f3 la red Abortion Pill Reversal, en 2012. Desde 2008, m\u00e1s de 3000 mujeres han dado a luz a beb\u00e9s sanos, gracias a los protocolos de IPA que ayud\u00f3 a desarrollar.<\/p>","protected":false},"excerpt":{"rendered":"<p>El tiempo total es de 32,32 minutos.<\/p>","protected":false},"featured_media":18157,"template":"","meta":{"_acf_changed":false},"product_brand":[],"product_cat":[197],"product_tag":[],"class_list":{"0":"post-20891","1":"product","2":"type-product","3":"status-publish","4":"has-post-thumbnail","6":"product_cat-health-professional-series","8":"first","9":"instock","10":"virtual","11":"sold-individually","12":"purchasable","13":"product-type-course"},"acf":[],"_links":{"self":[{"href":"https:\/\/boma-usa.org\/es\/wp-json\/wp\/v2\/product\/20891","targetHints":{"allow":["GET"]}}],"collection":[{"href":"https:\/\/boma-usa.org\/es\/wp-json\/wp\/v2\/product"}],"about":[{"href":"https:\/\/boma-usa.org\/es\/wp-json\/wp\/v2\/types\/product"}],"version-history":[{"count":3,"href":"https:\/\/boma-usa.org\/es\/wp-json\/wp\/v2\/product\/20891\/revisions"}],"predecessor-version":[{"id":21673,"href":"https:\/\/boma-usa.org\/es\/wp-json\/wp\/v2\/product\/20891\/revisions\/21673"}],"wp:featuredmedia":[{"embeddable":true,"href":"https:\/\/boma-usa.org\/es\/wp-json\/wp\/v2\/media\/18157"}],"wp:attachment":[{"href":"https:\/\/boma-usa.org\/es\/wp-json\/wp\/v2\/media?parent=20891"}],"wp:term":[{"taxonomy":"product_brand","embeddable":true,"href":"https:\/\/boma-usa.org\/es\/wp-json\/wp\/v2\/product_brand?post=20891"},{"taxonomy":"product_cat","embeddable":true,"href":"https:\/\/boma-usa.org\/es\/wp-json\/wp\/v2\/product_cat?post=20891"},{"taxonomy":"product_tag","embeddable":true,"href":"https:\/\/boma-usa.org\/es\/wp-json\/wp\/v2\/product_tag?post=20891"}],"curies":[{"name":"wp","href":"https:\/\/api.w.org\/{rel}","templated":true}]}}