{"id":20890,"date":"2024-04-01T16:09:47","date_gmt":"2024-04-01T22:09:47","guid":{"rendered":"https:\/\/boma-usa.org\/product\/3-12-physicians-panel-part-4-clinical-case-studies\/"},"modified":"2024-05-15T12:23:13","modified_gmt":"2024-05-15T18:23:13","slug":"physicians-panel-part-4-clinical-case-studies","status":"publish","type":"product","link":"https:\/\/boma-usa.org\/es\/producto\/physicians-panel-part-4-clinical-case-studies\/","title":{"rendered":"3.12 Panel de m\u00e9dicos - Parte 4 - Estudios de casos cl\u00ednicos"},"content":{"rendered":"<p>La Dra. Mary Martin es ginec\u00f3loga y aprendi\u00f3 el M\u00e9todo de la Ovulaci\u00f3n Billings\u00ae al principio de su carrera, tras conocer y trabajar con los fundadores del m\u00e9todo, entre ellos el profesor James Brown. La Dra. Martin comparte un complicado caso cl\u00ednico de una mujer joven que presentaba irregularidad menstrual, hirsutismo, acn\u00e9 y depresi\u00f3n.<\/p>","protected":false},"excerpt":{"rendered":"<p>El tiempo total es de 25 minutos.<\/p>","protected":false},"featured_media":18160,"template":"","meta":{"_acf_changed":false},"product_brand":[],"product_cat":[197],"product_tag":[],"class_list":{"0":"post-20890","1":"product","2":"type-product","3":"status-publish","4":"has-post-thumbnail","6":"product_cat-health-professional-series","8":"first","9":"instock","10":"virtual","11":"sold-individually","12":"purchasable","13":"product-type-course"},"acf":[],"_links":{"self":[{"href":"https:\/\/boma-usa.org\/es\/wp-json\/wp\/v2\/product\/20890","targetHints":{"allow":["GET"]}}],"collection":[{"href":"https:\/\/boma-usa.org\/es\/wp-json\/wp\/v2\/product"}],"about":[{"href":"https:\/\/boma-usa.org\/es\/wp-json\/wp\/v2\/types\/product"}],"version-history":[{"count":3,"href":"https:\/\/boma-usa.org\/es\/wp-json\/wp\/v2\/product\/20890\/revisions"}],"predecessor-version":[{"id":21671,"href":"https:\/\/boma-usa.org\/es\/wp-json\/wp\/v2\/product\/20890\/revisions\/21671"}],"wp:featuredmedia":[{"embeddable":true,"href":"https:\/\/boma-usa.org\/es\/wp-json\/wp\/v2\/media\/18160"}],"wp:attachment":[{"href":"https:\/\/boma-usa.org\/es\/wp-json\/wp\/v2\/media?parent=20890"}],"wp:term":[{"taxonomy":"product_brand","embeddable":true,"href":"https:\/\/boma-usa.org\/es\/wp-json\/wp\/v2\/product_brand?post=20890"},{"taxonomy":"product_cat","embeddable":true,"href":"https:\/\/boma-usa.org\/es\/wp-json\/wp\/v2\/product_cat?post=20890"},{"taxonomy":"product_tag","embeddable":true,"href":"https:\/\/boma-usa.org\/es\/wp-json\/wp\/v2\/product_tag?post=20890"}],"curies":[{"name":"wp","href":"https:\/\/api.w.org\/{rel}","templated":true}]}}