{"id":20889,"date":"2024-04-01T16:09:47","date_gmt":"2024-04-01T22:09:47","guid":{"rendered":"https:\/\/boma-usa.org\/product\/3-11-physicians-panel-part-3-clinical-case-studies\/"},"modified":"2024-05-15T12:14:00","modified_gmt":"2024-05-15T18:14:00","slug":"physicians-panel-part-3-clinical-case-studies","status":"publish","type":"product","link":"https:\/\/boma-usa.org\/es\/producto\/physicians-panel-part-3-clinical-case-studies\/","title":{"rendered":"3.11 Panel de m\u00e9dicos - Parte 3 - Estudios de casos cl\u00ednicos"},"content":{"rendered":"<p>Se trata de un debate muy valioso con la revisi\u00f3n de un caso por parte de la Dra. Danielle Koestner. La Dra. Koestner comenz\u00f3 su pr\u00e1ctica utilizando m\u00e9todos convencionales en un programa de salud financiado por el gobierno federal, prescribiendo anticonceptivos para ayudar a evitar el embarazo. En casa, hab\u00eda aprendido y puesto en pr\u00e1ctica los FABM, incluido el M\u00e9todo de la Ovulaci\u00f3n Billings\u00ae, para controlar su propia fertilidad. Despus de ver los resultados de la anticoncepcin en su prctica y conocer el mejor mtodo que usaba para s misma, la Dra Koestner convirti su prctica a la PNF nicamente.<\/p>","protected":false},"excerpt":{"rendered":"<p>Tiempo total poco m\u00e1s de 18 minutos.<\/p>","protected":false},"featured_media":18156,"template":"","meta":{"_acf_changed":false},"product_brand":[],"product_cat":[197],"product_tag":[],"class_list":{"0":"post-20889","1":"product","2":"type-product","3":"status-publish","4":"has-post-thumbnail","6":"product_cat-health-professional-series","8":"first","9":"instock","10":"virtual","11":"sold-individually","12":"purchasable","13":"product-type-course"},"acf":[],"_links":{"self":[{"href":"https:\/\/boma-usa.org\/es\/wp-json\/wp\/v2\/product\/20889","targetHints":{"allow":["GET"]}}],"collection":[{"href":"https:\/\/boma-usa.org\/es\/wp-json\/wp\/v2\/product"}],"about":[{"href":"https:\/\/boma-usa.org\/es\/wp-json\/wp\/v2\/types\/product"}],"version-history":[{"count":3,"href":"https:\/\/boma-usa.org\/es\/wp-json\/wp\/v2\/product\/20889\/revisions"}],"predecessor-version":[{"id":21669,"href":"https:\/\/boma-usa.org\/es\/wp-json\/wp\/v2\/product\/20889\/revisions\/21669"}],"wp:featuredmedia":[{"embeddable":true,"href":"https:\/\/boma-usa.org\/es\/wp-json\/wp\/v2\/media\/18156"}],"wp:attachment":[{"href":"https:\/\/boma-usa.org\/es\/wp-json\/wp\/v2\/media?parent=20889"}],"wp:term":[{"taxonomy":"product_brand","embeddable":true,"href":"https:\/\/boma-usa.org\/es\/wp-json\/wp\/v2\/product_brand?post=20889"},{"taxonomy":"product_cat","embeddable":true,"href":"https:\/\/boma-usa.org\/es\/wp-json\/wp\/v2\/product_cat?post=20889"},{"taxonomy":"product_tag","embeddable":true,"href":"https:\/\/boma-usa.org\/es\/wp-json\/wp\/v2\/product_tag?post=20889"}],"curies":[{"name":"wp","href":"https:\/\/api.w.org\/{rel}","templated":true}]}}