{"id":20886,"date":"2024-04-01T16:09:46","date_gmt":"2024-04-01T22:09:46","guid":{"rendered":"https:\/\/boma-usa.org\/product\/3-08-male-infertility-workup-a-proactive-approach\/"},"modified":"2024-05-14T16:07:59","modified_gmt":"2024-05-14T22:07:59","slug":"male-infertility-workup-a-proactive-approach","status":"publish","type":"product","link":"https:\/\/boma-usa.org\/es\/producto\/male-infertility-workup-a-proactive-approach\/","title":{"rendered":"3.08 Evaluaci\u00f3n de la infertilidad masculina: un enfoque proactivo"},"content":{"rendered":"<p>Desvele los misterios de la infertilidad masculina con nuestro completo curso, 'Evaluaci\u00f3n de la infertilidad masculina: Un enfoque proactivo\". Escuche al Dr. Martin Owen, profundice en los entresijos de la evaluaci\u00f3n y el diagn\u00f3stico de la infertilidad masculina a trav\u00e9s de una perspectiva proactiva, equip\u00e1ndose con las \u00faltimas t\u00e9cnicas y herramientas esenciales para una evaluaci\u00f3n y gesti\u00f3n eficaces. Desde la comprensi\u00f3n de los factores fisiol\u00f3gicos que contribuyen a la infertilidad hasta la navegaci\u00f3n por los entresijos de las pruebas diagn\u00f3sticas y las opciones de tratamiento, este curso ofrece valiosos conocimientos para los profesionales sanitarios interesados en mejorar su experiencia en este campo cr\u00edtico.<\/p>","protected":false},"excerpt":{"rendered":"<p>El tiempo total es de poco m\u00e1s de 20 minutos.<\/p>","protected":false},"featured_media":20158,"template":"","meta":{"_acf_changed":false},"product_brand":[],"product_cat":[197,196],"product_tag":[],"class_list":{"0":"post-20886","1":"product","2":"type-product","3":"status-publish","4":"has-post-thumbnail","6":"product_cat-health-professional-series","7":"product_cat-male-fertility-bundle","9":"first","10":"instock","11":"virtual","12":"sold-individually","13":"purchasable","14":"product-type-course"},"acf":[],"_links":{"self":[{"href":"https:\/\/boma-usa.org\/es\/wp-json\/wp\/v2\/product\/20886","targetHints":{"allow":["GET"]}}],"collection":[{"href":"https:\/\/boma-usa.org\/es\/wp-json\/wp\/v2\/product"}],"about":[{"href":"https:\/\/boma-usa.org\/es\/wp-json\/wp\/v2\/types\/product"}],"version-history":[{"count":3,"href":"https:\/\/boma-usa.org\/es\/wp-json\/wp\/v2\/product\/20886\/revisions"}],"predecessor-version":[{"id":21664,"href":"https:\/\/boma-usa.org\/es\/wp-json\/wp\/v2\/product\/20886\/revisions\/21664"}],"wp:featuredmedia":[{"embeddable":true,"href":"https:\/\/boma-usa.org\/es\/wp-json\/wp\/v2\/media\/20158"}],"wp:attachment":[{"href":"https:\/\/boma-usa.org\/es\/wp-json\/wp\/v2\/media?parent=20886"}],"wp:term":[{"taxonomy":"product_brand","embeddable":true,"href":"https:\/\/boma-usa.org\/es\/wp-json\/wp\/v2\/product_brand?post=20886"},{"taxonomy":"product_cat","embeddable":true,"href":"https:\/\/boma-usa.org\/es\/wp-json\/wp\/v2\/product_cat?post=20886"},{"taxonomy":"product_tag","embeddable":true,"href":"https:\/\/boma-usa.org\/es\/wp-json\/wp\/v2\/product_tag?post=20886"}],"curies":[{"name":"wp","href":"https:\/\/api.w.org\/{rel}","templated":true}]}}