{"id":20885,"date":"2024-04-01T16:09:46","date_gmt":"2024-04-01T22:09:46","guid":{"rendered":"https:\/\/boma-usa.org\/product\/3-07-how-nutrition-impacts-cycle-patterns\/"},"modified":"2024-05-14T16:02:47","modified_gmt":"2024-05-14T22:02:47","slug":"how-nutrition-impacts-cycle-patterns","status":"publish","type":"product","link":"https:\/\/boma-usa.org\/es\/producto\/how-nutrition-impacts-cycle-patterns\/","title":{"rendered":"3.07 C\u00f3mo influye la nutrici\u00f3n en los patrones c\u00edclicos"},"content":{"rendered":"<p>Virginia Miller es enfermera diplomada con un m\u00e1ster en nutrici\u00f3n. Ella cubre los v\u00ednculos nutricionales a diversos patrones de ciclo, y c\u00f3mo esto puede afectar a la salud reproductiva.<\/p>","protected":false},"excerpt":{"rendered":"<p>Tiempo total algo m\u00e1s de 43 minutos.<\/p>","protected":false},"featured_media":20269,"template":"","meta":{"_acf_changed":false},"product_brand":[],"product_cat":[197],"product_tag":[],"class_list":{"0":"post-20885","1":"product","2":"type-product","3":"status-publish","4":"has-post-thumbnail","6":"product_cat-health-professional-series","8":"first","9":"instock","10":"virtual","11":"sold-individually","12":"purchasable","13":"product-type-course"},"acf":[],"_links":{"self":[{"href":"https:\/\/boma-usa.org\/es\/wp-json\/wp\/v2\/product\/20885","targetHints":{"allow":["GET"]}}],"collection":[{"href":"https:\/\/boma-usa.org\/es\/wp-json\/wp\/v2\/product"}],"about":[{"href":"https:\/\/boma-usa.org\/es\/wp-json\/wp\/v2\/types\/product"}],"version-history":[{"count":3,"href":"https:\/\/boma-usa.org\/es\/wp-json\/wp\/v2\/product\/20885\/revisions"}],"predecessor-version":[{"id":21661,"href":"https:\/\/boma-usa.org\/es\/wp-json\/wp\/v2\/product\/20885\/revisions\/21661"}],"wp:featuredmedia":[{"embeddable":true,"href":"https:\/\/boma-usa.org\/es\/wp-json\/wp\/v2\/media\/20269"}],"wp:attachment":[{"href":"https:\/\/boma-usa.org\/es\/wp-json\/wp\/v2\/media?parent=20885"}],"wp:term":[{"taxonomy":"product_brand","embeddable":true,"href":"https:\/\/boma-usa.org\/es\/wp-json\/wp\/v2\/product_brand?post=20885"},{"taxonomy":"product_cat","embeddable":true,"href":"https:\/\/boma-usa.org\/es\/wp-json\/wp\/v2\/product_cat?post=20885"},{"taxonomy":"product_tag","embeddable":true,"href":"https:\/\/boma-usa.org\/es\/wp-json\/wp\/v2\/product_tag?post=20885"}],"curies":[{"name":"wp","href":"https:\/\/api.w.org\/{rel}","templated":true}]}}