{"id":20883,"date":"2024-04-01T16:09:45","date_gmt":"2024-04-01T22:09:45","guid":{"rendered":"https:\/\/boma-usa.org\/product\/3-05-menstrual-charting-during-lactation-and-peri-menopause\/"},"modified":"2024-05-14T15:46:44","modified_gmt":"2024-05-14T21:46:44","slug":"menstrual-charting-during-lactation-and-peri-menopause","status":"publish","type":"product","link":"https:\/\/boma-usa.org\/es\/producto\/menstrual-charting-during-lactation-and-peri-menopause\/","title":{"rendered":"3.05 Control menstrual durante la lactancia y la perimenopausia"},"content":{"rendered":"<p>Comprender c\u00f3mo utilizar y ense\u00f1ar correctamente el M\u00e9todo de la Ovulaci\u00f3n Billings\u00ae durante los periodos de transici\u00f3n de la lactancia y la perimenopausia es la clave del \u00e9xito de su aplicaci\u00f3n. Aprenda de Martha Winn, RN c\u00f3mo se puede utilizar el m\u00e9todo sin necesidad de monitores hormonales.<\/p>","protected":false},"excerpt":{"rendered":"<p>El tiempo total es de poco m\u00e1s de 19 minutos.<\/p>","protected":false},"featured_media":18159,"template":"","meta":{"_acf_changed":false},"product_brand":[],"product_cat":[197],"product_tag":[],"class_list":{"0":"post-20883","1":"product","2":"type-product","3":"status-publish","4":"has-post-thumbnail","6":"product_cat-health-professional-series","8":"first","9":"instock","10":"virtual","11":"sold-individually","12":"purchasable","13":"product-type-course"},"acf":[],"_links":{"self":[{"href":"https:\/\/boma-usa.org\/es\/wp-json\/wp\/v2\/product\/20883","targetHints":{"allow":["GET"]}}],"collection":[{"href":"https:\/\/boma-usa.org\/es\/wp-json\/wp\/v2\/product"}],"about":[{"href":"https:\/\/boma-usa.org\/es\/wp-json\/wp\/v2\/types\/product"}],"version-history":[{"count":3,"href":"https:\/\/boma-usa.org\/es\/wp-json\/wp\/v2\/product\/20883\/revisions"}],"predecessor-version":[{"id":21655,"href":"https:\/\/boma-usa.org\/es\/wp-json\/wp\/v2\/product\/20883\/revisions\/21655"}],"wp:featuredmedia":[{"embeddable":true,"href":"https:\/\/boma-usa.org\/es\/wp-json\/wp\/v2\/media\/18159"}],"wp:attachment":[{"href":"https:\/\/boma-usa.org\/es\/wp-json\/wp\/v2\/media?parent=20883"}],"wp:term":[{"taxonomy":"product_brand","embeddable":true,"href":"https:\/\/boma-usa.org\/es\/wp-json\/wp\/v2\/product_brand?post=20883"},{"taxonomy":"product_cat","embeddable":true,"href":"https:\/\/boma-usa.org\/es\/wp-json\/wp\/v2\/product_cat?post=20883"},{"taxonomy":"product_tag","embeddable":true,"href":"https:\/\/boma-usa.org\/es\/wp-json\/wp\/v2\/product_tag?post=20883"}],"curies":[{"name":"wp","href":"https:\/\/api.w.org\/{rel}","templated":true}]}}