{"id":20881,"date":"2024-04-01T16:09:44","date_gmt":"2024-04-01T22:09:44","guid":{"rendered":"https:\/\/boma-usa.org\/product\/3-03-correlating-the-womans-chart-with-hormonal-cervical-and-vaginal-responses\/"},"modified":"2024-05-14T14:42:46","modified_gmt":"2024-05-14T20:42:46","slug":"correlating-the-womans-chart-with-hormonal-cervical-and-vaginal-responses","status":"publish","type":"product","link":"https:\/\/boma-usa.org\/es\/producto\/correlating-the-womans-chart-with-hormonal-cervical-and-vaginal-responses\/","title":{"rendered":"3.03 Correlaci\u00f3n del gr\u00e1fico de la mujer con las respuestas hormonales, cervicales y vaginales"},"content":{"rendered":"<p>Esta presentaci\u00f3n hace hincapi\u00e9 en el valor de la relaci\u00f3n paciente\/profesor e incluye una introducci\u00f3n al uso de una \"regla de c\u00e1lculo\" para ense\u00f1ar el M\u00e9todo de la Ovulaci\u00f3n Billings\u00ae.<\/p>","protected":false},"excerpt":{"rendered":"<p>Tiempo total poco m\u00e1s de 16 minutos.<\/p>","protected":false},"featured_media":18159,"template":"","meta":{"_acf_changed":false},"product_brand":[],"product_cat":[197],"product_tag":[],"class_list":{"0":"post-20881","1":"product","2":"type-product","3":"status-publish","4":"has-post-thumbnail","6":"product_cat-health-professional-series","8":"first","9":"instock","10":"virtual","11":"sold-individually","12":"purchasable","13":"product-type-course"},"acf":[],"_links":{"self":[{"href":"https:\/\/boma-usa.org\/es\/wp-json\/wp\/v2\/product\/20881","targetHints":{"allow":["GET"]}}],"collection":[{"href":"https:\/\/boma-usa.org\/es\/wp-json\/wp\/v2\/product"}],"about":[{"href":"https:\/\/boma-usa.org\/es\/wp-json\/wp\/v2\/types\/product"}],"version-history":[{"count":3,"href":"https:\/\/boma-usa.org\/es\/wp-json\/wp\/v2\/product\/20881\/revisions"}],"predecessor-version":[{"id":21651,"href":"https:\/\/boma-usa.org\/es\/wp-json\/wp\/v2\/product\/20881\/revisions\/21651"}],"wp:featuredmedia":[{"embeddable":true,"href":"https:\/\/boma-usa.org\/es\/wp-json\/wp\/v2\/media\/18159"}],"wp:attachment":[{"href":"https:\/\/boma-usa.org\/es\/wp-json\/wp\/v2\/media?parent=20881"}],"wp:term":[{"taxonomy":"product_brand","embeddable":true,"href":"https:\/\/boma-usa.org\/es\/wp-json\/wp\/v2\/product_brand?post=20881"},{"taxonomy":"product_cat","embeddable":true,"href":"https:\/\/boma-usa.org\/es\/wp-json\/wp\/v2\/product_cat?post=20881"},{"taxonomy":"product_tag","embeddable":true,"href":"https:\/\/boma-usa.org\/es\/wp-json\/wp\/v2\/product_tag?post=20881"}],"curies":[{"name":"wp","href":"https:\/\/api.w.org\/{rel}","templated":true}]}}